{"id":524,"date":"2025-05-23T11:12:36","date_gmt":"2025-05-23T11:12:36","guid":{"rendered":"https:\/\/www.coralcheck.com\/guia-de-especies\/?page_id=524"},"modified":"2025-06-20T17:38:57","modified_gmt":"2025-06-20T17:38:57","slug":"coronatae","status":"publish","type":"page","link":"https:\/\/www.coralcheck.com\/guia-de-especies\/ordenes\/coronatae\/","title":{"rendered":"Coronatae"},"content":{"rendered":"\n<div style=\"height:100px\" aria-hidden=\"true\" class=\"wp-block-spacer\"><\/div>\n\n\n\n<div class=\"gb-element-242494f6 contenedor-montserrat\">\n<div><\/div>\n\n\n\n<div class=\"gb-element-c640f6e5\">\n<p>Orden de medusas hidrozoas caracterizadas por una campana alta, dividida en regiones superior e inferior por un surco coronal que rodea la exumbrella. El borde umbrelar es muy lobulado, con l\u00f3bulos engrosados y gelatinosos denominados pedalia, que originan tent\u00e1culos y ropalias, \u00f3rganos sensoriales t\u00edpicos. Las g\u00f3nadas est\u00e1n situadas en los cuatro tabiques gastrovasculares. Su tama\u00f1o var\u00eda de peque\u00f1o a moderado y habitan principalmente en zonas batipel\u00e1gicas, desde aguas medias hasta profundas. <\/p>\n\n\n\n<p>Algunas especies poseen zooxantelas simbi\u00f3ticas. Su fase medusa es pel\u00e1gica y activa, mientras que la fase p\u00f3lipo bent\u00f3nica es poco conocida o reducida, fij\u00e1ndose en sustratos marinos profundos. Estas medusas desempe\u00f1an un rol ecol\u00f3gico clave en ecosistemas profundos, como depredadores eficientes en la red tr\u00f3fica marina.<\/p>\n<\/div>\n\n\n\n<div><\/div>\n<\/div>\n\n\n\n<div style=\"height:250px\" aria-hidden=\"true\" class=\"wp-block-spacer\"><\/div>\n","protected":false},"excerpt":{"rendered":"<p>Orden de medusas hidrozoas caracterizadas por una campana alta, dividida en regiones superior e inferior por un surco coronal que rodea la exumbrella. El borde umbrelar es muy lobulado, con l\u00f3bulos engrosados y gelatinosos denominados pedalia, que originan tent\u00e1culos y ropalias, \u00f3rganos sensoriales t\u00edpicos. Las g\u00f3nadas est\u00e1n situadas en los cuatro tabiques gastrovasculares. Su tama\u00f1o &#8230; <a title=\"Coronatae\" class=\"read-more\" href=\"https:\/\/www.coralcheck.com\/guia-de-especies\/ordenes\/coronatae\/\" aria-label=\"Leer m\u00e1s sobre Coronatae\">Leer m\u00e1s<\/a><\/p>\n","protected":false},"author":1,"featured_media":0,"parent":157,"menu_order":0,"comment_status":"closed","ping_status":"closed","template":"","meta":{"_acf_changed":false,"_sitemap_exclude":false,"_sitemap_priority":"","_sitemap_frequency":"","footnotes":""},"class_list":["post-524","page","type-page","status-publish"],"acf":[],"yoast_head":"<!-- This site is optimized with the Yoast SEO plugin v27.4 - https:\/\/yoast.com\/product\/yoast-seo-wordpress\/ -->\n<title>Coronatae - CoralCheck<\/title>\n<meta name=\"robots\" content=\"index, follow, max-snippet:-1, max-image-preview:large, max-video-preview:-1\" \/>\n<link rel=\"canonical\" href=\"https:\/\/www.coralcheck.com\/guia-de-especies\/ordenes\/coronatae\/\" \/>\n<meta property=\"og:locale\" content=\"es_ES\" \/>\n<meta property=\"og:type\" content=\"article\" \/>\n<meta property=\"og:title\" content=\"Coronatae - CoralCheck\" \/>\n<meta property=\"og:description\" content=\"Orden de medusas hidrozoas caracterizadas por una campana alta, dividida en regiones superior e inferior por un surco coronal que rodea la exumbrella. El borde umbrelar es muy lobulado, con l\u00f3bulos engrosados y gelatinosos denominados pedalia, que originan tent\u00e1culos y ropalias, \u00f3rganos sensoriales t\u00edpicos. Las g\u00f3nadas est\u00e1n situadas en los cuatro tabiques gastrovasculares. Su tama\u00f1o ... Leer m\u00e1s\" \/>\n<meta property=\"og:url\" content=\"https:\/\/www.coralcheck.com\/guia-de-especies\/ordenes\/coronatae\/\" \/>\n<meta property=\"og:site_name\" content=\"CoralCheck\" \/>\n<meta property=\"article:modified_time\" content=\"2025-06-20T17:38:57+00:00\" \/>\n<meta name=\"twitter:card\" content=\"summary_large_image\" \/>\n<meta name=\"twitter:label1\" content=\"Tiempo de lectura\" \/>\n\t<meta name=\"twitter:data1\" content=\"1 minuto\" \/>\n<script type=\"application\/ld+json\" class=\"yoast-schema-graph\">{\"@context\":\"https:\\\/\\\/schema.org\",\"@graph\":[{\"@type\":\"WebPage\",\"@id\":\"https:\\\/\\\/www.coralcheck.com\\\/guia-de-especies\\\/ordenes\\\/coronatae\\\/\",\"url\":\"https:\\\/\\\/www.coralcheck.com\\\/guia-de-especies\\\/ordenes\\\/coronatae\\\/\",\"name\":\"Coronatae - CoralCheck\",\"isPartOf\":{\"@id\":\"https:\\\/\\\/www.coralcheck.com\\\/guia-de-especies\\\/#website\"},\"datePublished\":\"2025-05-23T11:12:36+00:00\",\"dateModified\":\"2025-06-20T17:38:57+00:00\",\"breadcrumb\":{\"@id\":\"https:\\\/\\\/www.coralcheck.com\\\/guia-de-especies\\\/ordenes\\\/coronatae\\\/#breadcrumb\"},\"inLanguage\":\"es\",\"potentialAction\":[{\"@type\":\"ReadAction\",\"target\":[\"https:\\\/\\\/www.coralcheck.com\\\/guia-de-especies\\\/ordenes\\\/coronatae\\\/\"]}]},{\"@type\":\"BreadcrumbList\",\"@id\":\"https:\\\/\\\/www.coralcheck.com\\\/guia-de-especies\\\/ordenes\\\/coronatae\\\/#breadcrumb\",\"itemListElement\":[{\"@type\":\"ListItem\",\"position\":1,\"name\":\"Portada\",\"item\":\"https:\\\/\\\/www.coralcheck.com\\\/guia-de-especies\\\/\"},{\"@type\":\"ListItem\",\"position\":2,\"name\":\"Coronatae\"}]},{\"@type\":\"WebSite\",\"@id\":\"https:\\\/\\\/www.coralcheck.com\\\/guia-de-especies\\\/#website\",\"url\":\"https:\\\/\\\/www.coralcheck.com\\\/guia-de-especies\\\/\",\"name\":\"CoralCheck\",\"description\":\"Gu\u00eda visual y offline de corales y ambientes del Atl\u00e1ntico\",\"publisher\":{\"@id\":\"https:\\\/\\\/www.coralcheck.com\\\/guia-de-especies\\\/#organization\"},\"potentialAction\":[{\"@type\":\"SearchAction\",\"target\":{\"@type\":\"EntryPoint\",\"urlTemplate\":\"https:\\\/\\\/www.coralcheck.com\\\/guia-de-especies\\\/?s={search_term_string}\"},\"query-input\":{\"@type\":\"PropertyValueSpecification\",\"valueRequired\":true,\"valueName\":\"search_term_string\"}}],\"inLanguage\":\"es\"},{\"@type\":\"Organization\",\"@id\":\"https:\\\/\\\/www.coralcheck.com\\\/guia-de-especies\\\/#organization\",\"name\":\"CoralCheck\",\"url\":\"https:\\\/\\\/www.coralcheck.com\\\/guia-de-especies\\\/\",\"logo\":{\"@type\":\"ImageObject\",\"inLanguage\":\"es\",\"@id\":\"https:\\\/\\\/www.coralcheck.com\\\/guia-de-especies\\\/#\\\/schema\\\/logo\\\/image\\\/\",\"url\":\"https:\\\/\\\/www.coralcheck.com\\\/guia-de-especies\\\/wp-content\\\/uploads\\\/2025\\\/08\\\/cropped-cropped-Header-logo-1.png\",\"contentUrl\":\"https:\\\/\\\/www.coralcheck.com\\\/guia-de-especies\\\/wp-content\\\/uploads\\\/2025\\\/08\\\/cropped-cropped-Header-logo-1.png\",\"width\":486,\"height\":150,\"caption\":\"CoralCheck\"},\"image\":{\"@id\":\"https:\\\/\\\/www.coralcheck.com\\\/guia-de-especies\\\/#\\\/schema\\\/logo\\\/image\\\/\"}}]}<\/script>\n<!-- \/ Yoast SEO plugin. -->","yoast_head_json":{"title":"Coronatae - CoralCheck","robots":{"index":"index","follow":"follow","max-snippet":"max-snippet:-1","max-image-preview":"max-image-preview:large","max-video-preview":"max-video-preview:-1"},"canonical":"https:\/\/www.coralcheck.com\/guia-de-especies\/ordenes\/coronatae\/","og_locale":"es_ES","og_type":"article","og_title":"Coronatae - CoralCheck","og_description":"Orden de medusas hidrozoas caracterizadas por una campana alta, dividida en regiones superior e inferior por un surco coronal que rodea la exumbrella. El borde umbrelar es muy lobulado, con l\u00f3bulos engrosados y gelatinosos denominados pedalia, que originan tent\u00e1culos y ropalias, \u00f3rganos sensoriales t\u00edpicos. Las g\u00f3nadas est\u00e1n situadas en los cuatro tabiques gastrovasculares. Su tama\u00f1o ... Leer m\u00e1s","og_url":"https:\/\/www.coralcheck.com\/guia-de-especies\/ordenes\/coronatae\/","og_site_name":"CoralCheck","article_modified_time":"2025-06-20T17:38:57+00:00","twitter_card":"summary_large_image","twitter_misc":{"Tiempo de lectura":"1 minuto"},"schema":{"@context":"https:\/\/schema.org","@graph":[{"@type":"WebPage","@id":"https:\/\/www.coralcheck.com\/guia-de-especies\/ordenes\/coronatae\/","url":"https:\/\/www.coralcheck.com\/guia-de-especies\/ordenes\/coronatae\/","name":"Coronatae - CoralCheck","isPartOf":{"@id":"https:\/\/www.coralcheck.com\/guia-de-especies\/#website"},"datePublished":"2025-05-23T11:12:36+00:00","dateModified":"2025-06-20T17:38:57+00:00","breadcrumb":{"@id":"https:\/\/www.coralcheck.com\/guia-de-especies\/ordenes\/coronatae\/#breadcrumb"},"inLanguage":"es","potentialAction":[{"@type":"ReadAction","target":["https:\/\/www.coralcheck.com\/guia-de-especies\/ordenes\/coronatae\/"]}]},{"@type":"BreadcrumbList","@id":"https:\/\/www.coralcheck.com\/guia-de-especies\/ordenes\/coronatae\/#breadcrumb","itemListElement":[{"@type":"ListItem","position":1,"name":"Portada","item":"https:\/\/www.coralcheck.com\/guia-de-especies\/"},{"@type":"ListItem","position":2,"name":"Coronatae"}]},{"@type":"WebSite","@id":"https:\/\/www.coralcheck.com\/guia-de-especies\/#website","url":"https:\/\/www.coralcheck.com\/guia-de-especies\/","name":"CoralCheck","description":"Gu\u00eda visual y offline de corales y ambientes del Atl\u00e1ntico","publisher":{"@id":"https:\/\/www.coralcheck.com\/guia-de-especies\/#organization"},"potentialAction":[{"@type":"SearchAction","target":{"@type":"EntryPoint","urlTemplate":"https:\/\/www.coralcheck.com\/guia-de-especies\/?s={search_term_string}"},"query-input":{"@type":"PropertyValueSpecification","valueRequired":true,"valueName":"search_term_string"}}],"inLanguage":"es"},{"@type":"Organization","@id":"https:\/\/www.coralcheck.com\/guia-de-especies\/#organization","name":"CoralCheck","url":"https:\/\/www.coralcheck.com\/guia-de-especies\/","logo":{"@type":"ImageObject","inLanguage":"es","@id":"https:\/\/www.coralcheck.com\/guia-de-especies\/#\/schema\/logo\/image\/","url":"https:\/\/www.coralcheck.com\/guia-de-especies\/wp-content\/uploads\/2025\/08\/cropped-cropped-Header-logo-1.png","contentUrl":"https:\/\/www.coralcheck.com\/guia-de-especies\/wp-content\/uploads\/2025\/08\/cropped-cropped-Header-logo-1.png","width":486,"height":150,"caption":"CoralCheck"},"image":{"@id":"https:\/\/www.coralcheck.com\/guia-de-especies\/#\/schema\/logo\/image\/"}}]}},"_links":{"self":[{"href":"https:\/\/www.coralcheck.com\/guia-de-especies\/wp-json\/wp\/v2\/pages\/524","targetHints":{"allow":["GET"]}}],"collection":[{"href":"https:\/\/www.coralcheck.com\/guia-de-especies\/wp-json\/wp\/v2\/pages"}],"about":[{"href":"https:\/\/www.coralcheck.com\/guia-de-especies\/wp-json\/wp\/v2\/types\/page"}],"author":[{"embeddable":true,"href":"https:\/\/www.coralcheck.com\/guia-de-especies\/wp-json\/wp\/v2\/users\/1"}],"replies":[{"embeddable":true,"href":"https:\/\/www.coralcheck.com\/guia-de-especies\/wp-json\/wp\/v2\/comments?post=524"}],"version-history":[{"count":9,"href":"https:\/\/www.coralcheck.com\/guia-de-especies\/wp-json\/wp\/v2\/pages\/524\/revisions"}],"predecessor-version":[{"id":2638,"href":"https:\/\/www.coralcheck.com\/guia-de-especies\/wp-json\/wp\/v2\/pages\/524\/revisions\/2638"}],"up":[{"embeddable":true,"href":"https:\/\/www.coralcheck.com\/guia-de-especies\/wp-json\/wp\/v2\/pages\/157"}],"wp:attachment":[{"href":"https:\/\/www.coralcheck.com\/guia-de-especies\/wp-json\/wp\/v2\/media?parent=524"}],"curies":[{"name":"wp","href":"https:\/\/api.w.org\/{rel}","templated":true}]}}