{"id":521,"date":"2025-05-23T11:12:27","date_gmt":"2025-05-23T11:12:27","guid":{"rendered":"https:\/\/www.coralcheck.com\/guia-de-especies\/?page_id=521"},"modified":"2025-06-20T17:48:55","modified_gmt":"2025-06-20T17:48:55","slug":"narcomedusae","status":"publish","type":"page","link":"https:\/\/www.coralcheck.com\/guia-de-especies\/narcomedusae\/","title":{"rendered":"Narcomedusae"},"content":{"rendered":"\n<div style=\"height:100px\" aria-hidden=\"true\" class=\"wp-block-spacer\"><\/div>\n\n\n\n<div class=\"gb-element-61f050c4 contenedor-montserrat\">\n<div><\/div>\n\n\n\n<div class=\"gb-element-3f30909c\">\n<p>Son un orden de hidrozoos dentro de la subclase Trachylinae que se caracterizan por carecer normalmente de estadio de p\u00f3lipo. Su fase principal es la medusa, que presenta una campana en forma de c\u00fapula con lados delgados. Los tent\u00e1culos se insertan por encima del margen lobulado de la campana, sin bulbos en sus extremos y sin canales radiales. Cada tent\u00e1culo suele estar asociado a una bolsa g\u00e1strica. Estos organismos habitan principalmente en aguas profundas y oce\u00e1nicas abiertas. <\/p>\n\n\n\n<p>Se consideran reguladores clave en el ecosistema pel\u00e1gico medio, controlando poblaciones de presas r\u00e1pidas mediante sus tent\u00e1culos extendidos perpendicularmente al movimiento. Son hermafroditas, liberando gametos en el agua para la fecundaci\u00f3n externa. Tras esta, la larva pl\u00e1nula se asienta en el fondo marino. Aunque su ciclo es predominantemente pel\u00e1gico, esta etapa bent\u00f3nica larvaria es crucial para la continuidad de la especie.<\/p>\n<\/div>\n\n\n\n<div><\/div>\n<\/div>\n\n\n\n<div style=\"height:300px\" aria-hidden=\"true\" class=\"wp-block-spacer\"><\/div>\n","protected":false},"excerpt":{"rendered":"<p>Son un orden de hidrozoos dentro de la subclase Trachylinae que se caracterizan por carecer normalmente de estadio de p\u00f3lipo. Su fase principal es la medusa, que presenta una campana en forma de c\u00fapula con lados delgados. Los tent\u00e1culos se insertan por encima del margen lobulado de la campana, sin bulbos en sus extremos y &#8230; <a title=\"Narcomedusae\" class=\"read-more\" href=\"https:\/\/www.coralcheck.com\/guia-de-especies\/narcomedusae\/\" aria-label=\"Leer m\u00e1s sobre Narcomedusae\">Leer m\u00e1s<\/a><\/p>\n","protected":false},"author":1,"featured_media":0,"parent":0,"menu_order":0,"comment_status":"closed","ping_status":"closed","template":"","meta":{"_acf_changed":false,"_sitemap_exclude":false,"_sitemap_priority":"","_sitemap_frequency":"","footnotes":""},"class_list":["post-521","page","type-page","status-publish"],"acf":[],"yoast_head":"<!-- This site is optimized with the Yoast SEO plugin v27.4 - https:\/\/yoast.com\/product\/yoast-seo-wordpress\/ -->\n<title>Narcomedusae - CoralCheck<\/title>\n<meta name=\"robots\" content=\"index, follow, max-snippet:-1, max-image-preview:large, max-video-preview:-1\" \/>\n<link rel=\"canonical\" href=\"https:\/\/www.coralcheck.com\/guia-de-especies\/narcomedusae\/\" \/>\n<meta property=\"og:locale\" content=\"es_ES\" \/>\n<meta property=\"og:type\" content=\"article\" \/>\n<meta property=\"og:title\" content=\"Narcomedusae - CoralCheck\" \/>\n<meta property=\"og:description\" content=\"Son un orden de hidrozoos dentro de la subclase Trachylinae que se caracterizan por carecer normalmente de estadio de p\u00f3lipo. Su fase principal es la medusa, que presenta una campana en forma de c\u00fapula con lados delgados. Los tent\u00e1culos se insertan por encima del margen lobulado de la campana, sin bulbos en sus extremos y ... Leer m\u00e1s\" \/>\n<meta property=\"og:url\" content=\"https:\/\/www.coralcheck.com\/guia-de-especies\/narcomedusae\/\" \/>\n<meta property=\"og:site_name\" content=\"CoralCheck\" \/>\n<meta property=\"article:modified_time\" content=\"2025-06-20T17:48:55+00:00\" \/>\n<meta name=\"twitter:card\" content=\"summary_large_image\" \/>\n<meta name=\"twitter:label1\" content=\"Tiempo de lectura\" \/>\n\t<meta name=\"twitter:data1\" content=\"1 minuto\" \/>\n<script type=\"application\/ld+json\" class=\"yoast-schema-graph\">{\"@context\":\"https:\\\/\\\/schema.org\",\"@graph\":[{\"@type\":\"WebPage\",\"@id\":\"https:\\\/\\\/www.coralcheck.com\\\/guia-de-especies\\\/narcomedusae\\\/\",\"url\":\"https:\\\/\\\/www.coralcheck.com\\\/guia-de-especies\\\/narcomedusae\\\/\",\"name\":\"Narcomedusae - CoralCheck\",\"isPartOf\":{\"@id\":\"https:\\\/\\\/www.coralcheck.com\\\/guia-de-especies\\\/#website\"},\"datePublished\":\"2025-05-23T11:12:27+00:00\",\"dateModified\":\"2025-06-20T17:48:55+00:00\",\"breadcrumb\":{\"@id\":\"https:\\\/\\\/www.coralcheck.com\\\/guia-de-especies\\\/narcomedusae\\\/#breadcrumb\"},\"inLanguage\":\"es\",\"potentialAction\":[{\"@type\":\"ReadAction\",\"target\":[\"https:\\\/\\\/www.coralcheck.com\\\/guia-de-especies\\\/narcomedusae\\\/\"]}]},{\"@type\":\"BreadcrumbList\",\"@id\":\"https:\\\/\\\/www.coralcheck.com\\\/guia-de-especies\\\/narcomedusae\\\/#breadcrumb\",\"itemListElement\":[{\"@type\":\"ListItem\",\"position\":1,\"name\":\"Portada\",\"item\":\"https:\\\/\\\/www.coralcheck.com\\\/guia-de-especies\\\/\"},{\"@type\":\"ListItem\",\"position\":2,\"name\":\"Narcomedusae\"}]},{\"@type\":\"WebSite\",\"@id\":\"https:\\\/\\\/www.coralcheck.com\\\/guia-de-especies\\\/#website\",\"url\":\"https:\\\/\\\/www.coralcheck.com\\\/guia-de-especies\\\/\",\"name\":\"CoralCheck\",\"description\":\"Gu\u00eda visual y offline de corales y ambientes del Atl\u00e1ntico\",\"publisher\":{\"@id\":\"https:\\\/\\\/www.coralcheck.com\\\/guia-de-especies\\\/#organization\"},\"potentialAction\":[{\"@type\":\"SearchAction\",\"target\":{\"@type\":\"EntryPoint\",\"urlTemplate\":\"https:\\\/\\\/www.coralcheck.com\\\/guia-de-especies\\\/?s={search_term_string}\"},\"query-input\":{\"@type\":\"PropertyValueSpecification\",\"valueRequired\":true,\"valueName\":\"search_term_string\"}}],\"inLanguage\":\"es\"},{\"@type\":\"Organization\",\"@id\":\"https:\\\/\\\/www.coralcheck.com\\\/guia-de-especies\\\/#organization\",\"name\":\"CoralCheck\",\"url\":\"https:\\\/\\\/www.coralcheck.com\\\/guia-de-especies\\\/\",\"logo\":{\"@type\":\"ImageObject\",\"inLanguage\":\"es\",\"@id\":\"https:\\\/\\\/www.coralcheck.com\\\/guia-de-especies\\\/#\\\/schema\\\/logo\\\/image\\\/\",\"url\":\"https:\\\/\\\/www.coralcheck.com\\\/guia-de-especies\\\/wp-content\\\/uploads\\\/2025\\\/08\\\/cropped-cropped-Header-logo-1.png\",\"contentUrl\":\"https:\\\/\\\/www.coralcheck.com\\\/guia-de-especies\\\/wp-content\\\/uploads\\\/2025\\\/08\\\/cropped-cropped-Header-logo-1.png\",\"width\":486,\"height\":150,\"caption\":\"CoralCheck\"},\"image\":{\"@id\":\"https:\\\/\\\/www.coralcheck.com\\\/guia-de-especies\\\/#\\\/schema\\\/logo\\\/image\\\/\"}}]}<\/script>\n<!-- \/ Yoast SEO plugin. -->","yoast_head_json":{"title":"Narcomedusae - CoralCheck","robots":{"index":"index","follow":"follow","max-snippet":"max-snippet:-1","max-image-preview":"max-image-preview:large","max-video-preview":"max-video-preview:-1"},"canonical":"https:\/\/www.coralcheck.com\/guia-de-especies\/narcomedusae\/","og_locale":"es_ES","og_type":"article","og_title":"Narcomedusae - CoralCheck","og_description":"Son un orden de hidrozoos dentro de la subclase Trachylinae que se caracterizan por carecer normalmente de estadio de p\u00f3lipo. Su fase principal es la medusa, que presenta una campana en forma de c\u00fapula con lados delgados. Los tent\u00e1culos se insertan por encima del margen lobulado de la campana, sin bulbos en sus extremos y ... Leer m\u00e1s","og_url":"https:\/\/www.coralcheck.com\/guia-de-especies\/narcomedusae\/","og_site_name":"CoralCheck","article_modified_time":"2025-06-20T17:48:55+00:00","twitter_card":"summary_large_image","twitter_misc":{"Tiempo de lectura":"1 minuto"},"schema":{"@context":"https:\/\/schema.org","@graph":[{"@type":"WebPage","@id":"https:\/\/www.coralcheck.com\/guia-de-especies\/narcomedusae\/","url":"https:\/\/www.coralcheck.com\/guia-de-especies\/narcomedusae\/","name":"Narcomedusae - CoralCheck","isPartOf":{"@id":"https:\/\/www.coralcheck.com\/guia-de-especies\/#website"},"datePublished":"2025-05-23T11:12:27+00:00","dateModified":"2025-06-20T17:48:55+00:00","breadcrumb":{"@id":"https:\/\/www.coralcheck.com\/guia-de-especies\/narcomedusae\/#breadcrumb"},"inLanguage":"es","potentialAction":[{"@type":"ReadAction","target":["https:\/\/www.coralcheck.com\/guia-de-especies\/narcomedusae\/"]}]},{"@type":"BreadcrumbList","@id":"https:\/\/www.coralcheck.com\/guia-de-especies\/narcomedusae\/#breadcrumb","itemListElement":[{"@type":"ListItem","position":1,"name":"Portada","item":"https:\/\/www.coralcheck.com\/guia-de-especies\/"},{"@type":"ListItem","position":2,"name":"Narcomedusae"}]},{"@type":"WebSite","@id":"https:\/\/www.coralcheck.com\/guia-de-especies\/#website","url":"https:\/\/www.coralcheck.com\/guia-de-especies\/","name":"CoralCheck","description":"Gu\u00eda visual y offline de corales y ambientes del Atl\u00e1ntico","publisher":{"@id":"https:\/\/www.coralcheck.com\/guia-de-especies\/#organization"},"potentialAction":[{"@type":"SearchAction","target":{"@type":"EntryPoint","urlTemplate":"https:\/\/www.coralcheck.com\/guia-de-especies\/?s={search_term_string}"},"query-input":{"@type":"PropertyValueSpecification","valueRequired":true,"valueName":"search_term_string"}}],"inLanguage":"es"},{"@type":"Organization","@id":"https:\/\/www.coralcheck.com\/guia-de-especies\/#organization","name":"CoralCheck","url":"https:\/\/www.coralcheck.com\/guia-de-especies\/","logo":{"@type":"ImageObject","inLanguage":"es","@id":"https:\/\/www.coralcheck.com\/guia-de-especies\/#\/schema\/logo\/image\/","url":"https:\/\/www.coralcheck.com\/guia-de-especies\/wp-content\/uploads\/2025\/08\/cropped-cropped-Header-logo-1.png","contentUrl":"https:\/\/www.coralcheck.com\/guia-de-especies\/wp-content\/uploads\/2025\/08\/cropped-cropped-Header-logo-1.png","width":486,"height":150,"caption":"CoralCheck"},"image":{"@id":"https:\/\/www.coralcheck.com\/guia-de-especies\/#\/schema\/logo\/image\/"}}]}},"_links":{"self":[{"href":"https:\/\/www.coralcheck.com\/guia-de-especies\/wp-json\/wp\/v2\/pages\/521","targetHints":{"allow":["GET"]}}],"collection":[{"href":"https:\/\/www.coralcheck.com\/guia-de-especies\/wp-json\/wp\/v2\/pages"}],"about":[{"href":"https:\/\/www.coralcheck.com\/guia-de-especies\/wp-json\/wp\/v2\/types\/page"}],"author":[{"embeddable":true,"href":"https:\/\/www.coralcheck.com\/guia-de-especies\/wp-json\/wp\/v2\/users\/1"}],"replies":[{"embeddable":true,"href":"https:\/\/www.coralcheck.com\/guia-de-especies\/wp-json\/wp\/v2\/comments?post=521"}],"version-history":[{"count":10,"href":"https:\/\/www.coralcheck.com\/guia-de-especies\/wp-json\/wp\/v2\/pages\/521\/revisions"}],"predecessor-version":[{"id":2645,"href":"https:\/\/www.coralcheck.com\/guia-de-especies\/wp-json\/wp\/v2\/pages\/521\/revisions\/2645"}],"wp:attachment":[{"href":"https:\/\/www.coralcheck.com\/guia-de-especies\/wp-json\/wp\/v2\/media?parent=521"}],"curies":[{"name":"wp","href":"https:\/\/api.w.org\/{rel}","templated":true}]}}