{"id":518,"date":"2025-05-23T11:12:17","date_gmt":"2025-05-23T11:12:17","guid":{"rendered":"https:\/\/www.coralcheck.com\/guia-de-especies\/?page_id=518"},"modified":"2025-06-20T17:44:40","modified_gmt":"2025-06-20T17:44:40","slug":"limnomedusae","status":"publish","type":"page","link":"https:\/\/www.coralcheck.com\/guia-de-especies\/limnomedusae\/","title":{"rendered":"Limnomedusae"},"content":{"rendered":"\n<div style=\"height:100px\" aria-hidden=\"true\" class=\"wp-block-spacer\"><\/div>\n\n\n\n<div class=\"gb-element-e97469a1 contenedor-montserrat\">\n<div><\/div>\n\n\n\n<div class=\"gb-element-9da3f5d7\">\n<p>Limnomedusae es un orden de hidrozoos del filo Cnidaria, que incluye especies principalmente marinas y algunas adaptadas a ambientes de agua dulce. Sus p\u00f3lipos son bent\u00f3nicos, s\u00e9siles, peque\u00f1os y generalmente solitarios o coloniales, con una estructura simple y tent\u00e1culos, a veces protegidos por un periderm formado por mucoprote\u00ednas. En el ciclo de vida t\u00edpico, alternan entre un estadio bent\u00f3nico de p\u00f3lipo y un estadio medusa planct\u00f3nica, aunque algunos g\u00e9neros presentan medusas fijas o reducidas. Las medusas poseen entre 4 y 6 canales radiales con g\u00f3nadas a lo largo de ellos, y presentan estatocistos como \u00f3rganos sensoriales. Su reproducci\u00f3n asexual se da mediante podocistos o formas m\u00f3viles llamadas fr\u00fastulas, y la formaci\u00f3n de medusas se realiza por gemaci\u00f3n lateral en los p\u00f3lipos.<\/p>\n<\/div>\n\n\n\n<div><\/div>\n<\/div>\n\n\n\n<div style=\"height:300px\" aria-hidden=\"true\" class=\"wp-block-spacer\"><\/div>\n","protected":false},"excerpt":{"rendered":"<p>Limnomedusae es un orden de hidrozoos del filo Cnidaria, que incluye especies principalmente marinas y algunas adaptadas a ambientes de agua dulce. Sus p\u00f3lipos son bent\u00f3nicos, s\u00e9siles, peque\u00f1os y generalmente solitarios o coloniales, con una estructura simple y tent\u00e1culos, a veces protegidos por un periderm formado por mucoprote\u00ednas. En el ciclo de vida t\u00edpico, alternan &#8230; <a title=\"Limnomedusae\" class=\"read-more\" href=\"https:\/\/www.coralcheck.com\/guia-de-especies\/limnomedusae\/\" aria-label=\"Leer m\u00e1s sobre Limnomedusae\">Leer m\u00e1s<\/a><\/p>\n","protected":false},"author":1,"featured_media":0,"parent":0,"menu_order":0,"comment_status":"closed","ping_status":"closed","template":"","meta":{"_acf_changed":false,"_sitemap_exclude":false,"_sitemap_priority":"","_sitemap_frequency":"","footnotes":""},"class_list":["post-518","page","type-page","status-publish"],"acf":[],"yoast_head":"<!-- This site is optimized with the Yoast SEO plugin v27.4 - https:\/\/yoast.com\/product\/yoast-seo-wordpress\/ -->\n<title>Limnomedusae - CoralCheck<\/title>\n<meta name=\"robots\" content=\"index, follow, max-snippet:-1, max-image-preview:large, max-video-preview:-1\" \/>\n<link rel=\"canonical\" href=\"https:\/\/www.coralcheck.com\/guia-de-especies\/limnomedusae\/\" \/>\n<meta property=\"og:locale\" content=\"es_ES\" \/>\n<meta property=\"og:type\" content=\"article\" \/>\n<meta property=\"og:title\" content=\"Limnomedusae - CoralCheck\" \/>\n<meta property=\"og:description\" content=\"Limnomedusae es un orden de hidrozoos del filo Cnidaria, que incluye especies principalmente marinas y algunas adaptadas a ambientes de agua dulce. Sus p\u00f3lipos son bent\u00f3nicos, s\u00e9siles, peque\u00f1os y generalmente solitarios o coloniales, con una estructura simple y tent\u00e1culos, a veces protegidos por un periderm formado por mucoprote\u00ednas. En el ciclo de vida t\u00edpico, alternan ... Leer m\u00e1s\" \/>\n<meta property=\"og:url\" content=\"https:\/\/www.coralcheck.com\/guia-de-especies\/limnomedusae\/\" \/>\n<meta property=\"og:site_name\" content=\"CoralCheck\" \/>\n<meta property=\"article:modified_time\" content=\"2025-06-20T17:44:40+00:00\" \/>\n<meta name=\"twitter:card\" content=\"summary_large_image\" \/>\n<meta name=\"twitter:label1\" content=\"Tiempo de lectura\" \/>\n\t<meta name=\"twitter:data1\" content=\"1 minuto\" \/>\n<script type=\"application\/ld+json\" class=\"yoast-schema-graph\">{\"@context\":\"https:\\\/\\\/schema.org\",\"@graph\":[{\"@type\":\"WebPage\",\"@id\":\"https:\\\/\\\/www.coralcheck.com\\\/guia-de-especies\\\/limnomedusae\\\/\",\"url\":\"https:\\\/\\\/www.coralcheck.com\\\/guia-de-especies\\\/limnomedusae\\\/\",\"name\":\"Limnomedusae - CoralCheck\",\"isPartOf\":{\"@id\":\"https:\\\/\\\/www.coralcheck.com\\\/guia-de-especies\\\/#website\"},\"datePublished\":\"2025-05-23T11:12:17+00:00\",\"dateModified\":\"2025-06-20T17:44:40+00:00\",\"breadcrumb\":{\"@id\":\"https:\\\/\\\/www.coralcheck.com\\\/guia-de-especies\\\/limnomedusae\\\/#breadcrumb\"},\"inLanguage\":\"es\",\"potentialAction\":[{\"@type\":\"ReadAction\",\"target\":[\"https:\\\/\\\/www.coralcheck.com\\\/guia-de-especies\\\/limnomedusae\\\/\"]}]},{\"@type\":\"BreadcrumbList\",\"@id\":\"https:\\\/\\\/www.coralcheck.com\\\/guia-de-especies\\\/limnomedusae\\\/#breadcrumb\",\"itemListElement\":[{\"@type\":\"ListItem\",\"position\":1,\"name\":\"Portada\",\"item\":\"https:\\\/\\\/www.coralcheck.com\\\/guia-de-especies\\\/\"},{\"@type\":\"ListItem\",\"position\":2,\"name\":\"Limnomedusae\"}]},{\"@type\":\"WebSite\",\"@id\":\"https:\\\/\\\/www.coralcheck.com\\\/guia-de-especies\\\/#website\",\"url\":\"https:\\\/\\\/www.coralcheck.com\\\/guia-de-especies\\\/\",\"name\":\"CoralCheck\",\"description\":\"Gu\u00eda visual y offline de corales y ambientes del Atl\u00e1ntico\",\"publisher\":{\"@id\":\"https:\\\/\\\/www.coralcheck.com\\\/guia-de-especies\\\/#organization\"},\"potentialAction\":[{\"@type\":\"SearchAction\",\"target\":{\"@type\":\"EntryPoint\",\"urlTemplate\":\"https:\\\/\\\/www.coralcheck.com\\\/guia-de-especies\\\/?s={search_term_string}\"},\"query-input\":{\"@type\":\"PropertyValueSpecification\",\"valueRequired\":true,\"valueName\":\"search_term_string\"}}],\"inLanguage\":\"es\"},{\"@type\":\"Organization\",\"@id\":\"https:\\\/\\\/www.coralcheck.com\\\/guia-de-especies\\\/#organization\",\"name\":\"CoralCheck\",\"url\":\"https:\\\/\\\/www.coralcheck.com\\\/guia-de-especies\\\/\",\"logo\":{\"@type\":\"ImageObject\",\"inLanguage\":\"es\",\"@id\":\"https:\\\/\\\/www.coralcheck.com\\\/guia-de-especies\\\/#\\\/schema\\\/logo\\\/image\\\/\",\"url\":\"https:\\\/\\\/www.coralcheck.com\\\/guia-de-especies\\\/wp-content\\\/uploads\\\/2025\\\/08\\\/cropped-cropped-Header-logo-1.png\",\"contentUrl\":\"https:\\\/\\\/www.coralcheck.com\\\/guia-de-especies\\\/wp-content\\\/uploads\\\/2025\\\/08\\\/cropped-cropped-Header-logo-1.png\",\"width\":486,\"height\":150,\"caption\":\"CoralCheck\"},\"image\":{\"@id\":\"https:\\\/\\\/www.coralcheck.com\\\/guia-de-especies\\\/#\\\/schema\\\/logo\\\/image\\\/\"}}]}<\/script>\n<!-- \/ Yoast SEO plugin. -->","yoast_head_json":{"title":"Limnomedusae - CoralCheck","robots":{"index":"index","follow":"follow","max-snippet":"max-snippet:-1","max-image-preview":"max-image-preview:large","max-video-preview":"max-video-preview:-1"},"canonical":"https:\/\/www.coralcheck.com\/guia-de-especies\/limnomedusae\/","og_locale":"es_ES","og_type":"article","og_title":"Limnomedusae - CoralCheck","og_description":"Limnomedusae es un orden de hidrozoos del filo Cnidaria, que incluye especies principalmente marinas y algunas adaptadas a ambientes de agua dulce. Sus p\u00f3lipos son bent\u00f3nicos, s\u00e9siles, peque\u00f1os y generalmente solitarios o coloniales, con una estructura simple y tent\u00e1culos, a veces protegidos por un periderm formado por mucoprote\u00ednas. En el ciclo de vida t\u00edpico, alternan ... Leer m\u00e1s","og_url":"https:\/\/www.coralcheck.com\/guia-de-especies\/limnomedusae\/","og_site_name":"CoralCheck","article_modified_time":"2025-06-20T17:44:40+00:00","twitter_card":"summary_large_image","twitter_misc":{"Tiempo de lectura":"1 minuto"},"schema":{"@context":"https:\/\/schema.org","@graph":[{"@type":"WebPage","@id":"https:\/\/www.coralcheck.com\/guia-de-especies\/limnomedusae\/","url":"https:\/\/www.coralcheck.com\/guia-de-especies\/limnomedusae\/","name":"Limnomedusae - CoralCheck","isPartOf":{"@id":"https:\/\/www.coralcheck.com\/guia-de-especies\/#website"},"datePublished":"2025-05-23T11:12:17+00:00","dateModified":"2025-06-20T17:44:40+00:00","breadcrumb":{"@id":"https:\/\/www.coralcheck.com\/guia-de-especies\/limnomedusae\/#breadcrumb"},"inLanguage":"es","potentialAction":[{"@type":"ReadAction","target":["https:\/\/www.coralcheck.com\/guia-de-especies\/limnomedusae\/"]}]},{"@type":"BreadcrumbList","@id":"https:\/\/www.coralcheck.com\/guia-de-especies\/limnomedusae\/#breadcrumb","itemListElement":[{"@type":"ListItem","position":1,"name":"Portada","item":"https:\/\/www.coralcheck.com\/guia-de-especies\/"},{"@type":"ListItem","position":2,"name":"Limnomedusae"}]},{"@type":"WebSite","@id":"https:\/\/www.coralcheck.com\/guia-de-especies\/#website","url":"https:\/\/www.coralcheck.com\/guia-de-especies\/","name":"CoralCheck","description":"Gu\u00eda visual y offline de corales y ambientes del Atl\u00e1ntico","publisher":{"@id":"https:\/\/www.coralcheck.com\/guia-de-especies\/#organization"},"potentialAction":[{"@type":"SearchAction","target":{"@type":"EntryPoint","urlTemplate":"https:\/\/www.coralcheck.com\/guia-de-especies\/?s={search_term_string}"},"query-input":{"@type":"PropertyValueSpecification","valueRequired":true,"valueName":"search_term_string"}}],"inLanguage":"es"},{"@type":"Organization","@id":"https:\/\/www.coralcheck.com\/guia-de-especies\/#organization","name":"CoralCheck","url":"https:\/\/www.coralcheck.com\/guia-de-especies\/","logo":{"@type":"ImageObject","inLanguage":"es","@id":"https:\/\/www.coralcheck.com\/guia-de-especies\/#\/schema\/logo\/image\/","url":"https:\/\/www.coralcheck.com\/guia-de-especies\/wp-content\/uploads\/2025\/08\/cropped-cropped-Header-logo-1.png","contentUrl":"https:\/\/www.coralcheck.com\/guia-de-especies\/wp-content\/uploads\/2025\/08\/cropped-cropped-Header-logo-1.png","width":486,"height":150,"caption":"CoralCheck"},"image":{"@id":"https:\/\/www.coralcheck.com\/guia-de-especies\/#\/schema\/logo\/image\/"}}]}},"_links":{"self":[{"href":"https:\/\/www.coralcheck.com\/guia-de-especies\/wp-json\/wp\/v2\/pages\/518","targetHints":{"allow":["GET"]}}],"collection":[{"href":"https:\/\/www.coralcheck.com\/guia-de-especies\/wp-json\/wp\/v2\/pages"}],"about":[{"href":"https:\/\/www.coralcheck.com\/guia-de-especies\/wp-json\/wp\/v2\/types\/page"}],"author":[{"embeddable":true,"href":"https:\/\/www.coralcheck.com\/guia-de-especies\/wp-json\/wp\/v2\/users\/1"}],"replies":[{"embeddable":true,"href":"https:\/\/www.coralcheck.com\/guia-de-especies\/wp-json\/wp\/v2\/comments?post=518"}],"version-history":[{"count":8,"href":"https:\/\/www.coralcheck.com\/guia-de-especies\/wp-json\/wp\/v2\/pages\/518\/revisions"}],"predecessor-version":[{"id":2642,"href":"https:\/\/www.coralcheck.com\/guia-de-especies\/wp-json\/wp\/v2\/pages\/518\/revisions\/2642"}],"wp:attachment":[{"href":"https:\/\/www.coralcheck.com\/guia-de-especies\/wp-json\/wp\/v2\/media?parent=518"}],"curies":[{"name":"wp","href":"https:\/\/api.w.org\/{rel}","templated":true}]}}