{"id":512,"date":"2025-05-23T11:11:55","date_gmt":"2025-05-23T11:11:55","guid":{"rendered":"https:\/\/www.coralcheck.com\/guia-de-especies\/?page_id=512"},"modified":"2025-08-10T11:32:26","modified_gmt":"2025-08-10T11:32:26","slug":"anthotecata","status":"publish","type":"page","link":"https:\/\/www.coralcheck.com\/guia-de-especies\/ordenes\/anthotecata\/","title":{"rendered":"Anthotecata"},"content":{"rendered":"\n<div style=\"height:100px\" aria-hidden=\"true\" class=\"wp-block-spacer\"><\/div>\n\n\n\n<div class=\"gb-element-4b2f50f7\">\n<div><\/div>\n\n\n\n<div class=\"gb-element-9c9cd95b contenedor-montserrat\">\n<p>Las antoatecadas, o antomedusas, son un orden de cnidarios de la clase Hydrozoa, a veces considerado suborden dentro de Hydroida. Forman colonias ramificadas de zooides con funciones diferenciadas: gastrozoides (alimentaci\u00f3n), dactilozoides (defensa con cnidocitos) y gonozoides (reproducci\u00f3n). Sus p\u00f3lipos carecen de teca r\u00edgida (atecados) y presentan tent\u00e1culos que var\u00edan de filiformes a capitados. Habitan mayoritariamente en ambientes marinos bent\u00f3nicos, fij\u00e1ndose sobre sustratos duros desde zonas someras hasta profundidades abisales (hasta 5.000 m). <\/p>\n\n\n\n<p>Muchas especies forman praderas bent\u00f3nicas o estructuras similares a corales, como los miembros de la familia Stylasteridae, que contribuyen significativamente a la complejidad y biodiversidad de los ecosistemas marinos. La distribuci\u00f3n del grupo es global, desde aguas polares a tropicales. En Canarias, se pueden encontrar especies como <em>Millepora alcicornis<\/em>, com\u00fanmente conocida como \u00abcoral de fuego\u00bb.<\/p>\n<\/div>\n\n\n\n<div><\/div>\n<\/div>\n\n\n\n<div style=\"height:250px\" aria-hidden=\"true\" class=\"wp-block-spacer\"><\/div>\n","protected":false},"excerpt":{"rendered":"<p>Las antoatecadas, o antomedusas, son un orden de cnidarios de la clase Hydrozoa, a veces considerado suborden dentro de Hydroida. Forman colonias ramificadas de zooides con funciones diferenciadas: gastrozoides (alimentaci\u00f3n), dactilozoides (defensa con cnidocitos) y gonozoides (reproducci\u00f3n). Sus p\u00f3lipos carecen de teca r\u00edgida (atecados) y presentan tent\u00e1culos que var\u00edan de filiformes a capitados. Habitan mayoritariamente &#8230; <a title=\"Anthotecata\" class=\"read-more\" href=\"https:\/\/www.coralcheck.com\/guia-de-especies\/ordenes\/anthotecata\/\" aria-label=\"Leer m\u00e1s sobre Anthotecata\">Leer m\u00e1s<\/a><\/p>\n","protected":false},"author":1,"featured_media":0,"parent":157,"menu_order":0,"comment_status":"closed","ping_status":"closed","template":"","meta":{"_acf_changed":false,"_sitemap_exclude":false,"_sitemap_priority":"","_sitemap_frequency":"","footnotes":""},"class_list":["post-512","page","type-page","status-publish"],"acf":[],"yoast_head":"<!-- This site is optimized with the Yoast SEO plugin v27.4 - https:\/\/yoast.com\/product\/yoast-seo-wordpress\/ -->\n<title>Anthotecata - CoralCheck<\/title>\n<meta name=\"robots\" content=\"index, follow, max-snippet:-1, max-image-preview:large, max-video-preview:-1\" \/>\n<link rel=\"canonical\" href=\"https:\/\/www.coralcheck.com\/guia-de-especies\/ordenes\/anthotecata\/\" \/>\n<meta property=\"og:locale\" content=\"es_ES\" \/>\n<meta property=\"og:type\" content=\"article\" \/>\n<meta property=\"og:title\" content=\"Anthotecata - CoralCheck\" \/>\n<meta property=\"og:description\" content=\"Las antoatecadas, o antomedusas, son un orden de cnidarios de la clase Hydrozoa, a veces considerado suborden dentro de Hydroida. Forman colonias ramificadas de zooides con funciones diferenciadas: gastrozoides (alimentaci\u00f3n), dactilozoides (defensa con cnidocitos) y gonozoides (reproducci\u00f3n). Sus p\u00f3lipos carecen de teca r\u00edgida (atecados) y presentan tent\u00e1culos que var\u00edan de filiformes a capitados. Habitan mayoritariamente ... Leer m\u00e1s\" \/>\n<meta property=\"og:url\" content=\"https:\/\/www.coralcheck.com\/guia-de-especies\/ordenes\/anthotecata\/\" \/>\n<meta property=\"og:site_name\" content=\"CoralCheck\" \/>\n<meta property=\"article:modified_time\" content=\"2025-08-10T11:32:26+00:00\" \/>\n<meta name=\"twitter:card\" content=\"summary_large_image\" \/>\n<meta name=\"twitter:label1\" content=\"Tiempo de lectura\" \/>\n\t<meta name=\"twitter:data1\" content=\"1 minuto\" \/>\n<script type=\"application\/ld+json\" class=\"yoast-schema-graph\">{\"@context\":\"https:\\\/\\\/schema.org\",\"@graph\":[{\"@type\":\"WebPage\",\"@id\":\"https:\\\/\\\/www.coralcheck.com\\\/guia-de-especies\\\/ordenes\\\/anthotecata\\\/\",\"url\":\"https:\\\/\\\/www.coralcheck.com\\\/guia-de-especies\\\/ordenes\\\/anthotecata\\\/\",\"name\":\"Anthotecata - CoralCheck\",\"isPartOf\":{\"@id\":\"https:\\\/\\\/www.coralcheck.com\\\/guia-de-especies\\\/#website\"},\"datePublished\":\"2025-05-23T11:11:55+00:00\",\"dateModified\":\"2025-08-10T11:32:26+00:00\",\"breadcrumb\":{\"@id\":\"https:\\\/\\\/www.coralcheck.com\\\/guia-de-especies\\\/ordenes\\\/anthotecata\\\/#breadcrumb\"},\"inLanguage\":\"es\",\"potentialAction\":[{\"@type\":\"ReadAction\",\"target\":[\"https:\\\/\\\/www.coralcheck.com\\\/guia-de-especies\\\/ordenes\\\/anthotecata\\\/\"]}]},{\"@type\":\"BreadcrumbList\",\"@id\":\"https:\\\/\\\/www.coralcheck.com\\\/guia-de-especies\\\/ordenes\\\/anthotecata\\\/#breadcrumb\",\"itemListElement\":[{\"@type\":\"ListItem\",\"position\":1,\"name\":\"Portada\",\"item\":\"https:\\\/\\\/www.coralcheck.com\\\/guia-de-especies\\\/\"},{\"@type\":\"ListItem\",\"position\":2,\"name\":\"Anthotecata\"}]},{\"@type\":\"WebSite\",\"@id\":\"https:\\\/\\\/www.coralcheck.com\\\/guia-de-especies\\\/#website\",\"url\":\"https:\\\/\\\/www.coralcheck.com\\\/guia-de-especies\\\/\",\"name\":\"CoralCheck\",\"description\":\"Gu\u00eda visual y offline de corales y ambientes del Atl\u00e1ntico\",\"publisher\":{\"@id\":\"https:\\\/\\\/www.coralcheck.com\\\/guia-de-especies\\\/#organization\"},\"potentialAction\":[{\"@type\":\"SearchAction\",\"target\":{\"@type\":\"EntryPoint\",\"urlTemplate\":\"https:\\\/\\\/www.coralcheck.com\\\/guia-de-especies\\\/?s={search_term_string}\"},\"query-input\":{\"@type\":\"PropertyValueSpecification\",\"valueRequired\":true,\"valueName\":\"search_term_string\"}}],\"inLanguage\":\"es\"},{\"@type\":\"Organization\",\"@id\":\"https:\\\/\\\/www.coralcheck.com\\\/guia-de-especies\\\/#organization\",\"name\":\"CoralCheck\",\"url\":\"https:\\\/\\\/www.coralcheck.com\\\/guia-de-especies\\\/\",\"logo\":{\"@type\":\"ImageObject\",\"inLanguage\":\"es\",\"@id\":\"https:\\\/\\\/www.coralcheck.com\\\/guia-de-especies\\\/#\\\/schema\\\/logo\\\/image\\\/\",\"url\":\"https:\\\/\\\/www.coralcheck.com\\\/guia-de-especies\\\/wp-content\\\/uploads\\\/2025\\\/08\\\/cropped-cropped-Header-logo-1.png\",\"contentUrl\":\"https:\\\/\\\/www.coralcheck.com\\\/guia-de-especies\\\/wp-content\\\/uploads\\\/2025\\\/08\\\/cropped-cropped-Header-logo-1.png\",\"width\":486,\"height\":150,\"caption\":\"CoralCheck\"},\"image\":{\"@id\":\"https:\\\/\\\/www.coralcheck.com\\\/guia-de-especies\\\/#\\\/schema\\\/logo\\\/image\\\/\"}}]}<\/script>\n<!-- \/ Yoast SEO plugin. -->","yoast_head_json":{"title":"Anthotecata - CoralCheck","robots":{"index":"index","follow":"follow","max-snippet":"max-snippet:-1","max-image-preview":"max-image-preview:large","max-video-preview":"max-video-preview:-1"},"canonical":"https:\/\/www.coralcheck.com\/guia-de-especies\/ordenes\/anthotecata\/","og_locale":"es_ES","og_type":"article","og_title":"Anthotecata - CoralCheck","og_description":"Las antoatecadas, o antomedusas, son un orden de cnidarios de la clase Hydrozoa, a veces considerado suborden dentro de Hydroida. Forman colonias ramificadas de zooides con funciones diferenciadas: gastrozoides (alimentaci\u00f3n), dactilozoides (defensa con cnidocitos) y gonozoides (reproducci\u00f3n). Sus p\u00f3lipos carecen de teca r\u00edgida (atecados) y presentan tent\u00e1culos que var\u00edan de filiformes a capitados. Habitan mayoritariamente ... Leer m\u00e1s","og_url":"https:\/\/www.coralcheck.com\/guia-de-especies\/ordenes\/anthotecata\/","og_site_name":"CoralCheck","article_modified_time":"2025-08-10T11:32:26+00:00","twitter_card":"summary_large_image","twitter_misc":{"Tiempo de lectura":"1 minuto"},"schema":{"@context":"https:\/\/schema.org","@graph":[{"@type":"WebPage","@id":"https:\/\/www.coralcheck.com\/guia-de-especies\/ordenes\/anthotecata\/","url":"https:\/\/www.coralcheck.com\/guia-de-especies\/ordenes\/anthotecata\/","name":"Anthotecata - CoralCheck","isPartOf":{"@id":"https:\/\/www.coralcheck.com\/guia-de-especies\/#website"},"datePublished":"2025-05-23T11:11:55+00:00","dateModified":"2025-08-10T11:32:26+00:00","breadcrumb":{"@id":"https:\/\/www.coralcheck.com\/guia-de-especies\/ordenes\/anthotecata\/#breadcrumb"},"inLanguage":"es","potentialAction":[{"@type":"ReadAction","target":["https:\/\/www.coralcheck.com\/guia-de-especies\/ordenes\/anthotecata\/"]}]},{"@type":"BreadcrumbList","@id":"https:\/\/www.coralcheck.com\/guia-de-especies\/ordenes\/anthotecata\/#breadcrumb","itemListElement":[{"@type":"ListItem","position":1,"name":"Portada","item":"https:\/\/www.coralcheck.com\/guia-de-especies\/"},{"@type":"ListItem","position":2,"name":"Anthotecata"}]},{"@type":"WebSite","@id":"https:\/\/www.coralcheck.com\/guia-de-especies\/#website","url":"https:\/\/www.coralcheck.com\/guia-de-especies\/","name":"CoralCheck","description":"Gu\u00eda visual y offline de corales y ambientes del Atl\u00e1ntico","publisher":{"@id":"https:\/\/www.coralcheck.com\/guia-de-especies\/#organization"},"potentialAction":[{"@type":"SearchAction","target":{"@type":"EntryPoint","urlTemplate":"https:\/\/www.coralcheck.com\/guia-de-especies\/?s={search_term_string}"},"query-input":{"@type":"PropertyValueSpecification","valueRequired":true,"valueName":"search_term_string"}}],"inLanguage":"es"},{"@type":"Organization","@id":"https:\/\/www.coralcheck.com\/guia-de-especies\/#organization","name":"CoralCheck","url":"https:\/\/www.coralcheck.com\/guia-de-especies\/","logo":{"@type":"ImageObject","inLanguage":"es","@id":"https:\/\/www.coralcheck.com\/guia-de-especies\/#\/schema\/logo\/image\/","url":"https:\/\/www.coralcheck.com\/guia-de-especies\/wp-content\/uploads\/2025\/08\/cropped-cropped-Header-logo-1.png","contentUrl":"https:\/\/www.coralcheck.com\/guia-de-especies\/wp-content\/uploads\/2025\/08\/cropped-cropped-Header-logo-1.png","width":486,"height":150,"caption":"CoralCheck"},"image":{"@id":"https:\/\/www.coralcheck.com\/guia-de-especies\/#\/schema\/logo\/image\/"}}]}},"_links":{"self":[{"href":"https:\/\/www.coralcheck.com\/guia-de-especies\/wp-json\/wp\/v2\/pages\/512","targetHints":{"allow":["GET"]}}],"collection":[{"href":"https:\/\/www.coralcheck.com\/guia-de-especies\/wp-json\/wp\/v2\/pages"}],"about":[{"href":"https:\/\/www.coralcheck.com\/guia-de-especies\/wp-json\/wp\/v2\/types\/page"}],"author":[{"embeddable":true,"href":"https:\/\/www.coralcheck.com\/guia-de-especies\/wp-json\/wp\/v2\/users\/1"}],"replies":[{"embeddable":true,"href":"https:\/\/www.coralcheck.com\/guia-de-especies\/wp-json\/wp\/v2\/comments?post=512"}],"version-history":[{"count":15,"href":"https:\/\/www.coralcheck.com\/guia-de-especies\/wp-json\/wp\/v2\/pages\/512\/revisions"}],"predecessor-version":[{"id":2788,"href":"https:\/\/www.coralcheck.com\/guia-de-especies\/wp-json\/wp\/v2\/pages\/512\/revisions\/2788"}],"up":[{"embeddable":true,"href":"https:\/\/www.coralcheck.com\/guia-de-especies\/wp-json\/wp\/v2\/pages\/157"}],"wp:attachment":[{"href":"https:\/\/www.coralcheck.com\/guia-de-especies\/wp-json\/wp\/v2\/media?parent=512"}],"curies":[{"name":"wp","href":"https:\/\/api.w.org\/{rel}","templated":true}]}}