{"id":506,"date":"2025-05-23T11:11:39","date_gmt":"2025-05-23T11:11:39","guid":{"rendered":"https:\/\/www.coralcheck.com\/guia-de-especies\/?page_id=506"},"modified":"2025-06-20T17:48:13","modified_gmt":"2025-06-20T17:48:13","slug":"malacalcyonacea","status":"publish","type":"page","link":"https:\/\/www.coralcheck.com\/guia-de-especies\/malacalcyonacea\/","title":{"rendered":"Malacalcyonacea"},"content":{"rendered":"\n<div style=\"height:93px\" aria-hidden=\"true\" class=\"wp-block-spacer\"><\/div>\n\n\n\n<div class=\"gb-element-436b15ca contenedor-montserrat\">\n<div><\/div>\n\n\n\n<div class=\"gb-element-31b8b586\">\n<p>Son uno de los dos \u00f3rdenes reconocidos dentro de los octocorales (Octocorallia). Como todos los octocorales, sus especies forman colonias compuestas por numerosos p\u00f3lipos con ocho tent\u00e1culos, generalmente plumosos.<\/p>\n\n\n\n<p>El orden fue propuesto en 2022 y corresponde en gran medida al clado Holaxonia-Alcyoniina, identificado previamente como monofil\u00e9tico mediante estudios moleculares. Incluye principalmente familias antes asignadas a Holaxonia y Alcyonacea (corales blandos), as\u00ed como algunas de Stolonifera y Scleraxonia. <\/p>\n\n\n\n<p>La clasificaci\u00f3n se basa en filogenias moleculares, con escasa dependencia de la morfolog\u00eda, lo que explica su gran variabilidad en formas de crecimiento. La mayor\u00eda de sus especies carecen de eje esquel\u00e9tico o presentan uno de composici\u00f3n proteica, lo que les confiere alta flexibilidad. El nombre Malacalcyonacea deriva del griego malak\u00f3s (\u00abblando\u00bb) y de Alcyonacea, t\u00e9rmino hoy inv\u00e1lido, aludiendo a la naturaleza.<\/p>\n<\/div>\n\n\n\n<div><\/div>\n<\/div>\n\n\n\n<div style=\"height:262px\" aria-hidden=\"true\" class=\"wp-block-spacer\"><\/div>\n","protected":false},"excerpt":{"rendered":"<p>Son uno de los dos \u00f3rdenes reconocidos dentro de los octocorales (Octocorallia). Como todos los octocorales, sus especies forman colonias compuestas por numerosos p\u00f3lipos con ocho tent\u00e1culos, generalmente plumosos. El orden fue propuesto en 2022 y corresponde en gran medida al clado Holaxonia-Alcyoniina, identificado previamente como monofil\u00e9tico mediante estudios moleculares. Incluye principalmente familias antes asignadas &#8230; <a title=\"Malacalcyonacea\" class=\"read-more\" href=\"https:\/\/www.coralcheck.com\/guia-de-especies\/malacalcyonacea\/\" aria-label=\"Leer m\u00e1s sobre Malacalcyonacea\">Leer m\u00e1s<\/a><\/p>\n","protected":false},"author":1,"featured_media":0,"parent":0,"menu_order":0,"comment_status":"closed","ping_status":"closed","template":"","meta":{"_acf_changed":false,"_sitemap_exclude":false,"_sitemap_priority":"","_sitemap_frequency":"","footnotes":""},"class_list":["post-506","page","type-page","status-publish"],"acf":[],"yoast_head":"<!-- This site is optimized with the Yoast SEO plugin v27.4 - https:\/\/yoast.com\/product\/yoast-seo-wordpress\/ -->\n<title>Malacalcyonacea - CoralCheck<\/title>\n<meta name=\"robots\" content=\"index, follow, max-snippet:-1, max-image-preview:large, max-video-preview:-1\" \/>\n<link rel=\"canonical\" href=\"https:\/\/www.coralcheck.com\/guia-de-especies\/malacalcyonacea\/\" \/>\n<meta property=\"og:locale\" content=\"es_ES\" \/>\n<meta property=\"og:type\" content=\"article\" \/>\n<meta property=\"og:title\" content=\"Malacalcyonacea - CoralCheck\" \/>\n<meta property=\"og:description\" content=\"Son uno de los dos \u00f3rdenes reconocidos dentro de los octocorales (Octocorallia). Como todos los octocorales, sus especies forman colonias compuestas por numerosos p\u00f3lipos con ocho tent\u00e1culos, generalmente plumosos. El orden fue propuesto en 2022 y corresponde en gran medida al clado Holaxonia-Alcyoniina, identificado previamente como monofil\u00e9tico mediante estudios moleculares. Incluye principalmente familias antes asignadas ... Leer m\u00e1s\" \/>\n<meta property=\"og:url\" content=\"https:\/\/www.coralcheck.com\/guia-de-especies\/malacalcyonacea\/\" \/>\n<meta property=\"og:site_name\" content=\"CoralCheck\" \/>\n<meta property=\"article:modified_time\" content=\"2025-06-20T17:48:13+00:00\" \/>\n<meta name=\"twitter:card\" content=\"summary_large_image\" \/>\n<meta name=\"twitter:label1\" content=\"Tiempo de lectura\" \/>\n\t<meta name=\"twitter:data1\" content=\"1 minuto\" \/>\n<script type=\"application\/ld+json\" class=\"yoast-schema-graph\">{\"@context\":\"https:\\\/\\\/schema.org\",\"@graph\":[{\"@type\":\"WebPage\",\"@id\":\"https:\\\/\\\/www.coralcheck.com\\\/guia-de-especies\\\/malacalcyonacea\\\/\",\"url\":\"https:\\\/\\\/www.coralcheck.com\\\/guia-de-especies\\\/malacalcyonacea\\\/\",\"name\":\"Malacalcyonacea - CoralCheck\",\"isPartOf\":{\"@id\":\"https:\\\/\\\/www.coralcheck.com\\\/guia-de-especies\\\/#website\"},\"datePublished\":\"2025-05-23T11:11:39+00:00\",\"dateModified\":\"2025-06-20T17:48:13+00:00\",\"breadcrumb\":{\"@id\":\"https:\\\/\\\/www.coralcheck.com\\\/guia-de-especies\\\/malacalcyonacea\\\/#breadcrumb\"},\"inLanguage\":\"es\",\"potentialAction\":[{\"@type\":\"ReadAction\",\"target\":[\"https:\\\/\\\/www.coralcheck.com\\\/guia-de-especies\\\/malacalcyonacea\\\/\"]}]},{\"@type\":\"BreadcrumbList\",\"@id\":\"https:\\\/\\\/www.coralcheck.com\\\/guia-de-especies\\\/malacalcyonacea\\\/#breadcrumb\",\"itemListElement\":[{\"@type\":\"ListItem\",\"position\":1,\"name\":\"Portada\",\"item\":\"https:\\\/\\\/www.coralcheck.com\\\/guia-de-especies\\\/\"},{\"@type\":\"ListItem\",\"position\":2,\"name\":\"Malacalcyonacea\"}]},{\"@type\":\"WebSite\",\"@id\":\"https:\\\/\\\/www.coralcheck.com\\\/guia-de-especies\\\/#website\",\"url\":\"https:\\\/\\\/www.coralcheck.com\\\/guia-de-especies\\\/\",\"name\":\"CoralCheck\",\"description\":\"Gu\u00eda visual y offline de corales y ambientes del Atl\u00e1ntico\",\"publisher\":{\"@id\":\"https:\\\/\\\/www.coralcheck.com\\\/guia-de-especies\\\/#organization\"},\"potentialAction\":[{\"@type\":\"SearchAction\",\"target\":{\"@type\":\"EntryPoint\",\"urlTemplate\":\"https:\\\/\\\/www.coralcheck.com\\\/guia-de-especies\\\/?s={search_term_string}\"},\"query-input\":{\"@type\":\"PropertyValueSpecification\",\"valueRequired\":true,\"valueName\":\"search_term_string\"}}],\"inLanguage\":\"es\"},{\"@type\":\"Organization\",\"@id\":\"https:\\\/\\\/www.coralcheck.com\\\/guia-de-especies\\\/#organization\",\"name\":\"CoralCheck\",\"url\":\"https:\\\/\\\/www.coralcheck.com\\\/guia-de-especies\\\/\",\"logo\":{\"@type\":\"ImageObject\",\"inLanguage\":\"es\",\"@id\":\"https:\\\/\\\/www.coralcheck.com\\\/guia-de-especies\\\/#\\\/schema\\\/logo\\\/image\\\/\",\"url\":\"https:\\\/\\\/www.coralcheck.com\\\/guia-de-especies\\\/wp-content\\\/uploads\\\/2025\\\/08\\\/cropped-cropped-Header-logo-1.png\",\"contentUrl\":\"https:\\\/\\\/www.coralcheck.com\\\/guia-de-especies\\\/wp-content\\\/uploads\\\/2025\\\/08\\\/cropped-cropped-Header-logo-1.png\",\"width\":486,\"height\":150,\"caption\":\"CoralCheck\"},\"image\":{\"@id\":\"https:\\\/\\\/www.coralcheck.com\\\/guia-de-especies\\\/#\\\/schema\\\/logo\\\/image\\\/\"}}]}<\/script>\n<!-- \/ Yoast SEO plugin. -->","yoast_head_json":{"title":"Malacalcyonacea - CoralCheck","robots":{"index":"index","follow":"follow","max-snippet":"max-snippet:-1","max-image-preview":"max-image-preview:large","max-video-preview":"max-video-preview:-1"},"canonical":"https:\/\/www.coralcheck.com\/guia-de-especies\/malacalcyonacea\/","og_locale":"es_ES","og_type":"article","og_title":"Malacalcyonacea - CoralCheck","og_description":"Son uno de los dos \u00f3rdenes reconocidos dentro de los octocorales (Octocorallia). Como todos los octocorales, sus especies forman colonias compuestas por numerosos p\u00f3lipos con ocho tent\u00e1culos, generalmente plumosos. El orden fue propuesto en 2022 y corresponde en gran medida al clado Holaxonia-Alcyoniina, identificado previamente como monofil\u00e9tico mediante estudios moleculares. Incluye principalmente familias antes asignadas ... Leer m\u00e1s","og_url":"https:\/\/www.coralcheck.com\/guia-de-especies\/malacalcyonacea\/","og_site_name":"CoralCheck","article_modified_time":"2025-06-20T17:48:13+00:00","twitter_card":"summary_large_image","twitter_misc":{"Tiempo de lectura":"1 minuto"},"schema":{"@context":"https:\/\/schema.org","@graph":[{"@type":"WebPage","@id":"https:\/\/www.coralcheck.com\/guia-de-especies\/malacalcyonacea\/","url":"https:\/\/www.coralcheck.com\/guia-de-especies\/malacalcyonacea\/","name":"Malacalcyonacea - CoralCheck","isPartOf":{"@id":"https:\/\/www.coralcheck.com\/guia-de-especies\/#website"},"datePublished":"2025-05-23T11:11:39+00:00","dateModified":"2025-06-20T17:48:13+00:00","breadcrumb":{"@id":"https:\/\/www.coralcheck.com\/guia-de-especies\/malacalcyonacea\/#breadcrumb"},"inLanguage":"es","potentialAction":[{"@type":"ReadAction","target":["https:\/\/www.coralcheck.com\/guia-de-especies\/malacalcyonacea\/"]}]},{"@type":"BreadcrumbList","@id":"https:\/\/www.coralcheck.com\/guia-de-especies\/malacalcyonacea\/#breadcrumb","itemListElement":[{"@type":"ListItem","position":1,"name":"Portada","item":"https:\/\/www.coralcheck.com\/guia-de-especies\/"},{"@type":"ListItem","position":2,"name":"Malacalcyonacea"}]},{"@type":"WebSite","@id":"https:\/\/www.coralcheck.com\/guia-de-especies\/#website","url":"https:\/\/www.coralcheck.com\/guia-de-especies\/","name":"CoralCheck","description":"Gu\u00eda visual y offline de corales y ambientes del Atl\u00e1ntico","publisher":{"@id":"https:\/\/www.coralcheck.com\/guia-de-especies\/#organization"},"potentialAction":[{"@type":"SearchAction","target":{"@type":"EntryPoint","urlTemplate":"https:\/\/www.coralcheck.com\/guia-de-especies\/?s={search_term_string}"},"query-input":{"@type":"PropertyValueSpecification","valueRequired":true,"valueName":"search_term_string"}}],"inLanguage":"es"},{"@type":"Organization","@id":"https:\/\/www.coralcheck.com\/guia-de-especies\/#organization","name":"CoralCheck","url":"https:\/\/www.coralcheck.com\/guia-de-especies\/","logo":{"@type":"ImageObject","inLanguage":"es","@id":"https:\/\/www.coralcheck.com\/guia-de-especies\/#\/schema\/logo\/image\/","url":"https:\/\/www.coralcheck.com\/guia-de-especies\/wp-content\/uploads\/2025\/08\/cropped-cropped-Header-logo-1.png","contentUrl":"https:\/\/www.coralcheck.com\/guia-de-especies\/wp-content\/uploads\/2025\/08\/cropped-cropped-Header-logo-1.png","width":486,"height":150,"caption":"CoralCheck"},"image":{"@id":"https:\/\/www.coralcheck.com\/guia-de-especies\/#\/schema\/logo\/image\/"}}]}},"_links":{"self":[{"href":"https:\/\/www.coralcheck.com\/guia-de-especies\/wp-json\/wp\/v2\/pages\/506","targetHints":{"allow":["GET"]}}],"collection":[{"href":"https:\/\/www.coralcheck.com\/guia-de-especies\/wp-json\/wp\/v2\/pages"}],"about":[{"href":"https:\/\/www.coralcheck.com\/guia-de-especies\/wp-json\/wp\/v2\/types\/page"}],"author":[{"embeddable":true,"href":"https:\/\/www.coralcheck.com\/guia-de-especies\/wp-json\/wp\/v2\/users\/1"}],"replies":[{"embeddable":true,"href":"https:\/\/www.coralcheck.com\/guia-de-especies\/wp-json\/wp\/v2\/comments?post=506"}],"version-history":[{"count":20,"href":"https:\/\/www.coralcheck.com\/guia-de-especies\/wp-json\/wp\/v2\/pages\/506\/revisions"}],"predecessor-version":[{"id":2644,"href":"https:\/\/www.coralcheck.com\/guia-de-especies\/wp-json\/wp\/v2\/pages\/506\/revisions\/2644"}],"wp:attachment":[{"href":"https:\/\/www.coralcheck.com\/guia-de-especies\/wp-json\/wp\/v2\/media?parent=506"}],"curies":[{"name":"wp","href":"https:\/\/api.w.org\/{rel}","templated":true}]}}