{"id":485,"date":"2025-05-23T11:09:15","date_gmt":"2025-05-23T11:09:15","guid":{"rendered":"https:\/\/www.coralcheck.com\/guia-de-especies\/?page_id=485"},"modified":"2025-06-20T17:36:26","modified_gmt":"2025-06-20T17:36:26","slug":"ceriantharia","status":"publish","type":"page","link":"https:\/\/www.coralcheck.com\/guia-de-especies\/ordenes\/ceriantharia\/","title":{"rendered":"Ceriantharia"},"content":{"rendered":"\n<div style=\"height:100px\" aria-hidden=\"true\" class=\"wp-block-spacer\"><\/div>\n\n\n\n<div class=\"gb-element-1b6c8018 contenedor-montserrat\">\n<div><\/div>\n\n\n\n<div class=\"gb-element-1aae5cd9\">\n<p>Los ceriantarios, conocidos como an\u00e9monas tubo, son  organismos solitarios y alargados, con p\u00f3lipos grandes y habitan en tubos verticales flexibles construidos con secreci\u00f3n mucosa reforzada con part\u00edculas del sedimento y tambi\u00e9n por cnidos especiales (ptycocistos). El tubo queda enterrado en sustratos blandos. Su cuerpo presenta una columna alargada, un disco oral con dos coronas de tent\u00e1culos lisos: los marginales al borde del disco, largos y para defenderse, y los labiales, alrededor de la boca para alimentarse.<\/p>\n\n\n\n<p>A diferencia de otras an\u00e9monas, sus tent\u00e1culos no son retr\u00e1ctiles. Algunas especies poseen estadios larvarios pel\u00e1gicos de larga vida. En Canarias, podemos encontrar especies como <em>Pachycerianthus dohrnii.<\/em><\/p>\n<\/div>\n\n\n\n<div><\/div>\n<\/div>\n\n\n\n<div style=\"height:224px\" aria-hidden=\"true\" class=\"wp-block-spacer\"><\/div>\n","protected":false},"excerpt":{"rendered":"<p>Los ceriantarios, conocidos como an\u00e9monas tubo, son organismos solitarios y alargados, con p\u00f3lipos grandes y habitan en tubos verticales flexibles construidos con secreci\u00f3n mucosa reforzada con part\u00edculas del sedimento y tambi\u00e9n por cnidos especiales (ptycocistos). El tubo queda enterrado en sustratos blandos. Su cuerpo presenta una columna alargada, un disco oral con dos coronas de &#8230; <a title=\"Ceriantharia\" class=\"read-more\" href=\"https:\/\/www.coralcheck.com\/guia-de-especies\/ordenes\/ceriantharia\/\" aria-label=\"Leer m\u00e1s sobre Ceriantharia\">Leer m\u00e1s<\/a><\/p>\n","protected":false},"author":1,"featured_media":0,"parent":157,"menu_order":0,"comment_status":"closed","ping_status":"closed","template":"","meta":{"_acf_changed":false,"_sitemap_exclude":false,"_sitemap_priority":"","_sitemap_frequency":"","footnotes":""},"class_list":["post-485","page","type-page","status-publish"],"acf":[],"yoast_head":"<!-- This site is optimized with the Yoast SEO plugin v27.4 - https:\/\/yoast.com\/product\/yoast-seo-wordpress\/ -->\n<title>Ceriantharia - CoralCheck<\/title>\n<meta name=\"robots\" content=\"index, follow, max-snippet:-1, max-image-preview:large, max-video-preview:-1\" \/>\n<link rel=\"canonical\" href=\"https:\/\/www.coralcheck.com\/guia-de-especies\/ordenes\/ceriantharia\/\" \/>\n<meta property=\"og:locale\" content=\"es_ES\" \/>\n<meta property=\"og:type\" content=\"article\" \/>\n<meta property=\"og:title\" content=\"Ceriantharia - CoralCheck\" \/>\n<meta property=\"og:description\" content=\"Los ceriantarios, conocidos como an\u00e9monas tubo, son organismos solitarios y alargados, con p\u00f3lipos grandes y habitan en tubos verticales flexibles construidos con secreci\u00f3n mucosa reforzada con part\u00edculas del sedimento y tambi\u00e9n por cnidos especiales (ptycocistos). El tubo queda enterrado en sustratos blandos. Su cuerpo presenta una columna alargada, un disco oral con dos coronas de ... Leer m\u00e1s\" \/>\n<meta property=\"og:url\" content=\"https:\/\/www.coralcheck.com\/guia-de-especies\/ordenes\/ceriantharia\/\" \/>\n<meta property=\"og:site_name\" content=\"CoralCheck\" \/>\n<meta property=\"article:modified_time\" content=\"2025-06-20T17:36:26+00:00\" \/>\n<meta name=\"twitter:card\" content=\"summary_large_image\" \/>\n<meta name=\"twitter:label1\" content=\"Tiempo de lectura\" \/>\n\t<meta name=\"twitter:data1\" content=\"1 minuto\" \/>\n<script type=\"application\/ld+json\" class=\"yoast-schema-graph\">{\"@context\":\"https:\\\/\\\/schema.org\",\"@graph\":[{\"@type\":\"WebPage\",\"@id\":\"https:\\\/\\\/www.coralcheck.com\\\/guia-de-especies\\\/ordenes\\\/ceriantharia\\\/\",\"url\":\"https:\\\/\\\/www.coralcheck.com\\\/guia-de-especies\\\/ordenes\\\/ceriantharia\\\/\",\"name\":\"Ceriantharia - CoralCheck\",\"isPartOf\":{\"@id\":\"https:\\\/\\\/www.coralcheck.com\\\/guia-de-especies\\\/#website\"},\"datePublished\":\"2025-05-23T11:09:15+00:00\",\"dateModified\":\"2025-06-20T17:36:26+00:00\",\"breadcrumb\":{\"@id\":\"https:\\\/\\\/www.coralcheck.com\\\/guia-de-especies\\\/ordenes\\\/ceriantharia\\\/#breadcrumb\"},\"inLanguage\":\"es\",\"potentialAction\":[{\"@type\":\"ReadAction\",\"target\":[\"https:\\\/\\\/www.coralcheck.com\\\/guia-de-especies\\\/ordenes\\\/ceriantharia\\\/\"]}]},{\"@type\":\"BreadcrumbList\",\"@id\":\"https:\\\/\\\/www.coralcheck.com\\\/guia-de-especies\\\/ordenes\\\/ceriantharia\\\/#breadcrumb\",\"itemListElement\":[{\"@type\":\"ListItem\",\"position\":1,\"name\":\"Portada\",\"item\":\"https:\\\/\\\/www.coralcheck.com\\\/guia-de-especies\\\/\"},{\"@type\":\"ListItem\",\"position\":2,\"name\":\"Ceriantharia\"}]},{\"@type\":\"WebSite\",\"@id\":\"https:\\\/\\\/www.coralcheck.com\\\/guia-de-especies\\\/#website\",\"url\":\"https:\\\/\\\/www.coralcheck.com\\\/guia-de-especies\\\/\",\"name\":\"CoralCheck\",\"description\":\"Gu\u00eda visual y offline de corales y ambientes del Atl\u00e1ntico\",\"publisher\":{\"@id\":\"https:\\\/\\\/www.coralcheck.com\\\/guia-de-especies\\\/#organization\"},\"potentialAction\":[{\"@type\":\"SearchAction\",\"target\":{\"@type\":\"EntryPoint\",\"urlTemplate\":\"https:\\\/\\\/www.coralcheck.com\\\/guia-de-especies\\\/?s={search_term_string}\"},\"query-input\":{\"@type\":\"PropertyValueSpecification\",\"valueRequired\":true,\"valueName\":\"search_term_string\"}}],\"inLanguage\":\"es\"},{\"@type\":\"Organization\",\"@id\":\"https:\\\/\\\/www.coralcheck.com\\\/guia-de-especies\\\/#organization\",\"name\":\"CoralCheck\",\"url\":\"https:\\\/\\\/www.coralcheck.com\\\/guia-de-especies\\\/\",\"logo\":{\"@type\":\"ImageObject\",\"inLanguage\":\"es\",\"@id\":\"https:\\\/\\\/www.coralcheck.com\\\/guia-de-especies\\\/#\\\/schema\\\/logo\\\/image\\\/\",\"url\":\"https:\\\/\\\/www.coralcheck.com\\\/guia-de-especies\\\/wp-content\\\/uploads\\\/2025\\\/08\\\/cropped-cropped-Header-logo-1.png\",\"contentUrl\":\"https:\\\/\\\/www.coralcheck.com\\\/guia-de-especies\\\/wp-content\\\/uploads\\\/2025\\\/08\\\/cropped-cropped-Header-logo-1.png\",\"width\":486,\"height\":150,\"caption\":\"CoralCheck\"},\"image\":{\"@id\":\"https:\\\/\\\/www.coralcheck.com\\\/guia-de-especies\\\/#\\\/schema\\\/logo\\\/image\\\/\"}}]}<\/script>\n<!-- \/ Yoast SEO plugin. -->","yoast_head_json":{"title":"Ceriantharia - CoralCheck","robots":{"index":"index","follow":"follow","max-snippet":"max-snippet:-1","max-image-preview":"max-image-preview:large","max-video-preview":"max-video-preview:-1"},"canonical":"https:\/\/www.coralcheck.com\/guia-de-especies\/ordenes\/ceriantharia\/","og_locale":"es_ES","og_type":"article","og_title":"Ceriantharia - CoralCheck","og_description":"Los ceriantarios, conocidos como an\u00e9monas tubo, son organismos solitarios y alargados, con p\u00f3lipos grandes y habitan en tubos verticales flexibles construidos con secreci\u00f3n mucosa reforzada con part\u00edculas del sedimento y tambi\u00e9n por cnidos especiales (ptycocistos). El tubo queda enterrado en sustratos blandos. Su cuerpo presenta una columna alargada, un disco oral con dos coronas de ... Leer m\u00e1s","og_url":"https:\/\/www.coralcheck.com\/guia-de-especies\/ordenes\/ceriantharia\/","og_site_name":"CoralCheck","article_modified_time":"2025-06-20T17:36:26+00:00","twitter_card":"summary_large_image","twitter_misc":{"Tiempo de lectura":"1 minuto"},"schema":{"@context":"https:\/\/schema.org","@graph":[{"@type":"WebPage","@id":"https:\/\/www.coralcheck.com\/guia-de-especies\/ordenes\/ceriantharia\/","url":"https:\/\/www.coralcheck.com\/guia-de-especies\/ordenes\/ceriantharia\/","name":"Ceriantharia - CoralCheck","isPartOf":{"@id":"https:\/\/www.coralcheck.com\/guia-de-especies\/#website"},"datePublished":"2025-05-23T11:09:15+00:00","dateModified":"2025-06-20T17:36:26+00:00","breadcrumb":{"@id":"https:\/\/www.coralcheck.com\/guia-de-especies\/ordenes\/ceriantharia\/#breadcrumb"},"inLanguage":"es","potentialAction":[{"@type":"ReadAction","target":["https:\/\/www.coralcheck.com\/guia-de-especies\/ordenes\/ceriantharia\/"]}]},{"@type":"BreadcrumbList","@id":"https:\/\/www.coralcheck.com\/guia-de-especies\/ordenes\/ceriantharia\/#breadcrumb","itemListElement":[{"@type":"ListItem","position":1,"name":"Portada","item":"https:\/\/www.coralcheck.com\/guia-de-especies\/"},{"@type":"ListItem","position":2,"name":"Ceriantharia"}]},{"@type":"WebSite","@id":"https:\/\/www.coralcheck.com\/guia-de-especies\/#website","url":"https:\/\/www.coralcheck.com\/guia-de-especies\/","name":"CoralCheck","description":"Gu\u00eda visual y offline de corales y ambientes del Atl\u00e1ntico","publisher":{"@id":"https:\/\/www.coralcheck.com\/guia-de-especies\/#organization"},"potentialAction":[{"@type":"SearchAction","target":{"@type":"EntryPoint","urlTemplate":"https:\/\/www.coralcheck.com\/guia-de-especies\/?s={search_term_string}"},"query-input":{"@type":"PropertyValueSpecification","valueRequired":true,"valueName":"search_term_string"}}],"inLanguage":"es"},{"@type":"Organization","@id":"https:\/\/www.coralcheck.com\/guia-de-especies\/#organization","name":"CoralCheck","url":"https:\/\/www.coralcheck.com\/guia-de-especies\/","logo":{"@type":"ImageObject","inLanguage":"es","@id":"https:\/\/www.coralcheck.com\/guia-de-especies\/#\/schema\/logo\/image\/","url":"https:\/\/www.coralcheck.com\/guia-de-especies\/wp-content\/uploads\/2025\/08\/cropped-cropped-Header-logo-1.png","contentUrl":"https:\/\/www.coralcheck.com\/guia-de-especies\/wp-content\/uploads\/2025\/08\/cropped-cropped-Header-logo-1.png","width":486,"height":150,"caption":"CoralCheck"},"image":{"@id":"https:\/\/www.coralcheck.com\/guia-de-especies\/#\/schema\/logo\/image\/"}}]}},"_links":{"self":[{"href":"https:\/\/www.coralcheck.com\/guia-de-especies\/wp-json\/wp\/v2\/pages\/485","targetHints":{"allow":["GET"]}}],"collection":[{"href":"https:\/\/www.coralcheck.com\/guia-de-especies\/wp-json\/wp\/v2\/pages"}],"about":[{"href":"https:\/\/www.coralcheck.com\/guia-de-especies\/wp-json\/wp\/v2\/types\/page"}],"author":[{"embeddable":true,"href":"https:\/\/www.coralcheck.com\/guia-de-especies\/wp-json\/wp\/v2\/users\/1"}],"replies":[{"embeddable":true,"href":"https:\/\/www.coralcheck.com\/guia-de-especies\/wp-json\/wp\/v2\/comments?post=485"}],"version-history":[{"count":6,"href":"https:\/\/www.coralcheck.com\/guia-de-especies\/wp-json\/wp\/v2\/pages\/485\/revisions"}],"predecessor-version":[{"id":2636,"href":"https:\/\/www.coralcheck.com\/guia-de-especies\/wp-json\/wp\/v2\/pages\/485\/revisions\/2636"}],"up":[{"embeddable":true,"href":"https:\/\/www.coralcheck.com\/guia-de-especies\/wp-json\/wp\/v2\/pages\/157"}],"wp:attachment":[{"href":"https:\/\/www.coralcheck.com\/guia-de-especies\/wp-json\/wp\/v2\/media?parent=485"}],"curies":[{"name":"wp","href":"https:\/\/api.w.org\/{rel}","templated":true}]}}