{"id":479,"date":"2025-05-23T11:08:44","date_gmt":"2025-05-23T11:08:44","guid":{"rendered":"https:\/\/www.coralcheck.com\/guia-de-especies\/?page_id=479"},"modified":"2025-06-18T17:06:21","modified_gmt":"2025-06-18T17:06:21","slug":"actiniaria","status":"publish","type":"page","link":"https:\/\/www.coralcheck.com\/guia-de-especies\/ordenes\/actiniaria\/","title":{"rendered":"Actiniaria"},"content":{"rendered":"\n<div style=\"height:100px\" aria-hidden=\"true\" class=\"wp-block-spacer\"><\/div>\n\n\n\n<div class=\"gb-element-7dc40ced\">\n<div><\/div>\n\n\n\n<div class=\"gb-element-17fc362f contenedor-montserrat\">\n<p>Las especies del orden Actiniaria, conocidas como an\u00e9monas de mar, forman p\u00f3lipos solitarios de cuerpo blando, sin esqueleto y de forma cil\u00edndrica, coronado por tent\u00e1culos dispuestos en m\u00faltiples anillos alrededor de la parte bucal. En Canarias, destacan algunas especies como <em>Actinia mediterranea<\/em> o <em>Anemonia sulcata,<\/em> con tent\u00e1culos verdosos y puntas viol\u00e1ceas. Habitan los sustratos rocosos de zonas intermareales y submareales. Algunas pueden retraerse completamente.<\/p>\n\n\n\n<p>No se tienen que confundir con algunas especies de hidrozoos coloniales. Pese a ser aparentemente inofensivas, contienen c\u00e9lulas utricantes (cnidocitos) para capturar presas o defenderse. Algunas especies presentan fluorescencia.<\/p>\n<\/div>\n\n\n\n<div><\/div>\n<\/div>\n\n\n\n<div style=\"height:300px\" aria-hidden=\"true\" class=\"wp-block-spacer\"><\/div>\n","protected":false},"excerpt":{"rendered":"<p>Las especies del orden Actiniaria, conocidas como an\u00e9monas de mar, forman p\u00f3lipos solitarios de cuerpo blando, sin esqueleto y de forma cil\u00edndrica, coronado por tent\u00e1culos dispuestos en m\u00faltiples anillos alrededor de la parte bucal. En Canarias, destacan algunas especies como Actinia mediterranea o Anemonia sulcata, con tent\u00e1culos verdosos y puntas viol\u00e1ceas. Habitan los sustratos rocosos &#8230; <a title=\"Actiniaria\" class=\"read-more\" href=\"https:\/\/www.coralcheck.com\/guia-de-especies\/ordenes\/actiniaria\/\" aria-label=\"Leer m\u00e1s sobre Actiniaria\">Leer m\u00e1s<\/a><\/p>\n","protected":false},"author":1,"featured_media":0,"parent":157,"menu_order":0,"comment_status":"closed","ping_status":"closed","template":"","meta":{"_acf_changed":false,"_sitemap_exclude":false,"_sitemap_priority":"","_sitemap_frequency":"","footnotes":""},"class_list":["post-479","page","type-page","status-publish"],"acf":[],"yoast_head":"<!-- This site is optimized with the Yoast SEO plugin v27.4 - https:\/\/yoast.com\/product\/yoast-seo-wordpress\/ -->\n<title>Actiniaria - CoralCheck<\/title>\n<meta name=\"robots\" content=\"index, follow, max-snippet:-1, max-image-preview:large, max-video-preview:-1\" \/>\n<link rel=\"canonical\" href=\"https:\/\/www.coralcheck.com\/guia-de-especies\/ordenes\/actiniaria\/\" \/>\n<meta property=\"og:locale\" content=\"es_ES\" \/>\n<meta property=\"og:type\" content=\"article\" \/>\n<meta property=\"og:title\" content=\"Actiniaria - CoralCheck\" \/>\n<meta property=\"og:description\" content=\"Las especies del orden Actiniaria, conocidas como an\u00e9monas de mar, forman p\u00f3lipos solitarios de cuerpo blando, sin esqueleto y de forma cil\u00edndrica, coronado por tent\u00e1culos dispuestos en m\u00faltiples anillos alrededor de la parte bucal. En Canarias, destacan algunas especies como Actinia mediterranea o Anemonia sulcata, con tent\u00e1culos verdosos y puntas viol\u00e1ceas. Habitan los sustratos rocosos ... Leer m\u00e1s\" \/>\n<meta property=\"og:url\" content=\"https:\/\/www.coralcheck.com\/guia-de-especies\/ordenes\/actiniaria\/\" \/>\n<meta property=\"og:site_name\" content=\"CoralCheck\" \/>\n<meta property=\"article:modified_time\" content=\"2025-06-18T17:06:21+00:00\" \/>\n<meta name=\"twitter:card\" content=\"summary_large_image\" \/>\n<meta name=\"twitter:label1\" content=\"Tiempo de lectura\" \/>\n\t<meta name=\"twitter:data1\" content=\"1 minuto\" \/>\n<script type=\"application\/ld+json\" class=\"yoast-schema-graph\">{\"@context\":\"https:\\\/\\\/schema.org\",\"@graph\":[{\"@type\":\"WebPage\",\"@id\":\"https:\\\/\\\/www.coralcheck.com\\\/guia-de-especies\\\/ordenes\\\/actiniaria\\\/\",\"url\":\"https:\\\/\\\/www.coralcheck.com\\\/guia-de-especies\\\/ordenes\\\/actiniaria\\\/\",\"name\":\"Actiniaria - CoralCheck\",\"isPartOf\":{\"@id\":\"https:\\\/\\\/www.coralcheck.com\\\/guia-de-especies\\\/#website\"},\"datePublished\":\"2025-05-23T11:08:44+00:00\",\"dateModified\":\"2025-06-18T17:06:21+00:00\",\"breadcrumb\":{\"@id\":\"https:\\\/\\\/www.coralcheck.com\\\/guia-de-especies\\\/ordenes\\\/actiniaria\\\/#breadcrumb\"},\"inLanguage\":\"es\",\"potentialAction\":[{\"@type\":\"ReadAction\",\"target\":[\"https:\\\/\\\/www.coralcheck.com\\\/guia-de-especies\\\/ordenes\\\/actiniaria\\\/\"]}]},{\"@type\":\"BreadcrumbList\",\"@id\":\"https:\\\/\\\/www.coralcheck.com\\\/guia-de-especies\\\/ordenes\\\/actiniaria\\\/#breadcrumb\",\"itemListElement\":[{\"@type\":\"ListItem\",\"position\":1,\"name\":\"Portada\",\"item\":\"https:\\\/\\\/www.coralcheck.com\\\/guia-de-especies\\\/\"},{\"@type\":\"ListItem\",\"position\":2,\"name\":\"Actiniaria\"}]},{\"@type\":\"WebSite\",\"@id\":\"https:\\\/\\\/www.coralcheck.com\\\/guia-de-especies\\\/#website\",\"url\":\"https:\\\/\\\/www.coralcheck.com\\\/guia-de-especies\\\/\",\"name\":\"CoralCheck\",\"description\":\"Gu\u00eda visual y offline de corales y ambientes del Atl\u00e1ntico\",\"publisher\":{\"@id\":\"https:\\\/\\\/www.coralcheck.com\\\/guia-de-especies\\\/#organization\"},\"potentialAction\":[{\"@type\":\"SearchAction\",\"target\":{\"@type\":\"EntryPoint\",\"urlTemplate\":\"https:\\\/\\\/www.coralcheck.com\\\/guia-de-especies\\\/?s={search_term_string}\"},\"query-input\":{\"@type\":\"PropertyValueSpecification\",\"valueRequired\":true,\"valueName\":\"search_term_string\"}}],\"inLanguage\":\"es\"},{\"@type\":\"Organization\",\"@id\":\"https:\\\/\\\/www.coralcheck.com\\\/guia-de-especies\\\/#organization\",\"name\":\"CoralCheck\",\"url\":\"https:\\\/\\\/www.coralcheck.com\\\/guia-de-especies\\\/\",\"logo\":{\"@type\":\"ImageObject\",\"inLanguage\":\"es\",\"@id\":\"https:\\\/\\\/www.coralcheck.com\\\/guia-de-especies\\\/#\\\/schema\\\/logo\\\/image\\\/\",\"url\":\"https:\\\/\\\/www.coralcheck.com\\\/guia-de-especies\\\/wp-content\\\/uploads\\\/2025\\\/08\\\/cropped-cropped-Header-logo-1.png\",\"contentUrl\":\"https:\\\/\\\/www.coralcheck.com\\\/guia-de-especies\\\/wp-content\\\/uploads\\\/2025\\\/08\\\/cropped-cropped-Header-logo-1.png\",\"width\":486,\"height\":150,\"caption\":\"CoralCheck\"},\"image\":{\"@id\":\"https:\\\/\\\/www.coralcheck.com\\\/guia-de-especies\\\/#\\\/schema\\\/logo\\\/image\\\/\"}}]}<\/script>\n<!-- \/ Yoast SEO plugin. -->","yoast_head_json":{"title":"Actiniaria - CoralCheck","robots":{"index":"index","follow":"follow","max-snippet":"max-snippet:-1","max-image-preview":"max-image-preview:large","max-video-preview":"max-video-preview:-1"},"canonical":"https:\/\/www.coralcheck.com\/guia-de-especies\/ordenes\/actiniaria\/","og_locale":"es_ES","og_type":"article","og_title":"Actiniaria - CoralCheck","og_description":"Las especies del orden Actiniaria, conocidas como an\u00e9monas de mar, forman p\u00f3lipos solitarios de cuerpo blando, sin esqueleto y de forma cil\u00edndrica, coronado por tent\u00e1culos dispuestos en m\u00faltiples anillos alrededor de la parte bucal. En Canarias, destacan algunas especies como Actinia mediterranea o Anemonia sulcata, con tent\u00e1culos verdosos y puntas viol\u00e1ceas. Habitan los sustratos rocosos ... Leer m\u00e1s","og_url":"https:\/\/www.coralcheck.com\/guia-de-especies\/ordenes\/actiniaria\/","og_site_name":"CoralCheck","article_modified_time":"2025-06-18T17:06:21+00:00","twitter_card":"summary_large_image","twitter_misc":{"Tiempo de lectura":"1 minuto"},"schema":{"@context":"https:\/\/schema.org","@graph":[{"@type":"WebPage","@id":"https:\/\/www.coralcheck.com\/guia-de-especies\/ordenes\/actiniaria\/","url":"https:\/\/www.coralcheck.com\/guia-de-especies\/ordenes\/actiniaria\/","name":"Actiniaria - CoralCheck","isPartOf":{"@id":"https:\/\/www.coralcheck.com\/guia-de-especies\/#website"},"datePublished":"2025-05-23T11:08:44+00:00","dateModified":"2025-06-18T17:06:21+00:00","breadcrumb":{"@id":"https:\/\/www.coralcheck.com\/guia-de-especies\/ordenes\/actiniaria\/#breadcrumb"},"inLanguage":"es","potentialAction":[{"@type":"ReadAction","target":["https:\/\/www.coralcheck.com\/guia-de-especies\/ordenes\/actiniaria\/"]}]},{"@type":"BreadcrumbList","@id":"https:\/\/www.coralcheck.com\/guia-de-especies\/ordenes\/actiniaria\/#breadcrumb","itemListElement":[{"@type":"ListItem","position":1,"name":"Portada","item":"https:\/\/www.coralcheck.com\/guia-de-especies\/"},{"@type":"ListItem","position":2,"name":"Actiniaria"}]},{"@type":"WebSite","@id":"https:\/\/www.coralcheck.com\/guia-de-especies\/#website","url":"https:\/\/www.coralcheck.com\/guia-de-especies\/","name":"CoralCheck","description":"Gu\u00eda visual y offline de corales y ambientes del Atl\u00e1ntico","publisher":{"@id":"https:\/\/www.coralcheck.com\/guia-de-especies\/#organization"},"potentialAction":[{"@type":"SearchAction","target":{"@type":"EntryPoint","urlTemplate":"https:\/\/www.coralcheck.com\/guia-de-especies\/?s={search_term_string}"},"query-input":{"@type":"PropertyValueSpecification","valueRequired":true,"valueName":"search_term_string"}}],"inLanguage":"es"},{"@type":"Organization","@id":"https:\/\/www.coralcheck.com\/guia-de-especies\/#organization","name":"CoralCheck","url":"https:\/\/www.coralcheck.com\/guia-de-especies\/","logo":{"@type":"ImageObject","inLanguage":"es","@id":"https:\/\/www.coralcheck.com\/guia-de-especies\/#\/schema\/logo\/image\/","url":"https:\/\/www.coralcheck.com\/guia-de-especies\/wp-content\/uploads\/2025\/08\/cropped-cropped-Header-logo-1.png","contentUrl":"https:\/\/www.coralcheck.com\/guia-de-especies\/wp-content\/uploads\/2025\/08\/cropped-cropped-Header-logo-1.png","width":486,"height":150,"caption":"CoralCheck"},"image":{"@id":"https:\/\/www.coralcheck.com\/guia-de-especies\/#\/schema\/logo\/image\/"}}]}},"_links":{"self":[{"href":"https:\/\/www.coralcheck.com\/guia-de-especies\/wp-json\/wp\/v2\/pages\/479","targetHints":{"allow":["GET"]}}],"collection":[{"href":"https:\/\/www.coralcheck.com\/guia-de-especies\/wp-json\/wp\/v2\/pages"}],"about":[{"href":"https:\/\/www.coralcheck.com\/guia-de-especies\/wp-json\/wp\/v2\/types\/page"}],"author":[{"embeddable":true,"href":"https:\/\/www.coralcheck.com\/guia-de-especies\/wp-json\/wp\/v2\/users\/1"}],"replies":[{"embeddable":true,"href":"https:\/\/www.coralcheck.com\/guia-de-especies\/wp-json\/wp\/v2\/comments?post=479"}],"version-history":[{"count":15,"href":"https:\/\/www.coralcheck.com\/guia-de-especies\/wp-json\/wp\/v2\/pages\/479\/revisions"}],"predecessor-version":[{"id":2397,"href":"https:\/\/www.coralcheck.com\/guia-de-especies\/wp-json\/wp\/v2\/pages\/479\/revisions\/2397"}],"up":[{"embeddable":true,"href":"https:\/\/www.coralcheck.com\/guia-de-especies\/wp-json\/wp\/v2\/pages\/157"}],"wp:attachment":[{"href":"https:\/\/www.coralcheck.com\/guia-de-especies\/wp-json\/wp\/v2\/media?parent=479"}],"curies":[{"name":"wp","href":"https:\/\/api.w.org\/{rel}","templated":true}]}}