{"id":475,"date":"2025-05-23T10:35:17","date_gmt":"2025-05-23T10:35:17","guid":{"rendered":"https:\/\/www.coralcheck.com\/guia-de-especies\/?page_id=475"},"modified":"2025-06-24T23:37:36","modified_gmt":"2025-06-24T23:37:36","slug":"scyphozoa","status":"publish","type":"page","link":"https:\/\/www.coralcheck.com\/guia-de-especies\/clases\/scyphozoa\/","title":{"rendered":"Scyphozoa"},"content":{"rendered":"\n<div style=\"height:100px\" aria-hidden=\"true\" class=\"wp-block-spacer\"><\/div>\n\n\n\n<div class=\"gb-element-01449dc3 contenedor-montserrat\">\n<div class=\"gb-element-b7901403\">\n<div>\n<p class=\"has-text-color has-link-color wp-elements-44c51ff8fb66376aa34c5c2920e0a09e\" style=\"color:#062438\"><\/p>\n\n\n\n<p class=\"has-text-color has-link-color wp-elements-fb66d8bfb7d1a1e38064cf90e6599b74\" style=\"color:#062438\">Los escifozoos representan a las medusas \u00abverdaderas\u00bb, y se distinguen por tener una fase medusa dominante en su ciclo de vida. El p\u00f3lipo (llamado escifistoma) es generalmente peque\u00f1o y poco conspicuo, y su funci\u00f3n principal es la reproducci\u00f3n asexual por estrobilaci\u00f3n, proceso mediante el cual se liberan peque\u00f1as medusas inmaduras llamadas \u00e9firas.<\/p>\n<\/div>\n\n\n\n<div class=\"gb-element-baaf5262\"><\/div>\n\n\n\n<p class=\"has-text-color has-link-color wp-elements-90448be45ac37bf3fef68f9525dee04a\" style=\"color:#062438\">\u00d3denes que pertecen a esta clase : <a href=\"https:\/\/www.coralcheck.com\/guia-de-especies\/ordenes\/coronatae\/\" data-type=\"page\" data-id=\"524\"><strong>Coronatae<\/strong><\/a><\/p>\n<\/div>\n<\/div>\n\n\n\n<div style=\"height:100px\" aria-hidden=\"true\" class=\"wp-block-spacer\"><\/div>\n","protected":false},"excerpt":{"rendered":"<p>Los escifozoos representan a las medusas \u00abverdaderas\u00bb, y se distinguen por tener una fase medusa dominante en su ciclo de vida. El p\u00f3lipo (llamado escifistoma) es generalmente peque\u00f1o y poco conspicuo, y su funci\u00f3n principal es la reproducci\u00f3n asexual por estrobilaci\u00f3n, proceso mediante el cual se liberan peque\u00f1as medusas inmaduras llamadas \u00e9firas. \u00d3denes que pertecen &#8230; <a title=\"Scyphozoa\" class=\"read-more\" href=\"https:\/\/www.coralcheck.com\/guia-de-especies\/clases\/scyphozoa\/\" aria-label=\"Leer m\u00e1s sobre Scyphozoa\">Leer m\u00e1s<\/a><\/p>\n","protected":false},"author":1,"featured_media":0,"parent":154,"menu_order":0,"comment_status":"closed","ping_status":"closed","template":"","meta":{"_acf_changed":false,"_sitemap_exclude":false,"_sitemap_priority":"","_sitemap_frequency":"","footnotes":""},"class_list":["post-475","page","type-page","status-publish"],"acf":[],"yoast_head":"<!-- This site is optimized with the Yoast SEO plugin v27.4 - https:\/\/yoast.com\/product\/yoast-seo-wordpress\/ -->\n<title>Scyphozoa - CoralCheck<\/title>\n<meta name=\"robots\" content=\"index, follow, max-snippet:-1, max-image-preview:large, max-video-preview:-1\" \/>\n<link rel=\"canonical\" href=\"https:\/\/www.coralcheck.com\/guia-de-especies\/clases\/scyphozoa\/\" \/>\n<meta property=\"og:locale\" content=\"es_ES\" \/>\n<meta property=\"og:type\" content=\"article\" \/>\n<meta property=\"og:title\" content=\"Scyphozoa - CoralCheck\" \/>\n<meta property=\"og:description\" content=\"Los escifozoos representan a las medusas \u00abverdaderas\u00bb, y se distinguen por tener una fase medusa dominante en su ciclo de vida. El p\u00f3lipo (llamado escifistoma) es generalmente peque\u00f1o y poco conspicuo, y su funci\u00f3n principal es la reproducci\u00f3n asexual por estrobilaci\u00f3n, proceso mediante el cual se liberan peque\u00f1as medusas inmaduras llamadas \u00e9firas. \u00d3denes que pertecen ... Leer m\u00e1s\" \/>\n<meta property=\"og:url\" content=\"https:\/\/www.coralcheck.com\/guia-de-especies\/clases\/scyphozoa\/\" \/>\n<meta property=\"og:site_name\" content=\"CoralCheck\" \/>\n<meta property=\"article:modified_time\" content=\"2025-06-24T23:37:36+00:00\" \/>\n<meta name=\"twitter:card\" content=\"summary_large_image\" \/>\n<script type=\"application\/ld+json\" class=\"yoast-schema-graph\">{\"@context\":\"https:\\\/\\\/schema.org\",\"@graph\":[{\"@type\":\"WebPage\",\"@id\":\"https:\\\/\\\/www.coralcheck.com\\\/guia-de-especies\\\/clases\\\/scyphozoa\\\/\",\"url\":\"https:\\\/\\\/www.coralcheck.com\\\/guia-de-especies\\\/clases\\\/scyphozoa\\\/\",\"name\":\"Scyphozoa - CoralCheck\",\"isPartOf\":{\"@id\":\"https:\\\/\\\/www.coralcheck.com\\\/guia-de-especies\\\/#website\"},\"datePublished\":\"2025-05-23T10:35:17+00:00\",\"dateModified\":\"2025-06-24T23:37:36+00:00\",\"breadcrumb\":{\"@id\":\"https:\\\/\\\/www.coralcheck.com\\\/guia-de-especies\\\/clases\\\/scyphozoa\\\/#breadcrumb\"},\"inLanguage\":\"es\",\"potentialAction\":[{\"@type\":\"ReadAction\",\"target\":[\"https:\\\/\\\/www.coralcheck.com\\\/guia-de-especies\\\/clases\\\/scyphozoa\\\/\"]}]},{\"@type\":\"BreadcrumbList\",\"@id\":\"https:\\\/\\\/www.coralcheck.com\\\/guia-de-especies\\\/clases\\\/scyphozoa\\\/#breadcrumb\",\"itemListElement\":[{\"@type\":\"ListItem\",\"position\":1,\"name\":\"Portada\",\"item\":\"https:\\\/\\\/www.coralcheck.com\\\/guia-de-especies\\\/\"},{\"@type\":\"ListItem\",\"position\":2,\"name\":\"Scyphozoa\"}]},{\"@type\":\"WebSite\",\"@id\":\"https:\\\/\\\/www.coralcheck.com\\\/guia-de-especies\\\/#website\",\"url\":\"https:\\\/\\\/www.coralcheck.com\\\/guia-de-especies\\\/\",\"name\":\"CoralCheck\",\"description\":\"Gu\u00eda visual y offline de corales y ambientes del Atl\u00e1ntico\",\"publisher\":{\"@id\":\"https:\\\/\\\/www.coralcheck.com\\\/guia-de-especies\\\/#organization\"},\"potentialAction\":[{\"@type\":\"SearchAction\",\"target\":{\"@type\":\"EntryPoint\",\"urlTemplate\":\"https:\\\/\\\/www.coralcheck.com\\\/guia-de-especies\\\/?s={search_term_string}\"},\"query-input\":{\"@type\":\"PropertyValueSpecification\",\"valueRequired\":true,\"valueName\":\"search_term_string\"}}],\"inLanguage\":\"es\"},{\"@type\":\"Organization\",\"@id\":\"https:\\\/\\\/www.coralcheck.com\\\/guia-de-especies\\\/#organization\",\"name\":\"CoralCheck\",\"url\":\"https:\\\/\\\/www.coralcheck.com\\\/guia-de-especies\\\/\",\"logo\":{\"@type\":\"ImageObject\",\"inLanguage\":\"es\",\"@id\":\"https:\\\/\\\/www.coralcheck.com\\\/guia-de-especies\\\/#\\\/schema\\\/logo\\\/image\\\/\",\"url\":\"https:\\\/\\\/www.coralcheck.com\\\/guia-de-especies\\\/wp-content\\\/uploads\\\/2025\\\/08\\\/cropped-cropped-Header-logo-1.png\",\"contentUrl\":\"https:\\\/\\\/www.coralcheck.com\\\/guia-de-especies\\\/wp-content\\\/uploads\\\/2025\\\/08\\\/cropped-cropped-Header-logo-1.png\",\"width\":486,\"height\":150,\"caption\":\"CoralCheck\"},\"image\":{\"@id\":\"https:\\\/\\\/www.coralcheck.com\\\/guia-de-especies\\\/#\\\/schema\\\/logo\\\/image\\\/\"}}]}<\/script>\n<!-- \/ Yoast SEO plugin. -->","yoast_head_json":{"title":"Scyphozoa - CoralCheck","robots":{"index":"index","follow":"follow","max-snippet":"max-snippet:-1","max-image-preview":"max-image-preview:large","max-video-preview":"max-video-preview:-1"},"canonical":"https:\/\/www.coralcheck.com\/guia-de-especies\/clases\/scyphozoa\/","og_locale":"es_ES","og_type":"article","og_title":"Scyphozoa - CoralCheck","og_description":"Los escifozoos representan a las medusas \u00abverdaderas\u00bb, y se distinguen por tener una fase medusa dominante en su ciclo de vida. El p\u00f3lipo (llamado escifistoma) es generalmente peque\u00f1o y poco conspicuo, y su funci\u00f3n principal es la reproducci\u00f3n asexual por estrobilaci\u00f3n, proceso mediante el cual se liberan peque\u00f1as medusas inmaduras llamadas \u00e9firas. \u00d3denes que pertecen ... Leer m\u00e1s","og_url":"https:\/\/www.coralcheck.com\/guia-de-especies\/clases\/scyphozoa\/","og_site_name":"CoralCheck","article_modified_time":"2025-06-24T23:37:36+00:00","twitter_card":"summary_large_image","schema":{"@context":"https:\/\/schema.org","@graph":[{"@type":"WebPage","@id":"https:\/\/www.coralcheck.com\/guia-de-especies\/clases\/scyphozoa\/","url":"https:\/\/www.coralcheck.com\/guia-de-especies\/clases\/scyphozoa\/","name":"Scyphozoa - CoralCheck","isPartOf":{"@id":"https:\/\/www.coralcheck.com\/guia-de-especies\/#website"},"datePublished":"2025-05-23T10:35:17+00:00","dateModified":"2025-06-24T23:37:36+00:00","breadcrumb":{"@id":"https:\/\/www.coralcheck.com\/guia-de-especies\/clases\/scyphozoa\/#breadcrumb"},"inLanguage":"es","potentialAction":[{"@type":"ReadAction","target":["https:\/\/www.coralcheck.com\/guia-de-especies\/clases\/scyphozoa\/"]}]},{"@type":"BreadcrumbList","@id":"https:\/\/www.coralcheck.com\/guia-de-especies\/clases\/scyphozoa\/#breadcrumb","itemListElement":[{"@type":"ListItem","position":1,"name":"Portada","item":"https:\/\/www.coralcheck.com\/guia-de-especies\/"},{"@type":"ListItem","position":2,"name":"Scyphozoa"}]},{"@type":"WebSite","@id":"https:\/\/www.coralcheck.com\/guia-de-especies\/#website","url":"https:\/\/www.coralcheck.com\/guia-de-especies\/","name":"CoralCheck","description":"Gu\u00eda visual y offline de corales y ambientes del Atl\u00e1ntico","publisher":{"@id":"https:\/\/www.coralcheck.com\/guia-de-especies\/#organization"},"potentialAction":[{"@type":"SearchAction","target":{"@type":"EntryPoint","urlTemplate":"https:\/\/www.coralcheck.com\/guia-de-especies\/?s={search_term_string}"},"query-input":{"@type":"PropertyValueSpecification","valueRequired":true,"valueName":"search_term_string"}}],"inLanguage":"es"},{"@type":"Organization","@id":"https:\/\/www.coralcheck.com\/guia-de-especies\/#organization","name":"CoralCheck","url":"https:\/\/www.coralcheck.com\/guia-de-especies\/","logo":{"@type":"ImageObject","inLanguage":"es","@id":"https:\/\/www.coralcheck.com\/guia-de-especies\/#\/schema\/logo\/image\/","url":"https:\/\/www.coralcheck.com\/guia-de-especies\/wp-content\/uploads\/2025\/08\/cropped-cropped-Header-logo-1.png","contentUrl":"https:\/\/www.coralcheck.com\/guia-de-especies\/wp-content\/uploads\/2025\/08\/cropped-cropped-Header-logo-1.png","width":486,"height":150,"caption":"CoralCheck"},"image":{"@id":"https:\/\/www.coralcheck.com\/guia-de-especies\/#\/schema\/logo\/image\/"}}]}},"_links":{"self":[{"href":"https:\/\/www.coralcheck.com\/guia-de-especies\/wp-json\/wp\/v2\/pages\/475","targetHints":{"allow":["GET"]}}],"collection":[{"href":"https:\/\/www.coralcheck.com\/guia-de-especies\/wp-json\/wp\/v2\/pages"}],"about":[{"href":"https:\/\/www.coralcheck.com\/guia-de-especies\/wp-json\/wp\/v2\/types\/page"}],"author":[{"embeddable":true,"href":"https:\/\/www.coralcheck.com\/guia-de-especies\/wp-json\/wp\/v2\/users\/1"}],"replies":[{"embeddable":true,"href":"https:\/\/www.coralcheck.com\/guia-de-especies\/wp-json\/wp\/v2\/comments?post=475"}],"version-history":[{"count":23,"href":"https:\/\/www.coralcheck.com\/guia-de-especies\/wp-json\/wp\/v2\/pages\/475\/revisions"}],"predecessor-version":[{"id":2775,"href":"https:\/\/www.coralcheck.com\/guia-de-especies\/wp-json\/wp\/v2\/pages\/475\/revisions\/2775"}],"up":[{"embeddable":true,"href":"https:\/\/www.coralcheck.com\/guia-de-especies\/wp-json\/wp\/v2\/pages\/154"}],"wp:attachment":[{"href":"https:\/\/www.coralcheck.com\/guia-de-especies\/wp-json\/wp\/v2\/media?parent=475"}],"curies":[{"name":"wp","href":"https:\/\/api.w.org\/{rel}","templated":true}]}}