{"id":472,"date":"2025-05-23T10:34:59","date_gmt":"2025-05-23T10:34:59","guid":{"rendered":"https:\/\/www.coralcheck.com\/guia-de-especies\/clases\/hydrozoa\/"},"modified":"2025-06-22T20:24:20","modified_gmt":"2025-06-22T20:24:20","slug":"hydrozoa","status":"publish","type":"page","link":"https:\/\/www.coralcheck.com\/guia-de-especies\/clases\/hydrozoa\/","title":{"rendered":"Hydrozoa"},"content":{"rendered":"\n<div class=\"gb-element-d7ef02a7 contenedor-montserrat\">\n<div class=\"gb-element-1514d6ca\">\n<div>\n<p class=\"has-text-color has-link-color wp-elements-44c51ff8fb66376aa34c5c2920e0a09e\" style=\"color:#062438\"><\/p>\n\n\n\n<p class=\"has-text-color has-link-color wp-elements-eef3a713fdea6b09599ab9e3136a84c9\" style=\"color:#062438\">Los hidrozoos pueden presentarse como formas solitarias o coloniales. Su ciclo de vida t\u00edpicamente incluye tanto una fase p\u00f3lipo como una fase medusa, aunque en muchos grupos una de estas fases puede estar reducida o ausente. Su sistema nervioso es relativamente simple, y algunas especies presentan estructuras sensoriales b\u00e1sicas. <\/p>\n\n\n\n<p class=\"has-text-color has-link-color wp-elements-6a83ddc77cab6d8d31ea29f8d0e6e4ff\" style=\"color:#062438\">En cuanto a la reproducci\u00f3n, pueden reproducirse tanto sexual como asexualmente, y muchas especies tienen una alternancia de generaciones bien definida.<\/p>\n<\/div>\n\n\n\n<div class=\"gb-element-a44a8bcd\">\n<figure class=\"wp-block-image size-medium is-resized\"><img fetchpriority=\"high\" decoding=\"async\" width=\"300\" height=\"240\" src=\"https:\/\/www.coralcheck.com\/guia-de-especies\/wp-content\/uploads\/2025\/05\/Polish_20250609_172536160-300x240.jpg\" alt=\"\" class=\"wp-image-2671\" style=\"width:352px;height:auto\" srcset=\"https:\/\/www.coralcheck.com\/guia-de-especies\/wp-content\/uploads\/2025\/05\/Polish_20250609_172536160-300x240.jpg 300w, https:\/\/www.coralcheck.com\/guia-de-especies\/wp-content\/uploads\/2025\/05\/Polish_20250609_172536160-1024x819.jpg 1024w, https:\/\/www.coralcheck.com\/guia-de-especies\/wp-content\/uploads\/2025\/05\/Polish_20250609_172536160-768x614.jpg 768w, https:\/\/www.coralcheck.com\/guia-de-especies\/wp-content\/uploads\/2025\/05\/Polish_20250609_172536160-1536x1228.jpg 1536w, https:\/\/www.coralcheck.com\/guia-de-especies\/wp-content\/uploads\/2025\/05\/Polish_20250609_172536160-2048x1637.jpg 2048w\" sizes=\"(max-width: 300px) 100vw, 300px\" \/><\/figure>\n\n\n\n<p class=\"has-text-align-right has-text-color has-link-color has-small-font-size wp-elements-0f85b89ea10b3fb1ad04297fc4a5267c\" style=\"color:#062438\">Autora: M\u00aa del Carmen Hoyos Rodr\u00edguez<\/p>\n<\/div>\n<\/div>\n\n\n\n<p class=\"has-text-color has-link-color wp-elements-622b7a34f6a94d49f144ec30c6a2203e\" style=\"color:#062438\">\u00d3rdenes que pertenecen a esta clase: <a href=\"https:\/\/www.coralcheck.com\/guia-de-especies\/leptothecata\/\"><strong>Leptothecata<\/strong><\/a>, <strong><a href=\"https:\/\/www.coralcheck.com\/guia-de-especies\/glosarios\/anthotecata\/\">Anthoathecata<\/a><\/strong>, <strong><a href=\"https:\/\/www.coralcheck.com\/guia-de-especies\/narcomedusae\/\">Narcomedusae<\/a><\/strong> y <strong><a href=\"https:\/\/www.coralcheck.com\/guia-de-especies\/limnomedusae\/\">Limnomedusae<\/a><\/strong><\/p>\n<\/div>\n\n\n\n<div style=\"height:64px\" aria-hidden=\"true\" class=\"wp-block-spacer\"><\/div>\n","protected":false},"excerpt":{"rendered":"<p>Los hidrozoos pueden presentarse como formas solitarias o coloniales. Su ciclo de vida t\u00edpicamente incluye tanto una fase p\u00f3lipo como una fase medusa, aunque en muchos grupos una de estas fases puede estar reducida o ausente. Su sistema nervioso es relativamente simple, y algunas especies presentan estructuras sensoriales b\u00e1sicas. En cuanto a la reproducci\u00f3n, pueden &#8230; <a title=\"Hydrozoa\" class=\"read-more\" href=\"https:\/\/www.coralcheck.com\/guia-de-especies\/clases\/hydrozoa\/\" aria-label=\"Leer m\u00e1s sobre Hydrozoa\">Leer m\u00e1s<\/a><\/p>\n","protected":false},"author":1,"featured_media":0,"parent":154,"menu_order":0,"comment_status":"closed","ping_status":"closed","template":"","meta":{"_acf_changed":false,"_sitemap_exclude":false,"_sitemap_priority":"","_sitemap_frequency":"","footnotes":""},"class_list":["post-472","page","type-page","status-publish"],"acf":[],"yoast_head":"<!-- This site is optimized with the Yoast SEO plugin v27.4 - https:\/\/yoast.com\/product\/yoast-seo-wordpress\/ -->\n<title>Hydrozoa - CoralCheck<\/title>\n<meta name=\"robots\" content=\"index, follow, max-snippet:-1, max-image-preview:large, max-video-preview:-1\" \/>\n<link rel=\"canonical\" href=\"https:\/\/www.coralcheck.com\/guia-de-especies\/clases\/hydrozoa\/\" \/>\n<meta property=\"og:locale\" content=\"es_ES\" \/>\n<meta property=\"og:type\" content=\"article\" \/>\n<meta property=\"og:title\" content=\"Hydrozoa - CoralCheck\" \/>\n<meta property=\"og:description\" content=\"Los hidrozoos pueden presentarse como formas solitarias o coloniales. Su ciclo de vida t\u00edpicamente incluye tanto una fase p\u00f3lipo como una fase medusa, aunque en muchos grupos una de estas fases puede estar reducida o ausente. Su sistema nervioso es relativamente simple, y algunas especies presentan estructuras sensoriales b\u00e1sicas. En cuanto a la reproducci\u00f3n, pueden ... Leer m\u00e1s\" \/>\n<meta property=\"og:url\" content=\"https:\/\/www.coralcheck.com\/guia-de-especies\/clases\/hydrozoa\/\" \/>\n<meta property=\"og:site_name\" content=\"CoralCheck\" \/>\n<meta property=\"article:modified_time\" content=\"2025-06-22T20:24:20+00:00\" \/>\n<meta property=\"og:image\" content=\"https:\/\/www.coralcheck.com\/guia-de-especies\/wp-content\/uploads\/2025\/05\/Polish_20250609_172536160-300x240.jpg\" \/>\n<meta name=\"twitter:card\" content=\"summary_large_image\" \/>\n<script type=\"application\/ld+json\" class=\"yoast-schema-graph\">{\"@context\":\"https:\\\/\\\/schema.org\",\"@graph\":[{\"@type\":\"WebPage\",\"@id\":\"https:\\\/\\\/www.coralcheck.com\\\/guia-de-especies\\\/clases\\\/hydrozoa\\\/\",\"url\":\"https:\\\/\\\/www.coralcheck.com\\\/guia-de-especies\\\/clases\\\/hydrozoa\\\/\",\"name\":\"Hydrozoa - CoralCheck\",\"isPartOf\":{\"@id\":\"https:\\\/\\\/www.coralcheck.com\\\/guia-de-especies\\\/#website\"},\"primaryImageOfPage\":{\"@id\":\"https:\\\/\\\/www.coralcheck.com\\\/guia-de-especies\\\/clases\\\/hydrozoa\\\/#primaryimage\"},\"image\":{\"@id\":\"https:\\\/\\\/www.coralcheck.com\\\/guia-de-especies\\\/clases\\\/hydrozoa\\\/#primaryimage\"},\"thumbnailUrl\":\"https:\\\/\\\/www.coralcheck.com\\\/guia-de-especies\\\/wp-content\\\/uploads\\\/2025\\\/05\\\/Polish_20250609_172536160-300x240.jpg\",\"datePublished\":\"2025-05-23T10:34:59+00:00\",\"dateModified\":\"2025-06-22T20:24:20+00:00\",\"breadcrumb\":{\"@id\":\"https:\\\/\\\/www.coralcheck.com\\\/guia-de-especies\\\/clases\\\/hydrozoa\\\/#breadcrumb\"},\"inLanguage\":\"es\",\"potentialAction\":[{\"@type\":\"ReadAction\",\"target\":[\"https:\\\/\\\/www.coralcheck.com\\\/guia-de-especies\\\/clases\\\/hydrozoa\\\/\"]}]},{\"@type\":\"ImageObject\",\"inLanguage\":\"es\",\"@id\":\"https:\\\/\\\/www.coralcheck.com\\\/guia-de-especies\\\/clases\\\/hydrozoa\\\/#primaryimage\",\"url\":\"https:\\\/\\\/www.coralcheck.com\\\/guia-de-especies\\\/wp-content\\\/uploads\\\/2025\\\/05\\\/Polish_20250609_172536160-scaled.jpg\",\"contentUrl\":\"https:\\\/\\\/www.coralcheck.com\\\/guia-de-especies\\\/wp-content\\\/uploads\\\/2025\\\/05\\\/Polish_20250609_172536160-scaled.jpg\",\"width\":2560,\"height\":2047},{\"@type\":\"BreadcrumbList\",\"@id\":\"https:\\\/\\\/www.coralcheck.com\\\/guia-de-especies\\\/clases\\\/hydrozoa\\\/#breadcrumb\",\"itemListElement\":[{\"@type\":\"ListItem\",\"position\":1,\"name\":\"Portada\",\"item\":\"https:\\\/\\\/www.coralcheck.com\\\/guia-de-especies\\\/\"},{\"@type\":\"ListItem\",\"position\":2,\"name\":\"Hydrozoa\"}]},{\"@type\":\"WebSite\",\"@id\":\"https:\\\/\\\/www.coralcheck.com\\\/guia-de-especies\\\/#website\",\"url\":\"https:\\\/\\\/www.coralcheck.com\\\/guia-de-especies\\\/\",\"name\":\"CoralCheck\",\"description\":\"Gu\u00eda visual y offline de corales y ambientes del Atl\u00e1ntico\",\"publisher\":{\"@id\":\"https:\\\/\\\/www.coralcheck.com\\\/guia-de-especies\\\/#organization\"},\"potentialAction\":[{\"@type\":\"SearchAction\",\"target\":{\"@type\":\"EntryPoint\",\"urlTemplate\":\"https:\\\/\\\/www.coralcheck.com\\\/guia-de-especies\\\/?s={search_term_string}\"},\"query-input\":{\"@type\":\"PropertyValueSpecification\",\"valueRequired\":true,\"valueName\":\"search_term_string\"}}],\"inLanguage\":\"es\"},{\"@type\":\"Organization\",\"@id\":\"https:\\\/\\\/www.coralcheck.com\\\/guia-de-especies\\\/#organization\",\"name\":\"CoralCheck\",\"url\":\"https:\\\/\\\/www.coralcheck.com\\\/guia-de-especies\\\/\",\"logo\":{\"@type\":\"ImageObject\",\"inLanguage\":\"es\",\"@id\":\"https:\\\/\\\/www.coralcheck.com\\\/guia-de-especies\\\/#\\\/schema\\\/logo\\\/image\\\/\",\"url\":\"https:\\\/\\\/www.coralcheck.com\\\/guia-de-especies\\\/wp-content\\\/uploads\\\/2025\\\/08\\\/cropped-cropped-Header-logo-1.png\",\"contentUrl\":\"https:\\\/\\\/www.coralcheck.com\\\/guia-de-especies\\\/wp-content\\\/uploads\\\/2025\\\/08\\\/cropped-cropped-Header-logo-1.png\",\"width\":486,\"height\":150,\"caption\":\"CoralCheck\"},\"image\":{\"@id\":\"https:\\\/\\\/www.coralcheck.com\\\/guia-de-especies\\\/#\\\/schema\\\/logo\\\/image\\\/\"}}]}<\/script>\n<!-- \/ Yoast SEO plugin. -->","yoast_head_json":{"title":"Hydrozoa - CoralCheck","robots":{"index":"index","follow":"follow","max-snippet":"max-snippet:-1","max-image-preview":"max-image-preview:large","max-video-preview":"max-video-preview:-1"},"canonical":"https:\/\/www.coralcheck.com\/guia-de-especies\/clases\/hydrozoa\/","og_locale":"es_ES","og_type":"article","og_title":"Hydrozoa - CoralCheck","og_description":"Los hidrozoos pueden presentarse como formas solitarias o coloniales. Su ciclo de vida t\u00edpicamente incluye tanto una fase p\u00f3lipo como una fase medusa, aunque en muchos grupos una de estas fases puede estar reducida o ausente. Su sistema nervioso es relativamente simple, y algunas especies presentan estructuras sensoriales b\u00e1sicas. En cuanto a la reproducci\u00f3n, pueden ... Leer m\u00e1s","og_url":"https:\/\/www.coralcheck.com\/guia-de-especies\/clases\/hydrozoa\/","og_site_name":"CoralCheck","article_modified_time":"2025-06-22T20:24:20+00:00","og_image":[{"url":"https:\/\/www.coralcheck.com\/guia-de-especies\/wp-content\/uploads\/2025\/05\/Polish_20250609_172536160-300x240.jpg","type":"","width":"","height":""}],"twitter_card":"summary_large_image","schema":{"@context":"https:\/\/schema.org","@graph":[{"@type":"WebPage","@id":"https:\/\/www.coralcheck.com\/guia-de-especies\/clases\/hydrozoa\/","url":"https:\/\/www.coralcheck.com\/guia-de-especies\/clases\/hydrozoa\/","name":"Hydrozoa - CoralCheck","isPartOf":{"@id":"https:\/\/www.coralcheck.com\/guia-de-especies\/#website"},"primaryImageOfPage":{"@id":"https:\/\/www.coralcheck.com\/guia-de-especies\/clases\/hydrozoa\/#primaryimage"},"image":{"@id":"https:\/\/www.coralcheck.com\/guia-de-especies\/clases\/hydrozoa\/#primaryimage"},"thumbnailUrl":"https:\/\/www.coralcheck.com\/guia-de-especies\/wp-content\/uploads\/2025\/05\/Polish_20250609_172536160-300x240.jpg","datePublished":"2025-05-23T10:34:59+00:00","dateModified":"2025-06-22T20:24:20+00:00","breadcrumb":{"@id":"https:\/\/www.coralcheck.com\/guia-de-especies\/clases\/hydrozoa\/#breadcrumb"},"inLanguage":"es","potentialAction":[{"@type":"ReadAction","target":["https:\/\/www.coralcheck.com\/guia-de-especies\/clases\/hydrozoa\/"]}]},{"@type":"ImageObject","inLanguage":"es","@id":"https:\/\/www.coralcheck.com\/guia-de-especies\/clases\/hydrozoa\/#primaryimage","url":"https:\/\/www.coralcheck.com\/guia-de-especies\/wp-content\/uploads\/2025\/05\/Polish_20250609_172536160-scaled.jpg","contentUrl":"https:\/\/www.coralcheck.com\/guia-de-especies\/wp-content\/uploads\/2025\/05\/Polish_20250609_172536160-scaled.jpg","width":2560,"height":2047},{"@type":"BreadcrumbList","@id":"https:\/\/www.coralcheck.com\/guia-de-especies\/clases\/hydrozoa\/#breadcrumb","itemListElement":[{"@type":"ListItem","position":1,"name":"Portada","item":"https:\/\/www.coralcheck.com\/guia-de-especies\/"},{"@type":"ListItem","position":2,"name":"Hydrozoa"}]},{"@type":"WebSite","@id":"https:\/\/www.coralcheck.com\/guia-de-especies\/#website","url":"https:\/\/www.coralcheck.com\/guia-de-especies\/","name":"CoralCheck","description":"Gu\u00eda visual y offline de corales y ambientes del Atl\u00e1ntico","publisher":{"@id":"https:\/\/www.coralcheck.com\/guia-de-especies\/#organization"},"potentialAction":[{"@type":"SearchAction","target":{"@type":"EntryPoint","urlTemplate":"https:\/\/www.coralcheck.com\/guia-de-especies\/?s={search_term_string}"},"query-input":{"@type":"PropertyValueSpecification","valueRequired":true,"valueName":"search_term_string"}}],"inLanguage":"es"},{"@type":"Organization","@id":"https:\/\/www.coralcheck.com\/guia-de-especies\/#organization","name":"CoralCheck","url":"https:\/\/www.coralcheck.com\/guia-de-especies\/","logo":{"@type":"ImageObject","inLanguage":"es","@id":"https:\/\/www.coralcheck.com\/guia-de-especies\/#\/schema\/logo\/image\/","url":"https:\/\/www.coralcheck.com\/guia-de-especies\/wp-content\/uploads\/2025\/08\/cropped-cropped-Header-logo-1.png","contentUrl":"https:\/\/www.coralcheck.com\/guia-de-especies\/wp-content\/uploads\/2025\/08\/cropped-cropped-Header-logo-1.png","width":486,"height":150,"caption":"CoralCheck"},"image":{"@id":"https:\/\/www.coralcheck.com\/guia-de-especies\/#\/schema\/logo\/image\/"}}]}},"_links":{"self":[{"href":"https:\/\/www.coralcheck.com\/guia-de-especies\/wp-json\/wp\/v2\/pages\/472","targetHints":{"allow":["GET"]}}],"collection":[{"href":"https:\/\/www.coralcheck.com\/guia-de-especies\/wp-json\/wp\/v2\/pages"}],"about":[{"href":"https:\/\/www.coralcheck.com\/guia-de-especies\/wp-json\/wp\/v2\/types\/page"}],"author":[{"embeddable":true,"href":"https:\/\/www.coralcheck.com\/guia-de-especies\/wp-json\/wp\/v2\/users\/1"}],"replies":[{"embeddable":true,"href":"https:\/\/www.coralcheck.com\/guia-de-especies\/wp-json\/wp\/v2\/comments?post=472"}],"version-history":[{"count":22,"href":"https:\/\/www.coralcheck.com\/guia-de-especies\/wp-json\/wp\/v2\/pages\/472\/revisions"}],"predecessor-version":[{"id":2899,"href":"https:\/\/www.coralcheck.com\/guia-de-especies\/wp-json\/wp\/v2\/pages\/472\/revisions\/2899"}],"up":[{"embeddable":true,"href":"https:\/\/www.coralcheck.com\/guia-de-especies\/wp-json\/wp\/v2\/pages\/154"}],"wp:attachment":[{"href":"https:\/\/www.coralcheck.com\/guia-de-especies\/wp-json\/wp\/v2\/media?parent=472"}],"curies":[{"name":"wp","href":"https:\/\/api.w.org\/{rel}","templated":true}]}}