{"id":466,"date":"2025-05-23T10:34:22","date_gmt":"2025-05-23T10:34:22","guid":{"rendered":"https:\/\/www.coralcheck.com\/guia-de-especies\/?page_id=466"},"modified":"2025-06-23T19:24:36","modified_gmt":"2025-06-23T19:24:36","slug":"hexacorallia","status":"publish","type":"page","link":"https:\/\/www.coralcheck.com\/guia-de-especies\/clases\/hexacorallia\/","title":{"rendered":"Hexacorallia"},"content":{"rendered":"\n<div style=\"height:100px\" aria-hidden=\"true\" class=\"wp-block-spacer\"><\/div>\n\n\n\n<div class=\"gb-element-31c6ce52\">\n<div class=\"gb-element-ad1728e7\">\n<div>\n<p class=\"has-text-color has-link-color wp-elements-44c51ff8fb66376aa34c5c2920e0a09e\" style=\"color:#062438\"><\/p>\n\n\n\n<p class=\"contenedor-montserrat has-text-color has-link-color wp-elements-550d7200951528e0de5c0563d31f2cfc\" style=\"color:#062438\">Los hexacorales se caracterizan por presentar una simetr\u00eda hexaradial, es decir, basada en m\u00faltiplos de seis. Este patr\u00f3n se refleja en la disposici\u00f3n de sus tent\u00e1culos, que suelen ser lisos (no pinnados) y aparecen en n\u00fameros como 12 o 24. Internamente, poseen septos (o mesenterios) bien desarrollados tambi\u00e9n dispuestos en m\u00faltiplos de seis. <\/p>\n\n\n\n<p class=\"contenedor-montserrat has-text-color has-link-color wp-elements-a04335734799c9b18d420ac012d69633\" style=\"color:#062438\">Este grupo incluye tanto organismos solitarios, como las an\u00e9monas de mar, como formas coloniales, siendo los corales p\u00e9treos (orden Scleractinia) sus representantes m\u00e1s conocidos.<\/p>\n<\/div>\n\n\n\n<div class=\"gb-element-d4fea62a\"><div class=\"wp-block-image\">\n<figure class=\"aligncenter size-medium is-resized\"><img fetchpriority=\"high\" decoding=\"async\" width=\"300\" height=\"200\" src=\"https:\/\/www.coralcheck.com\/guia-de-especies\/wp-content\/uploads\/2025\/06\/Dendrophylliaramea_JuanJosA\u00a9SA\u00a1nchezCuervo1-300x200.jpg\" alt=\"\" class=\"wp-image-2488\" style=\"object-fit:cover;width:400px;height:300px\" srcset=\"https:\/\/www.coralcheck.com\/guia-de-especies\/wp-content\/uploads\/2025\/06\/Dendrophylliaramea_JuanJosA\u00a9SA\u00a1nchezCuervo1-300x200.jpg 300w, https:\/\/www.coralcheck.com\/guia-de-especies\/wp-content\/uploads\/2025\/06\/Dendrophylliaramea_JuanJosA\u00a9SA\u00a1nchezCuervo1-1024x683.jpg 1024w, https:\/\/www.coralcheck.com\/guia-de-especies\/wp-content\/uploads\/2025\/06\/Dendrophylliaramea_JuanJosA\u00a9SA\u00a1nchezCuervo1-768x512.jpg 768w, https:\/\/www.coralcheck.com\/guia-de-especies\/wp-content\/uploads\/2025\/06\/Dendrophylliaramea_JuanJosA\u00a9SA\u00a1nchezCuervo1-1536x1024.jpg 1536w, https:\/\/www.coralcheck.com\/guia-de-especies\/wp-content\/uploads\/2025\/06\/Dendrophylliaramea_JuanJosA\u00a9SA\u00a1nchezCuervo1-2048x1365.jpg 2048w\" sizes=\"(max-width: 300px) 100vw, 300px\" \/><\/figure>\n<\/div>\n\n\n<p class=\"has-text-align-right contenedor-montserrat has-text-color has-link-color has-small-font-size wp-elements-4cd874e51f7a433e0ff5640ed40f177e\" style=\"color:#062438\">Autor: Juan Jos\u00e9 S\u00e1nchez Cuervo<\/p>\n<\/div>\n<\/div>\n\n\n\n<p class=\"contenedor-montserrat has-text-color has-link-color wp-elements-46194301dcb03663e53a6a305959beb4\" style=\"color:#062438\">\u00d3rdenes que pertencen a esta clase:<a href=\"https:\/\/www.coralcheck.com\/guia-de-especies\/ordenes\/actiniaria\/\"> <strong>Actiniaria<\/strong><\/a>,<strong> <a href=\"https:\/\/www.coralcheck.com\/guia-de-especies\/ordenes\/antipatharia\/\">Antipatharia<\/a><\/strong>,<strong> <a href=\"https:\/\/www.coralcheck.com\/guia-de-especies\/ordenes\/ceriantharia\/\">Ceriantharia<\/a><\/strong>,<strong> <a href=\"https:\/\/www.coralcheck.com\/guia-de-especies\/ordenes\/corallimorpharia\/\">Corallimorpharia<\/a><\/strong>,<strong> <a href=\"https:\/\/www.coralcheck.com\/guia-de-especies\/scleractinia\/\">Scleractinia<\/a> <\/strong>y <strong><a href=\"https:\/\/www.coralcheck.com\/guia-de-especies\/zoantharia\/\">Zoantharia<\/a><\/strong><\/p>\n<\/div>\n\n\n\n<div style=\"height:120px\" aria-hidden=\"true\" class=\"wp-block-spacer\"><\/div>\n","protected":false},"excerpt":{"rendered":"<p>Los hexacorales se caracterizan por presentar una simetr\u00eda hexaradial, es decir, basada en m\u00faltiplos de seis. Este patr\u00f3n se refleja en la disposici\u00f3n de sus tent\u00e1culos, que suelen ser lisos (no pinnados) y aparecen en n\u00fameros como 12 o 24. Internamente, poseen septos (o mesenterios) bien desarrollados tambi\u00e9n dispuestos en m\u00faltiplos de seis. Este grupo &#8230; <a title=\"Hexacorallia\" class=\"read-more\" href=\"https:\/\/www.coralcheck.com\/guia-de-especies\/clases\/hexacorallia\/\" aria-label=\"Leer m\u00e1s sobre Hexacorallia\">Leer m\u00e1s<\/a><\/p>\n","protected":false},"author":1,"featured_media":0,"parent":154,"menu_order":0,"comment_status":"closed","ping_status":"closed","template":"","meta":{"_acf_changed":false,"_sitemap_exclude":false,"_sitemap_priority":"","_sitemap_frequency":"","footnotes":""},"class_list":["post-466","page","type-page","status-publish"],"acf":[],"yoast_head":"<!-- This site is optimized with the Yoast SEO plugin v27.4 - https:\/\/yoast.com\/product\/yoast-seo-wordpress\/ -->\n<title>Hexacorallia - CoralCheck<\/title>\n<meta name=\"robots\" content=\"index, follow, max-snippet:-1, max-image-preview:large, max-video-preview:-1\" \/>\n<link rel=\"canonical\" href=\"https:\/\/www.coralcheck.com\/guia-de-especies\/clases\/hexacorallia\/\" \/>\n<meta property=\"og:locale\" content=\"es_ES\" \/>\n<meta property=\"og:type\" content=\"article\" \/>\n<meta property=\"og:title\" content=\"Hexacorallia - CoralCheck\" \/>\n<meta property=\"og:description\" content=\"Los hexacorales se caracterizan por presentar una simetr\u00eda hexaradial, es decir, basada en m\u00faltiplos de seis. Este patr\u00f3n se refleja en la disposici\u00f3n de sus tent\u00e1culos, que suelen ser lisos (no pinnados) y aparecen en n\u00fameros como 12 o 24. Internamente, poseen septos (o mesenterios) bien desarrollados tambi\u00e9n dispuestos en m\u00faltiplos de seis. Este grupo ... Leer m\u00e1s\" \/>\n<meta property=\"og:url\" content=\"https:\/\/www.coralcheck.com\/guia-de-especies\/clases\/hexacorallia\/\" \/>\n<meta property=\"og:site_name\" content=\"CoralCheck\" \/>\n<meta property=\"article:modified_time\" content=\"2025-06-23T19:24:36+00:00\" \/>\n<meta name=\"twitter:card\" content=\"summary_large_image\" \/>\n<meta name=\"twitter:label1\" content=\"Tiempo de lectura\" \/>\n\t<meta name=\"twitter:data1\" content=\"1 minuto\" \/>\n<script type=\"application\/ld+json\" class=\"yoast-schema-graph\">{\"@context\":\"https:\\\/\\\/schema.org\",\"@graph\":[{\"@type\":\"WebPage\",\"@id\":\"https:\\\/\\\/www.coralcheck.com\\\/guia-de-especies\\\/clases\\\/hexacorallia\\\/\",\"url\":\"https:\\\/\\\/www.coralcheck.com\\\/guia-de-especies\\\/clases\\\/hexacorallia\\\/\",\"name\":\"Hexacorallia - CoralCheck\",\"isPartOf\":{\"@id\":\"https:\\\/\\\/www.coralcheck.com\\\/guia-de-especies\\\/#website\"},\"datePublished\":\"2025-05-23T10:34:22+00:00\",\"dateModified\":\"2025-06-23T19:24:36+00:00\",\"breadcrumb\":{\"@id\":\"https:\\\/\\\/www.coralcheck.com\\\/guia-de-especies\\\/clases\\\/hexacorallia\\\/#breadcrumb\"},\"inLanguage\":\"es\",\"potentialAction\":[{\"@type\":\"ReadAction\",\"target\":[\"https:\\\/\\\/www.coralcheck.com\\\/guia-de-especies\\\/clases\\\/hexacorallia\\\/\"]}]},{\"@type\":\"BreadcrumbList\",\"@id\":\"https:\\\/\\\/www.coralcheck.com\\\/guia-de-especies\\\/clases\\\/hexacorallia\\\/#breadcrumb\",\"itemListElement\":[{\"@type\":\"ListItem\",\"position\":1,\"name\":\"Portada\",\"item\":\"https:\\\/\\\/www.coralcheck.com\\\/guia-de-especies\\\/\"},{\"@type\":\"ListItem\",\"position\":2,\"name\":\"Hexacorallia\"}]},{\"@type\":\"WebSite\",\"@id\":\"https:\\\/\\\/www.coralcheck.com\\\/guia-de-especies\\\/#website\",\"url\":\"https:\\\/\\\/www.coralcheck.com\\\/guia-de-especies\\\/\",\"name\":\"CoralCheck\",\"description\":\"Gu\u00eda visual y offline de corales y ambientes del Atl\u00e1ntico\",\"publisher\":{\"@id\":\"https:\\\/\\\/www.coralcheck.com\\\/guia-de-especies\\\/#organization\"},\"potentialAction\":[{\"@type\":\"SearchAction\",\"target\":{\"@type\":\"EntryPoint\",\"urlTemplate\":\"https:\\\/\\\/www.coralcheck.com\\\/guia-de-especies\\\/?s={search_term_string}\"},\"query-input\":{\"@type\":\"PropertyValueSpecification\",\"valueRequired\":true,\"valueName\":\"search_term_string\"}}],\"inLanguage\":\"es\"},{\"@type\":\"Organization\",\"@id\":\"https:\\\/\\\/www.coralcheck.com\\\/guia-de-especies\\\/#organization\",\"name\":\"CoralCheck\",\"url\":\"https:\\\/\\\/www.coralcheck.com\\\/guia-de-especies\\\/\",\"logo\":{\"@type\":\"ImageObject\",\"inLanguage\":\"es\",\"@id\":\"https:\\\/\\\/www.coralcheck.com\\\/guia-de-especies\\\/#\\\/schema\\\/logo\\\/image\\\/\",\"url\":\"https:\\\/\\\/www.coralcheck.com\\\/guia-de-especies\\\/wp-content\\\/uploads\\\/2025\\\/08\\\/cropped-cropped-Header-logo-1.png\",\"contentUrl\":\"https:\\\/\\\/www.coralcheck.com\\\/guia-de-especies\\\/wp-content\\\/uploads\\\/2025\\\/08\\\/cropped-cropped-Header-logo-1.png\",\"width\":486,\"height\":150,\"caption\":\"CoralCheck\"},\"image\":{\"@id\":\"https:\\\/\\\/www.coralcheck.com\\\/guia-de-especies\\\/#\\\/schema\\\/logo\\\/image\\\/\"}}]}<\/script>\n<!-- \/ Yoast SEO plugin. -->","yoast_head_json":{"title":"Hexacorallia - CoralCheck","robots":{"index":"index","follow":"follow","max-snippet":"max-snippet:-1","max-image-preview":"max-image-preview:large","max-video-preview":"max-video-preview:-1"},"canonical":"https:\/\/www.coralcheck.com\/guia-de-especies\/clases\/hexacorallia\/","og_locale":"es_ES","og_type":"article","og_title":"Hexacorallia - CoralCheck","og_description":"Los hexacorales se caracterizan por presentar una simetr\u00eda hexaradial, es decir, basada en m\u00faltiplos de seis. Este patr\u00f3n se refleja en la disposici\u00f3n de sus tent\u00e1culos, que suelen ser lisos (no pinnados) y aparecen en n\u00fameros como 12 o 24. Internamente, poseen septos (o mesenterios) bien desarrollados tambi\u00e9n dispuestos en m\u00faltiplos de seis. Este grupo ... Leer m\u00e1s","og_url":"https:\/\/www.coralcheck.com\/guia-de-especies\/clases\/hexacorallia\/","og_site_name":"CoralCheck","article_modified_time":"2025-06-23T19:24:36+00:00","twitter_card":"summary_large_image","twitter_misc":{"Tiempo de lectura":"1 minuto"},"schema":{"@context":"https:\/\/schema.org","@graph":[{"@type":"WebPage","@id":"https:\/\/www.coralcheck.com\/guia-de-especies\/clases\/hexacorallia\/","url":"https:\/\/www.coralcheck.com\/guia-de-especies\/clases\/hexacorallia\/","name":"Hexacorallia - CoralCheck","isPartOf":{"@id":"https:\/\/www.coralcheck.com\/guia-de-especies\/#website"},"datePublished":"2025-05-23T10:34:22+00:00","dateModified":"2025-06-23T19:24:36+00:00","breadcrumb":{"@id":"https:\/\/www.coralcheck.com\/guia-de-especies\/clases\/hexacorallia\/#breadcrumb"},"inLanguage":"es","potentialAction":[{"@type":"ReadAction","target":["https:\/\/www.coralcheck.com\/guia-de-especies\/clases\/hexacorallia\/"]}]},{"@type":"BreadcrumbList","@id":"https:\/\/www.coralcheck.com\/guia-de-especies\/clases\/hexacorallia\/#breadcrumb","itemListElement":[{"@type":"ListItem","position":1,"name":"Portada","item":"https:\/\/www.coralcheck.com\/guia-de-especies\/"},{"@type":"ListItem","position":2,"name":"Hexacorallia"}]},{"@type":"WebSite","@id":"https:\/\/www.coralcheck.com\/guia-de-especies\/#website","url":"https:\/\/www.coralcheck.com\/guia-de-especies\/","name":"CoralCheck","description":"Gu\u00eda visual y offline de corales y ambientes del Atl\u00e1ntico","publisher":{"@id":"https:\/\/www.coralcheck.com\/guia-de-especies\/#organization"},"potentialAction":[{"@type":"SearchAction","target":{"@type":"EntryPoint","urlTemplate":"https:\/\/www.coralcheck.com\/guia-de-especies\/?s={search_term_string}"},"query-input":{"@type":"PropertyValueSpecification","valueRequired":true,"valueName":"search_term_string"}}],"inLanguage":"es"},{"@type":"Organization","@id":"https:\/\/www.coralcheck.com\/guia-de-especies\/#organization","name":"CoralCheck","url":"https:\/\/www.coralcheck.com\/guia-de-especies\/","logo":{"@type":"ImageObject","inLanguage":"es","@id":"https:\/\/www.coralcheck.com\/guia-de-especies\/#\/schema\/logo\/image\/","url":"https:\/\/www.coralcheck.com\/guia-de-especies\/wp-content\/uploads\/2025\/08\/cropped-cropped-Header-logo-1.png","contentUrl":"https:\/\/www.coralcheck.com\/guia-de-especies\/wp-content\/uploads\/2025\/08\/cropped-cropped-Header-logo-1.png","width":486,"height":150,"caption":"CoralCheck"},"image":{"@id":"https:\/\/www.coralcheck.com\/guia-de-especies\/#\/schema\/logo\/image\/"}}]}},"_links":{"self":[{"href":"https:\/\/www.coralcheck.com\/guia-de-especies\/wp-json\/wp\/v2\/pages\/466","targetHints":{"allow":["GET"]}}],"collection":[{"href":"https:\/\/www.coralcheck.com\/guia-de-especies\/wp-json\/wp\/v2\/pages"}],"about":[{"href":"https:\/\/www.coralcheck.com\/guia-de-especies\/wp-json\/wp\/v2\/types\/page"}],"author":[{"embeddable":true,"href":"https:\/\/www.coralcheck.com\/guia-de-especies\/wp-json\/wp\/v2\/users\/1"}],"replies":[{"embeddable":true,"href":"https:\/\/www.coralcheck.com\/guia-de-especies\/wp-json\/wp\/v2\/comments?post=466"}],"version-history":[{"count":42,"href":"https:\/\/www.coralcheck.com\/guia-de-especies\/wp-json\/wp\/v2\/pages\/466\/revisions"}],"predecessor-version":[{"id":2710,"href":"https:\/\/www.coralcheck.com\/guia-de-especies\/wp-json\/wp\/v2\/pages\/466\/revisions\/2710"}],"up":[{"embeddable":true,"href":"https:\/\/www.coralcheck.com\/guia-de-especies\/wp-json\/wp\/v2\/pages\/154"}],"wp:attachment":[{"href":"https:\/\/www.coralcheck.com\/guia-de-especies\/wp-json\/wp\/v2\/media?parent=466"}],"curies":[{"name":"wp","href":"https:\/\/api.w.org\/{rel}","templated":true}]}}