{"id":438,"date":"2025-05-22T12:32:23","date_gmt":"2025-05-22T12:32:23","guid":{"rendered":"https:\/\/www.coralcheck.com\/guia-de-especies\/?page_id=438"},"modified":"2025-06-24T22:34:03","modified_gmt":"2025-06-24T22:34:03","slug":"intermareal","status":"publish","type":"page","link":"https:\/\/www.coralcheck.com\/guia-de-especies\/ambientes\/intermareal\/","title":{"rendered":"Intermareal"},"content":{"rendered":"\n<div style=\"height:99px\" aria-hidden=\"true\" class=\"wp-block-spacer\"><\/div>\n\n\n\n<div class=\"gb-element-799e4a9b\">\n<div class=\"gb-element-5b9b039b\">\n<div class=\"gb-element-a2d6692e\">\n<p><\/p>\n\n\n\n<p><\/p>\n\n\n\n<p class=\"contenedor-montserrat has-text-color has-link-color wp-elements-71dda2f9745063025b26a336b181f8f7\" style=\"color:#062438\">El ambiente intermareal es la franja costera que queda expuesta durante la bajamar y cubierta por el mar en la pleamar. En Canarias, este ambiente est\u00e1 representado por los coloquialmente conocidos como \u00abcharcos\u00bb, y tambi\u00e9n por las pisicinas naturales. <\/p>\n\n\n\n<p class=\"contenedor-montserrat has-text-color has-link-color wp-elements-c319725a3cdb704a496a06d12fef5072\" style=\"color:#062438\">En esta zona, los organismos deben adaptarse a condiciones variables, como cambios bruscos de temperatura, salinidad y exposici\u00f3n a la desecaci\u00f3n. En los charcos intermareales, cnidarios como la an\u00e9mona <em>Anemonia sulcata<\/em> encuentran refugio.<\/p>\n<\/div>\n\n\n\n<div class=\"gb-element-191d6410\">\n<figure class=\"wp-block-image size-medium is-resized is-style-default\"><img fetchpriority=\"high\" decoding=\"async\" width=\"225\" height=\"300\" src=\"https:\/\/www.coralcheck.com\/guia-de-especies\/wp-content\/uploads\/2025\/05\/Intermareal-225x300.jpeg\" alt=\"\" class=\"wp-image-1038\" style=\"object-fit:cover;width:360px;height:auto\" srcset=\"https:\/\/www.coralcheck.com\/guia-de-especies\/wp-content\/uploads\/2025\/05\/Intermareal-225x300.jpeg 225w, https:\/\/www.coralcheck.com\/guia-de-especies\/wp-content\/uploads\/2025\/05\/Intermareal-768x1024.jpeg 768w, https:\/\/www.coralcheck.com\/guia-de-especies\/wp-content\/uploads\/2025\/05\/Intermareal-1152x1536.jpeg 1152w, https:\/\/www.coralcheck.com\/guia-de-especies\/wp-content\/uploads\/2025\/05\/Intermareal-1536x2048.jpeg 1536w, https:\/\/www.coralcheck.com\/guia-de-especies\/wp-content\/uploads\/2025\/05\/Intermareal-scaled.jpeg 1920w\" sizes=\"(max-width: 225px) 100vw, 225px\" \/><\/figure>\n<\/div>\n<\/div>\n<\/div>\n\n\n\n<div style=\"height:181px\" aria-hidden=\"true\" class=\"wp-block-spacer\"><\/div>\n","protected":false},"excerpt":{"rendered":"<p>El ambiente intermareal es la franja costera que queda expuesta durante la bajamar y cubierta por el mar en la pleamar. En Canarias, este ambiente est\u00e1 representado por los coloquialmente conocidos como \u00abcharcos\u00bb, y tambi\u00e9n por las pisicinas naturales. En esta zona, los organismos deben adaptarse a condiciones variables, como cambios bruscos de temperatura, salinidad &#8230; <a title=\"Intermareal\" class=\"read-more\" href=\"https:\/\/www.coralcheck.com\/guia-de-especies\/ambientes\/intermareal\/\" aria-label=\"Leer m\u00e1s sobre Intermareal\">Leer m\u00e1s<\/a><\/p>\n","protected":false},"author":1,"featured_media":0,"parent":151,"menu_order":0,"comment_status":"closed","ping_status":"closed","template":"","meta":{"_acf_changed":false,"_sitemap_exclude":false,"_sitemap_priority":"","_sitemap_frequency":"","footnotes":""},"class_list":["post-438","page","type-page","status-publish"],"acf":[],"yoast_head":"<!-- This site is optimized with the Yoast SEO plugin v27.4 - https:\/\/yoast.com\/product\/yoast-seo-wordpress\/ -->\n<title>Intermareal - CoralCheck<\/title>\n<meta name=\"robots\" content=\"index, follow, max-snippet:-1, max-image-preview:large, max-video-preview:-1\" \/>\n<link rel=\"canonical\" href=\"https:\/\/www.coralcheck.com\/guia-de-especies\/ambientes\/intermareal\/\" \/>\n<meta property=\"og:locale\" content=\"es_ES\" \/>\n<meta property=\"og:type\" content=\"article\" \/>\n<meta property=\"og:title\" content=\"Intermareal - CoralCheck\" \/>\n<meta property=\"og:description\" content=\"El ambiente intermareal es la franja costera que queda expuesta durante la bajamar y cubierta por el mar en la pleamar. En Canarias, este ambiente est\u00e1 representado por los coloquialmente conocidos como \u00abcharcos\u00bb, y tambi\u00e9n por las pisicinas naturales. En esta zona, los organismos deben adaptarse a condiciones variables, como cambios bruscos de temperatura, salinidad ... Leer m\u00e1s\" \/>\n<meta property=\"og:url\" content=\"https:\/\/www.coralcheck.com\/guia-de-especies\/ambientes\/intermareal\/\" \/>\n<meta property=\"og:site_name\" content=\"CoralCheck\" \/>\n<meta property=\"article:modified_time\" content=\"2025-06-24T22:34:03+00:00\" \/>\n<meta property=\"og:image\" content=\"https:\/\/www.coralcheck.com\/guia-de-especies\/wp-content\/uploads\/2025\/05\/Intermareal-225x300.jpeg\" \/>\n<meta name=\"twitter:card\" content=\"summary_large_image\" \/>\n<script type=\"application\/ld+json\" class=\"yoast-schema-graph\">{\"@context\":\"https:\\\/\\\/schema.org\",\"@graph\":[{\"@type\":\"WebPage\",\"@id\":\"https:\\\/\\\/www.coralcheck.com\\\/guia-de-especies\\\/ambientes\\\/intermareal\\\/\",\"url\":\"https:\\\/\\\/www.coralcheck.com\\\/guia-de-especies\\\/ambientes\\\/intermareal\\\/\",\"name\":\"Intermareal - CoralCheck\",\"isPartOf\":{\"@id\":\"https:\\\/\\\/www.coralcheck.com\\\/guia-de-especies\\\/#website\"},\"primaryImageOfPage\":{\"@id\":\"https:\\\/\\\/www.coralcheck.com\\\/guia-de-especies\\\/ambientes\\\/intermareal\\\/#primaryimage\"},\"image\":{\"@id\":\"https:\\\/\\\/www.coralcheck.com\\\/guia-de-especies\\\/ambientes\\\/intermareal\\\/#primaryimage\"},\"thumbnailUrl\":\"https:\\\/\\\/www.coralcheck.com\\\/guia-de-especies\\\/wp-content\\\/uploads\\\/2025\\\/05\\\/Intermareal-225x300.jpeg\",\"datePublished\":\"2025-05-22T12:32:23+00:00\",\"dateModified\":\"2025-06-24T22:34:03+00:00\",\"breadcrumb\":{\"@id\":\"https:\\\/\\\/www.coralcheck.com\\\/guia-de-especies\\\/ambientes\\\/intermareal\\\/#breadcrumb\"},\"inLanguage\":\"es\",\"potentialAction\":[{\"@type\":\"ReadAction\",\"target\":[\"https:\\\/\\\/www.coralcheck.com\\\/guia-de-especies\\\/ambientes\\\/intermareal\\\/\"]}]},{\"@type\":\"ImageObject\",\"inLanguage\":\"es\",\"@id\":\"https:\\\/\\\/www.coralcheck.com\\\/guia-de-especies\\\/ambientes\\\/intermareal\\\/#primaryimage\",\"url\":\"https:\\\/\\\/www.coralcheck.com\\\/guia-de-especies\\\/wp-content\\\/uploads\\\/2025\\\/05\\\/Intermareal-225x300.jpeg\",\"contentUrl\":\"https:\\\/\\\/www.coralcheck.com\\\/guia-de-especies\\\/wp-content\\\/uploads\\\/2025\\\/05\\\/Intermareal-225x300.jpeg\"},{\"@type\":\"BreadcrumbList\",\"@id\":\"https:\\\/\\\/www.coralcheck.com\\\/guia-de-especies\\\/ambientes\\\/intermareal\\\/#breadcrumb\",\"itemListElement\":[{\"@type\":\"ListItem\",\"position\":1,\"name\":\"Portada\",\"item\":\"https:\\\/\\\/www.coralcheck.com\\\/guia-de-especies\\\/\"},{\"@type\":\"ListItem\",\"position\":2,\"name\":\"Intermareal\"}]},{\"@type\":\"WebSite\",\"@id\":\"https:\\\/\\\/www.coralcheck.com\\\/guia-de-especies\\\/#website\",\"url\":\"https:\\\/\\\/www.coralcheck.com\\\/guia-de-especies\\\/\",\"name\":\"CoralCheck\",\"description\":\"Gu\u00eda visual y offline de corales y ambientes del Atl\u00e1ntico\",\"publisher\":{\"@id\":\"https:\\\/\\\/www.coralcheck.com\\\/guia-de-especies\\\/#organization\"},\"potentialAction\":[{\"@type\":\"SearchAction\",\"target\":{\"@type\":\"EntryPoint\",\"urlTemplate\":\"https:\\\/\\\/www.coralcheck.com\\\/guia-de-especies\\\/?s={search_term_string}\"},\"query-input\":{\"@type\":\"PropertyValueSpecification\",\"valueRequired\":true,\"valueName\":\"search_term_string\"}}],\"inLanguage\":\"es\"},{\"@type\":\"Organization\",\"@id\":\"https:\\\/\\\/www.coralcheck.com\\\/guia-de-especies\\\/#organization\",\"name\":\"CoralCheck\",\"url\":\"https:\\\/\\\/www.coralcheck.com\\\/guia-de-especies\\\/\",\"logo\":{\"@type\":\"ImageObject\",\"inLanguage\":\"es\",\"@id\":\"https:\\\/\\\/www.coralcheck.com\\\/guia-de-especies\\\/#\\\/schema\\\/logo\\\/image\\\/\",\"url\":\"https:\\\/\\\/www.coralcheck.com\\\/guia-de-especies\\\/wp-content\\\/uploads\\\/2025\\\/08\\\/cropped-cropped-Header-logo-1.png\",\"contentUrl\":\"https:\\\/\\\/www.coralcheck.com\\\/guia-de-especies\\\/wp-content\\\/uploads\\\/2025\\\/08\\\/cropped-cropped-Header-logo-1.png\",\"width\":486,\"height\":150,\"caption\":\"CoralCheck\"},\"image\":{\"@id\":\"https:\\\/\\\/www.coralcheck.com\\\/guia-de-especies\\\/#\\\/schema\\\/logo\\\/image\\\/\"}}]}<\/script>\n<!-- \/ Yoast SEO plugin. -->","yoast_head_json":{"title":"Intermareal - CoralCheck","robots":{"index":"index","follow":"follow","max-snippet":"max-snippet:-1","max-image-preview":"max-image-preview:large","max-video-preview":"max-video-preview:-1"},"canonical":"https:\/\/www.coralcheck.com\/guia-de-especies\/ambientes\/intermareal\/","og_locale":"es_ES","og_type":"article","og_title":"Intermareal - CoralCheck","og_description":"El ambiente intermareal es la franja costera que queda expuesta durante la bajamar y cubierta por el mar en la pleamar. En Canarias, este ambiente est\u00e1 representado por los coloquialmente conocidos como \u00abcharcos\u00bb, y tambi\u00e9n por las pisicinas naturales. En esta zona, los organismos deben adaptarse a condiciones variables, como cambios bruscos de temperatura, salinidad ... Leer m\u00e1s","og_url":"https:\/\/www.coralcheck.com\/guia-de-especies\/ambientes\/intermareal\/","og_site_name":"CoralCheck","article_modified_time":"2025-06-24T22:34:03+00:00","og_image":[{"url":"https:\/\/www.coralcheck.com\/guia-de-especies\/wp-content\/uploads\/2025\/05\/Intermareal-225x300.jpeg","type":"","width":"","height":""}],"twitter_card":"summary_large_image","schema":{"@context":"https:\/\/schema.org","@graph":[{"@type":"WebPage","@id":"https:\/\/www.coralcheck.com\/guia-de-especies\/ambientes\/intermareal\/","url":"https:\/\/www.coralcheck.com\/guia-de-especies\/ambientes\/intermareal\/","name":"Intermareal - CoralCheck","isPartOf":{"@id":"https:\/\/www.coralcheck.com\/guia-de-especies\/#website"},"primaryImageOfPage":{"@id":"https:\/\/www.coralcheck.com\/guia-de-especies\/ambientes\/intermareal\/#primaryimage"},"image":{"@id":"https:\/\/www.coralcheck.com\/guia-de-especies\/ambientes\/intermareal\/#primaryimage"},"thumbnailUrl":"https:\/\/www.coralcheck.com\/guia-de-especies\/wp-content\/uploads\/2025\/05\/Intermareal-225x300.jpeg","datePublished":"2025-05-22T12:32:23+00:00","dateModified":"2025-06-24T22:34:03+00:00","breadcrumb":{"@id":"https:\/\/www.coralcheck.com\/guia-de-especies\/ambientes\/intermareal\/#breadcrumb"},"inLanguage":"es","potentialAction":[{"@type":"ReadAction","target":["https:\/\/www.coralcheck.com\/guia-de-especies\/ambientes\/intermareal\/"]}]},{"@type":"ImageObject","inLanguage":"es","@id":"https:\/\/www.coralcheck.com\/guia-de-especies\/ambientes\/intermareal\/#primaryimage","url":"https:\/\/www.coralcheck.com\/guia-de-especies\/wp-content\/uploads\/2025\/05\/Intermareal-225x300.jpeg","contentUrl":"https:\/\/www.coralcheck.com\/guia-de-especies\/wp-content\/uploads\/2025\/05\/Intermareal-225x300.jpeg"},{"@type":"BreadcrumbList","@id":"https:\/\/www.coralcheck.com\/guia-de-especies\/ambientes\/intermareal\/#breadcrumb","itemListElement":[{"@type":"ListItem","position":1,"name":"Portada","item":"https:\/\/www.coralcheck.com\/guia-de-especies\/"},{"@type":"ListItem","position":2,"name":"Intermareal"}]},{"@type":"WebSite","@id":"https:\/\/www.coralcheck.com\/guia-de-especies\/#website","url":"https:\/\/www.coralcheck.com\/guia-de-especies\/","name":"CoralCheck","description":"Gu\u00eda visual y offline de corales y ambientes del Atl\u00e1ntico","publisher":{"@id":"https:\/\/www.coralcheck.com\/guia-de-especies\/#organization"},"potentialAction":[{"@type":"SearchAction","target":{"@type":"EntryPoint","urlTemplate":"https:\/\/www.coralcheck.com\/guia-de-especies\/?s={search_term_string}"},"query-input":{"@type":"PropertyValueSpecification","valueRequired":true,"valueName":"search_term_string"}}],"inLanguage":"es"},{"@type":"Organization","@id":"https:\/\/www.coralcheck.com\/guia-de-especies\/#organization","name":"CoralCheck","url":"https:\/\/www.coralcheck.com\/guia-de-especies\/","logo":{"@type":"ImageObject","inLanguage":"es","@id":"https:\/\/www.coralcheck.com\/guia-de-especies\/#\/schema\/logo\/image\/","url":"https:\/\/www.coralcheck.com\/guia-de-especies\/wp-content\/uploads\/2025\/08\/cropped-cropped-Header-logo-1.png","contentUrl":"https:\/\/www.coralcheck.com\/guia-de-especies\/wp-content\/uploads\/2025\/08\/cropped-cropped-Header-logo-1.png","width":486,"height":150,"caption":"CoralCheck"},"image":{"@id":"https:\/\/www.coralcheck.com\/guia-de-especies\/#\/schema\/logo\/image\/"}}]}},"_links":{"self":[{"href":"https:\/\/www.coralcheck.com\/guia-de-especies\/wp-json\/wp\/v2\/pages\/438","targetHints":{"allow":["GET"]}}],"collection":[{"href":"https:\/\/www.coralcheck.com\/guia-de-especies\/wp-json\/wp\/v2\/pages"}],"about":[{"href":"https:\/\/www.coralcheck.com\/guia-de-especies\/wp-json\/wp\/v2\/types\/page"}],"author":[{"embeddable":true,"href":"https:\/\/www.coralcheck.com\/guia-de-especies\/wp-json\/wp\/v2\/users\/1"}],"replies":[{"embeddable":true,"href":"https:\/\/www.coralcheck.com\/guia-de-especies\/wp-json\/wp\/v2\/comments?post=438"}],"version-history":[{"count":55,"href":"https:\/\/www.coralcheck.com\/guia-de-especies\/wp-json\/wp\/v2\/pages\/438\/revisions"}],"predecessor-version":[{"id":2760,"href":"https:\/\/www.coralcheck.com\/guia-de-especies\/wp-json\/wp\/v2\/pages\/438\/revisions\/2760"}],"up":[{"embeddable":true,"href":"https:\/\/www.coralcheck.com\/guia-de-especies\/wp-json\/wp\/v2\/pages\/151"}],"wp:attachment":[{"href":"https:\/\/www.coralcheck.com\/guia-de-especies\/wp-json\/wp\/v2\/media?parent=438"}],"curies":[{"name":"wp","href":"https:\/\/api.w.org\/{rel}","templated":true}]}}