{"id":2869,"date":"2025-08-10T09:47:01","date_gmt":"2025-08-10T09:47:01","guid":{"rendered":"https:\/\/www.coralcheck.com\/guia-de-especies\/?page_id=2869"},"modified":"2025-09-22T08:43:49","modified_gmt":"2025-09-22T08:43:49","slug":"introduccion-a-los-corales","status":"publish","type":"page","link":"https:\/\/www.coralcheck.com\/guia-de-especies\/introduccion-a-los-corales\/","title":{"rendered":"Introducci\u00f3n a los corales"},"content":{"rendered":"\n<div style=\"height:100px\" aria-hidden=\"true\" class=\"wp-block-spacer\"><\/div>\n\n\n\n<div class=\"gb-element-f80028b8\">\n<p><\/p>\n\n\n\n<p><strong>\u00bfQu\u00e9 son los corales?<\/strong><\/p>\n\n\n\n<p>Los corales pertenecen al filo Cnidaria, un grupo diverso de invertebrados marinos que incluye m\u00e1s de 11.000 especies, de las cuales aproximadamente 7.500 son del subfilo Anthozoa, el m\u00e1s numeroso dentro del filo. Los antozoos engloban corales, gorgonias y otros organismos afines, y se caracterizan por presentar exclusivamente fase de p\u00f3lipo a lo largo de su ciclo vital.\u00a0<\/p>\n\n\n\n<p>Se pueden agrupar en dos grandes clases: Hexacorallia, con seis tent\u00e1culos o m\u00faltiplos de seis, que agrupa a las actinias (Actiniaria), antipatarios o corales negros (Antipatharia), ceriantarios (Ceriantharia), coralimorfos (Corallimorpharia), corales p\u00e9treos (Scleractinia) y zoant\u00e1rios (Zoantharia); y Octocorallia, con ocho tent\u00e1culos pinnados y ocho mesenterios internos, que incluye a corales blandos, gorgonias y plumas de mar (Malacalcyonacea, Scleralcyonacea).<\/p>\n\n\n\n<p><strong>Caracter\u00edsticas morfol\u00f3gicas<\/strong><\/p>\n\n\n\n<p>Los p\u00f3lipos de coral constan de tres capas b\u00e1sicas de tejido: una epidermis externa, una capa intermedia (mesoglea) y una capa interna de c\u00e9lulas que recubre la cavidad gastrovascular (para la digesti\u00f3n). Asimismo, comparten dos caracter\u00edsticas estructurales b\u00e1sicas con otros miembros de su filo: la cavidad gastrovascular que act\u00faa como sistema digestivo y de intercambio, y un c\u00edrculo de tent\u00e1culos dotados de cnidocitos, c\u00e9lulas exclusivas de los cnidarios que contienen nematocistos capaces de liberar toxinas, empleadas para la captura de presas, la defensa contra depredadores y la competici\u00f3n por el sustrato.&nbsp;<\/p>\n\n\n\n<p><strong>Corales de profundidad<\/strong><\/p>\n\n\n\n<p>Tambi\u00e9n existen corales que, aunque no forman los conocidos arrecifes someros, tienen un papel estructural fundamental en los h\u00e1bitats marinos, sobre todo en profundidad: los octocorales. Este grupo no forma esqueleto r\u00edgido, pero sus colonias tridimensionales (como las gorgonias) proporcionan sustrato y refugio a una gran diversidad de organismos, desempe\u00f1ando unas funciones ecosist\u00e9micas equiparables al de los corales escleractinios. Aproximadamente el 65% de las especies coralinas se encuentran en aguas profundas a m\u00e1s de 50 metros.&nbsp;<\/p>\n\n\n\n<p>Por lo tanto, los corales no son exclusivos de aguas someras, lo cual es una creencia extendida, sino que son principalmente habitantes de aguas fr\u00edas y profundas con m\u00e1s especies que en los arrecifes tropicales.<\/p>\n\n\n\n<p>Asimismo, aunque la mayor\u00eda de especies conocidas contienen zooxantelas y habitan aguas someras, las especies azooxanteladas est\u00e1n ampliamente distribuidas desde aguas someras a profundas. Un ejemplo de esta clase de antozoos son las especies <em>Leptogorgia ruberrima<\/em> y <em>L. viminalis<\/em>, representativas de los fondos profundos de Canarias.<\/p>\n\n\n\n<div class=\"wp-block-group is-vertical is-content-justification-center is-layout-flex wp-container-core-group-is-layout-4b2eccd6 wp-block-group-is-layout-flex\">\n<figure>\n<img fetchpriority=\"high\" decoding=\"async\" width=\"2220\" height=\"1775\" class=\"gb-media-389aa9aa\" alt=\"\" src=\"https:\/\/www.coralcheck.com\/guia-de-especies\/wp-content\/uploads\/2025\/09\/Leptogorgiaruberrima_MaCarmenHoyosRodriguez1.jpg\" title=\"Leptogorgiaruberrima_M\u00aaCarmenHoyosRodr\u00edguez1\" srcset=\"https:\/\/www.coralcheck.com\/guia-de-especies\/wp-content\/uploads\/2025\/09\/Leptogorgiaruberrima_MaCarmenHoyosRodriguez1.jpg 2220w, https:\/\/www.coralcheck.com\/guia-de-especies\/wp-content\/uploads\/2025\/09\/Leptogorgiaruberrima_MaCarmenHoyosRodriguez1-300x240.jpg 300w, https:\/\/www.coralcheck.com\/guia-de-especies\/wp-content\/uploads\/2025\/09\/Leptogorgiaruberrima_MaCarmenHoyosRodriguez1-1024x819.jpg 1024w, https:\/\/www.coralcheck.com\/guia-de-especies\/wp-content\/uploads\/2025\/09\/Leptogorgiaruberrima_MaCarmenHoyosRodriguez1-768x614.jpg 768w, https:\/\/www.coralcheck.com\/guia-de-especies\/wp-content\/uploads\/2025\/09\/Leptogorgiaruberrima_MaCarmenHoyosRodriguez1-1536x1228.jpg 1536w, https:\/\/www.coralcheck.com\/guia-de-especies\/wp-content\/uploads\/2025\/09\/Leptogorgiaruberrima_MaCarmenHoyosRodriguez1-2048x1637.jpg 2048w\" sizes=\"(max-width: 2220px) 100vw, 2220px\" \/>\n\n\n\n<figcaption class=\"gb-text gb-text-35f9fd37\"><em>Leptogorgia ruberrima<\/em>. Foto: M\u00aa Carmen Hoyos Rodr\u00edguez<\/figcaption>\n<\/figure>\n<\/div>\n\n\n\n<p><strong>El holobionte coralino<\/strong><\/p>\n\n\n\n<p>Por otro lado, los corales tambi\u00e9n establecen gran cantidad de interacciones simbi\u00f3ticas con diversos organismos como los hongos, bacterias, metazoos y protistas, adem\u00e1s de las algas. Estas asociaciones crean el llamado holobionte coralino, una unidad funcional cuya estabilidad es clave para la regulaci\u00f3n de procesos como el reciclaje de nutrientes, la defensa frente a pat\u00f3genos y depredadores, la salud, la resistencia y la adaptaci\u00f3n de los corales frente a perturbaciones ambientales.<\/p>\n\n\n\n<p><strong>Corales en Canarias<\/strong><\/p>\n\n\n\n<p>El Archipi\u00e9lago Canario, en la regi\u00f3n subtropical del Atl\u00e1ntico oriental, constituye un enclave biogeogr\u00e1fico singular por su origen volc\u00e1nico, su posici\u00f3n entre dos regiones zoogeogr\u00e1ficas (Mediterr\u00e1neo-Mauritano y Macaron\u00e9sica) y su exposici\u00f3n a corrientes oce\u00e1nicas fr\u00edas y c\u00e1lidas que modelan una elevada diversidad marina. Los fondos marinos canarios presentan una compleja configuraci\u00f3n que incluye acantilados sumergidos, ca\u00f1ones, plataformas rocosas y taludes sedimentarios, lo cual genera h\u00e1bitats bent\u00f3nicos altamente estructurados de profundidad. Estas condiciones favorecen la presencia de comunidades coralinas diversas, particularmente en la franja infralitoral profunda y en ambientes mesof\u00f3ticos.&nbsp;<\/p>\n\n\n\n<p>En el archipi\u00e9lago, ejemplos como <em>Antipathella wollastoni<\/em>, por debajo los 40 metros de profundidad y fondos rocosos abiertos llega a formar poblaciones muy extensas, los conocidos bosques de coral negro. Adem\u00e1s, hay otras especies m\u00e1s someras como <em>Madracis asperula<\/em> que son caracter\u00edsticas de zonas infralitorales de Canarias, en este caso de gran importancia ecol\u00f3gica, que desarrolla sus poblaciones m\u00e1s extensas en zonas batidas o con cierto hidrodinamismo y, curiosamente, puede albergar o no zooxantelas seg\u00fan la colonia.&nbsp;<\/p>\n\n\n\n<p><\/p>\n\n\n\n<div class=\"wp-block-group is-vertical is-content-justification-center is-layout-flex wp-container-core-group-is-layout-4b2eccd6 wp-block-group-is-layout-flex\">\n<figure>\n<img decoding=\"async\" width=\"2560\" height=\"1440\" class=\"gb-media-ee54c226\" alt=\"\" src=\"https:\/\/www.coralcheck.com\/guia-de-especies\/wp-content\/uploads\/2025\/09\/Antipathellawollastoni_XaviAlonso4-1-scaled.jpg\" title=\"OLYMPUS DIGITAL CAMERA\" srcset=\"https:\/\/www.coralcheck.com\/guia-de-especies\/wp-content\/uploads\/2025\/09\/Antipathellawollastoni_XaviAlonso4-1-scaled.jpg 2560w, https:\/\/www.coralcheck.com\/guia-de-especies\/wp-content\/uploads\/2025\/09\/Antipathellawollastoni_XaviAlonso4-1-300x169.jpg 300w, https:\/\/www.coralcheck.com\/guia-de-especies\/wp-content\/uploads\/2025\/09\/Antipathellawollastoni_XaviAlonso4-1-1024x576.jpg 1024w, https:\/\/www.coralcheck.com\/guia-de-especies\/wp-content\/uploads\/2025\/09\/Antipathellawollastoni_XaviAlonso4-1-768x432.jpg 768w, https:\/\/www.coralcheck.com\/guia-de-especies\/wp-content\/uploads\/2025\/09\/Antipathellawollastoni_XaviAlonso4-1-1536x864.jpg 1536w, https:\/\/www.coralcheck.com\/guia-de-especies\/wp-content\/uploads\/2025\/09\/Antipathellawollastoni_XaviAlonso4-1-2048x1152.jpg 2048w\" sizes=\"(max-width: 2560px) 100vw, 2560px\" \/>\n\n\n\n<figcaption class=\"gb-text gb-text-35f9fd37\"><em>Antipathella wollastoni<\/em>. Foto: Xavi Alonso Bonfill<\/figcaption>\n<\/figure>\n<\/div>\n<\/div>\n\n\n\n<div style=\"height:100px\" aria-hidden=\"true\" class=\"wp-block-spacer\"><\/div>\n","protected":false},"excerpt":{"rendered":"<p>\u00bfQu\u00e9 son los corales? Los corales pertenecen al filo Cnidaria, un grupo diverso de invertebrados marinos que incluye m\u00e1s de 11.000 especies, de las cuales aproximadamente 7.500 son del subfilo Anthozoa, el m\u00e1s numeroso dentro del filo. Los antozoos engloban corales, gorgonias y otros organismos afines, y se caracterizan por presentar exclusivamente fase de p\u00f3lipo &#8230; <a title=\"Introducci\u00f3n a los corales\" class=\"read-more\" href=\"https:\/\/www.coralcheck.com\/guia-de-especies\/introduccion-a-los-corales\/\" aria-label=\"Leer m\u00e1s sobre Introducci\u00f3n a los corales\">Leer m\u00e1s<\/a><\/p>\n","protected":false},"author":1,"featured_media":0,"parent":0,"menu_order":0,"comment_status":"closed","ping_status":"closed","template":"","meta":{"_acf_changed":false,"_sitemap_exclude":false,"_sitemap_priority":"","_sitemap_frequency":"","footnotes":""},"class_list":["post-2869","page","type-page","status-publish"],"acf":[],"yoast_head":"<!-- This site is optimized with the Yoast SEO plugin v27.4 - https:\/\/yoast.com\/product\/yoast-seo-wordpress\/ -->\n<title>Introducci\u00f3n a los corales - CoralCheck<\/title>\n<meta name=\"robots\" content=\"index, follow, max-snippet:-1, max-image-preview:large, max-video-preview:-1\" \/>\n<link rel=\"canonical\" href=\"https:\/\/www.coralcheck.com\/guia-de-especies\/introduccion-a-los-corales\/\" \/>\n<meta property=\"og:locale\" content=\"es_ES\" \/>\n<meta property=\"og:type\" content=\"article\" \/>\n<meta property=\"og:title\" content=\"Introducci\u00f3n a los corales - CoralCheck\" \/>\n<meta property=\"og:description\" content=\"\u00bfQu\u00e9 son los corales? Los corales pertenecen al filo Cnidaria, un grupo diverso de invertebrados marinos que incluye m\u00e1s de 11.000 especies, de las cuales aproximadamente 7.500 son del subfilo Anthozoa, el m\u00e1s numeroso dentro del filo. Los antozoos engloban corales, gorgonias y otros organismos afines, y se caracterizan por presentar exclusivamente fase de p\u00f3lipo ... Leer m\u00e1s\" \/>\n<meta property=\"og:url\" content=\"https:\/\/www.coralcheck.com\/guia-de-especies\/introduccion-a-los-corales\/\" \/>\n<meta property=\"og:site_name\" content=\"CoralCheck\" \/>\n<meta property=\"article:modified_time\" content=\"2025-09-22T08:43:49+00:00\" \/>\n<meta property=\"og:image\" content=\"https:\/\/www.coralcheck.com\/guia-de-especies\/wp-content\/uploads\/2025\/09\/Leptogorgiaruberrima_MaCarmenHoyosRodriguez1.jpg\" \/>\n<meta name=\"twitter:card\" content=\"summary_large_image\" \/>\n<meta name=\"twitter:label1\" content=\"Tiempo de lectura\" \/>\n\t<meta name=\"twitter:data1\" content=\"4 minutos\" \/>\n<script type=\"application\/ld+json\" class=\"yoast-schema-graph\">{\"@context\":\"https:\\\/\\\/schema.org\",\"@graph\":[{\"@type\":\"WebPage\",\"@id\":\"https:\\\/\\\/www.coralcheck.com\\\/guia-de-especies\\\/introduccion-a-los-corales\\\/\",\"url\":\"https:\\\/\\\/www.coralcheck.com\\\/guia-de-especies\\\/introduccion-a-los-corales\\\/\",\"name\":\"Introducci\u00f3n a los corales - CoralCheck\",\"isPartOf\":{\"@id\":\"https:\\\/\\\/www.coralcheck.com\\\/guia-de-especies\\\/#website\"},\"primaryImageOfPage\":{\"@id\":\"https:\\\/\\\/www.coralcheck.com\\\/guia-de-especies\\\/introduccion-a-los-corales\\\/#primaryimage\"},\"image\":{\"@id\":\"https:\\\/\\\/www.coralcheck.com\\\/guia-de-especies\\\/introduccion-a-los-corales\\\/#primaryimage\"},\"thumbnailUrl\":\"https:\\\/\\\/www.coralcheck.com\\\/guia-de-especies\\\/wp-content\\\/uploads\\\/2025\\\/09\\\/Leptogorgiaruberrima_MaCarmenHoyosRodriguez1.jpg\",\"datePublished\":\"2025-08-10T09:47:01+00:00\",\"dateModified\":\"2025-09-22T08:43:49+00:00\",\"breadcrumb\":{\"@id\":\"https:\\\/\\\/www.coralcheck.com\\\/guia-de-especies\\\/introduccion-a-los-corales\\\/#breadcrumb\"},\"inLanguage\":\"es\",\"potentialAction\":[{\"@type\":\"ReadAction\",\"target\":[\"https:\\\/\\\/www.coralcheck.com\\\/guia-de-especies\\\/introduccion-a-los-corales\\\/\"]}]},{\"@type\":\"ImageObject\",\"inLanguage\":\"es\",\"@id\":\"https:\\\/\\\/www.coralcheck.com\\\/guia-de-especies\\\/introduccion-a-los-corales\\\/#primaryimage\",\"url\":\"https:\\\/\\\/www.coralcheck.com\\\/guia-de-especies\\\/wp-content\\\/uploads\\\/2025\\\/09\\\/Leptogorgiaruberrima_MaCarmenHoyosRodriguez1.jpg\",\"contentUrl\":\"https:\\\/\\\/www.coralcheck.com\\\/guia-de-especies\\\/wp-content\\\/uploads\\\/2025\\\/09\\\/Leptogorgiaruberrima_MaCarmenHoyosRodriguez1.jpg\",\"width\":2220,\"height\":1775},{\"@type\":\"BreadcrumbList\",\"@id\":\"https:\\\/\\\/www.coralcheck.com\\\/guia-de-especies\\\/introduccion-a-los-corales\\\/#breadcrumb\",\"itemListElement\":[{\"@type\":\"ListItem\",\"position\":1,\"name\":\"Portada\",\"item\":\"https:\\\/\\\/www.coralcheck.com\\\/guia-de-especies\\\/\"},{\"@type\":\"ListItem\",\"position\":2,\"name\":\"Introducci\u00f3n a los corales\"}]},{\"@type\":\"WebSite\",\"@id\":\"https:\\\/\\\/www.coralcheck.com\\\/guia-de-especies\\\/#website\",\"url\":\"https:\\\/\\\/www.coralcheck.com\\\/guia-de-especies\\\/\",\"name\":\"CoralCheck\",\"description\":\"Gu\u00eda visual y offline de corales y ambientes del Atl\u00e1ntico\",\"publisher\":{\"@id\":\"https:\\\/\\\/www.coralcheck.com\\\/guia-de-especies\\\/#organization\"},\"potentialAction\":[{\"@type\":\"SearchAction\",\"target\":{\"@type\":\"EntryPoint\",\"urlTemplate\":\"https:\\\/\\\/www.coralcheck.com\\\/guia-de-especies\\\/?s={search_term_string}\"},\"query-input\":{\"@type\":\"PropertyValueSpecification\",\"valueRequired\":true,\"valueName\":\"search_term_string\"}}],\"inLanguage\":\"es\"},{\"@type\":\"Organization\",\"@id\":\"https:\\\/\\\/www.coralcheck.com\\\/guia-de-especies\\\/#organization\",\"name\":\"CoralCheck\",\"url\":\"https:\\\/\\\/www.coralcheck.com\\\/guia-de-especies\\\/\",\"logo\":{\"@type\":\"ImageObject\",\"inLanguage\":\"es\",\"@id\":\"https:\\\/\\\/www.coralcheck.com\\\/guia-de-especies\\\/#\\\/schema\\\/logo\\\/image\\\/\",\"url\":\"https:\\\/\\\/www.coralcheck.com\\\/guia-de-especies\\\/wp-content\\\/uploads\\\/2025\\\/08\\\/cropped-cropped-Header-logo-1.png\",\"contentUrl\":\"https:\\\/\\\/www.coralcheck.com\\\/guia-de-especies\\\/wp-content\\\/uploads\\\/2025\\\/08\\\/cropped-cropped-Header-logo-1.png\",\"width\":486,\"height\":150,\"caption\":\"CoralCheck\"},\"image\":{\"@id\":\"https:\\\/\\\/www.coralcheck.com\\\/guia-de-especies\\\/#\\\/schema\\\/logo\\\/image\\\/\"}}]}<\/script>\n<!-- \/ Yoast SEO plugin. -->","yoast_head_json":{"title":"Introducci\u00f3n a los corales - CoralCheck","robots":{"index":"index","follow":"follow","max-snippet":"max-snippet:-1","max-image-preview":"max-image-preview:large","max-video-preview":"max-video-preview:-1"},"canonical":"https:\/\/www.coralcheck.com\/guia-de-especies\/introduccion-a-los-corales\/","og_locale":"es_ES","og_type":"article","og_title":"Introducci\u00f3n a los corales - CoralCheck","og_description":"\u00bfQu\u00e9 son los corales? Los corales pertenecen al filo Cnidaria, un grupo diverso de invertebrados marinos que incluye m\u00e1s de 11.000 especies, de las cuales aproximadamente 7.500 son del subfilo Anthozoa, el m\u00e1s numeroso dentro del filo. Los antozoos engloban corales, gorgonias y otros organismos afines, y se caracterizan por presentar exclusivamente fase de p\u00f3lipo ... Leer m\u00e1s","og_url":"https:\/\/www.coralcheck.com\/guia-de-especies\/introduccion-a-los-corales\/","og_site_name":"CoralCheck","article_modified_time":"2025-09-22T08:43:49+00:00","og_image":[{"url":"https:\/\/www.coralcheck.com\/guia-de-especies\/wp-content\/uploads\/2025\/09\/Leptogorgiaruberrima_MaCarmenHoyosRodriguez1.jpg","type":"","width":"","height":""}],"twitter_card":"summary_large_image","twitter_misc":{"Tiempo de lectura":"4 minutos"},"schema":{"@context":"https:\/\/schema.org","@graph":[{"@type":"WebPage","@id":"https:\/\/www.coralcheck.com\/guia-de-especies\/introduccion-a-los-corales\/","url":"https:\/\/www.coralcheck.com\/guia-de-especies\/introduccion-a-los-corales\/","name":"Introducci\u00f3n a los corales - CoralCheck","isPartOf":{"@id":"https:\/\/www.coralcheck.com\/guia-de-especies\/#website"},"primaryImageOfPage":{"@id":"https:\/\/www.coralcheck.com\/guia-de-especies\/introduccion-a-los-corales\/#primaryimage"},"image":{"@id":"https:\/\/www.coralcheck.com\/guia-de-especies\/introduccion-a-los-corales\/#primaryimage"},"thumbnailUrl":"https:\/\/www.coralcheck.com\/guia-de-especies\/wp-content\/uploads\/2025\/09\/Leptogorgiaruberrima_MaCarmenHoyosRodriguez1.jpg","datePublished":"2025-08-10T09:47:01+00:00","dateModified":"2025-09-22T08:43:49+00:00","breadcrumb":{"@id":"https:\/\/www.coralcheck.com\/guia-de-especies\/introduccion-a-los-corales\/#breadcrumb"},"inLanguage":"es","potentialAction":[{"@type":"ReadAction","target":["https:\/\/www.coralcheck.com\/guia-de-especies\/introduccion-a-los-corales\/"]}]},{"@type":"ImageObject","inLanguage":"es","@id":"https:\/\/www.coralcheck.com\/guia-de-especies\/introduccion-a-los-corales\/#primaryimage","url":"https:\/\/www.coralcheck.com\/guia-de-especies\/wp-content\/uploads\/2025\/09\/Leptogorgiaruberrima_MaCarmenHoyosRodriguez1.jpg","contentUrl":"https:\/\/www.coralcheck.com\/guia-de-especies\/wp-content\/uploads\/2025\/09\/Leptogorgiaruberrima_MaCarmenHoyosRodriguez1.jpg","width":2220,"height":1775},{"@type":"BreadcrumbList","@id":"https:\/\/www.coralcheck.com\/guia-de-especies\/introduccion-a-los-corales\/#breadcrumb","itemListElement":[{"@type":"ListItem","position":1,"name":"Portada","item":"https:\/\/www.coralcheck.com\/guia-de-especies\/"},{"@type":"ListItem","position":2,"name":"Introducci\u00f3n a los corales"}]},{"@type":"WebSite","@id":"https:\/\/www.coralcheck.com\/guia-de-especies\/#website","url":"https:\/\/www.coralcheck.com\/guia-de-especies\/","name":"CoralCheck","description":"Gu\u00eda visual y offline de corales y ambientes del Atl\u00e1ntico","publisher":{"@id":"https:\/\/www.coralcheck.com\/guia-de-especies\/#organization"},"potentialAction":[{"@type":"SearchAction","target":{"@type":"EntryPoint","urlTemplate":"https:\/\/www.coralcheck.com\/guia-de-especies\/?s={search_term_string}"},"query-input":{"@type":"PropertyValueSpecification","valueRequired":true,"valueName":"search_term_string"}}],"inLanguage":"es"},{"@type":"Organization","@id":"https:\/\/www.coralcheck.com\/guia-de-especies\/#organization","name":"CoralCheck","url":"https:\/\/www.coralcheck.com\/guia-de-especies\/","logo":{"@type":"ImageObject","inLanguage":"es","@id":"https:\/\/www.coralcheck.com\/guia-de-especies\/#\/schema\/logo\/image\/","url":"https:\/\/www.coralcheck.com\/guia-de-especies\/wp-content\/uploads\/2025\/08\/cropped-cropped-Header-logo-1.png","contentUrl":"https:\/\/www.coralcheck.com\/guia-de-especies\/wp-content\/uploads\/2025\/08\/cropped-cropped-Header-logo-1.png","width":486,"height":150,"caption":"CoralCheck"},"image":{"@id":"https:\/\/www.coralcheck.com\/guia-de-especies\/#\/schema\/logo\/image\/"}}]}},"_links":{"self":[{"href":"https:\/\/www.coralcheck.com\/guia-de-especies\/wp-json\/wp\/v2\/pages\/2869","targetHints":{"allow":["GET"]}}],"collection":[{"href":"https:\/\/www.coralcheck.com\/guia-de-especies\/wp-json\/wp\/v2\/pages"}],"about":[{"href":"https:\/\/www.coralcheck.com\/guia-de-especies\/wp-json\/wp\/v2\/types\/page"}],"author":[{"embeddable":true,"href":"https:\/\/www.coralcheck.com\/guia-de-especies\/wp-json\/wp\/v2\/users\/1"}],"replies":[{"embeddable":true,"href":"https:\/\/www.coralcheck.com\/guia-de-especies\/wp-json\/wp\/v2\/comments?post=2869"}],"version-history":[{"count":23,"href":"https:\/\/www.coralcheck.com\/guia-de-especies\/wp-json\/wp\/v2\/pages\/2869\/revisions"}],"predecessor-version":[{"id":3091,"href":"https:\/\/www.coralcheck.com\/guia-de-especies\/wp-json\/wp\/v2\/pages\/2869\/revisions\/3091"}],"wp:attachment":[{"href":"https:\/\/www.coralcheck.com\/guia-de-especies\/wp-json\/wp\/v2\/media?parent=2869"}],"curies":[{"name":"wp","href":"https:\/\/api.w.org\/{rel}","templated":true}]}}