{"id":1157,"date":"2025-06-04T09:16:19","date_gmt":"2025-06-04T09:16:19","guid":{"rendered":"https:\/\/www.coralcheck.com\/guia-de-especies\/?page_id=1157"},"modified":"2025-06-11T08:06:49","modified_gmt":"2025-06-11T08:06:49","slug":"octorallia_incertae_sedis","status":"publish","type":"page","link":"https:\/\/www.coralcheck.com\/guia-de-especies\/octorallia_incertae_sedis\/","title":{"rendered":"Octorallia Incertae Sedis"},"content":{"rendered":"\n<div style=\"height:100px\" aria-hidden=\"true\" class=\"wp-block-spacer\"><\/div>\n\n\n\n<div class=\"gb-element-08cd4726 contenedor-montserrat\">\n<div><\/div>\n\n\n\n<div class=\"gb-element-fdf76482\">\n<p>Grupo provisional dentro de la clase Octocorallia, utilizado por WoRMS para incluir g\u00e9neros cuya posici\u00f3n taxon\u00f3mica a nivel de orden a\u00fan no ha sido resuelta.<\/p>\n<\/div>\n\n\n\n<div><\/div>\n<\/div>\n\n\n\n<div style=\"height:382px\" aria-hidden=\"true\" class=\"wp-block-spacer\"><\/div>\n","protected":false},"excerpt":{"rendered":"<p>Grupo provisional dentro de la clase Octocorallia, utilizado por WoRMS para incluir g\u00e9neros cuya posici\u00f3n taxon\u00f3mica a nivel de orden a\u00fan no ha sido resuelta.<\/p>\n","protected":false},"author":1,"featured_media":0,"parent":0,"menu_order":0,"comment_status":"closed","ping_status":"closed","template":"","meta":{"_acf_changed":false,"_sitemap_exclude":false,"_sitemap_priority":"","_sitemap_frequency":"","footnotes":""},"class_list":["post-1157","page","type-page","status-publish"],"acf":[],"yoast_head":"<!-- This site is optimized with the Yoast SEO plugin v27.4 - https:\/\/yoast.com\/product\/yoast-seo-wordpress\/ -->\n<title>Octorallia Incertae Sedis - CoralCheck<\/title>\n<meta name=\"robots\" content=\"index, follow, max-snippet:-1, max-image-preview:large, max-video-preview:-1\" \/>\n<link rel=\"canonical\" href=\"https:\/\/www.coralcheck.com\/guia-de-especies\/octorallia_incertae_sedis\/\" \/>\n<meta property=\"og:locale\" content=\"es_ES\" \/>\n<meta property=\"og:type\" content=\"article\" \/>\n<meta property=\"og:title\" content=\"Octorallia Incertae Sedis - CoralCheck\" \/>\n<meta property=\"og:description\" content=\"Grupo provisional dentro de la clase Octocorallia, utilizado por WoRMS para incluir g\u00e9neros cuya posici\u00f3n taxon\u00f3mica a nivel de orden a\u00fan no ha sido resuelta.\" \/>\n<meta property=\"og:url\" content=\"https:\/\/www.coralcheck.com\/guia-de-especies\/octorallia_incertae_sedis\/\" \/>\n<meta property=\"og:site_name\" content=\"CoralCheck\" \/>\n<meta property=\"article:modified_time\" content=\"2025-06-11T08:06:49+00:00\" \/>\n<meta name=\"twitter:card\" content=\"summary_large_image\" \/>\n<script type=\"application\/ld+json\" class=\"yoast-schema-graph\">{\"@context\":\"https:\\\/\\\/schema.org\",\"@graph\":[{\"@type\":\"WebPage\",\"@id\":\"https:\\\/\\\/www.coralcheck.com\\\/guia-de-especies\\\/octorallia_incertae_sedis\\\/\",\"url\":\"https:\\\/\\\/www.coralcheck.com\\\/guia-de-especies\\\/octorallia_incertae_sedis\\\/\",\"name\":\"Octorallia Incertae Sedis - CoralCheck\",\"isPartOf\":{\"@id\":\"https:\\\/\\\/www.coralcheck.com\\\/guia-de-especies\\\/#website\"},\"datePublished\":\"2025-06-04T09:16:19+00:00\",\"dateModified\":\"2025-06-11T08:06:49+00:00\",\"breadcrumb\":{\"@id\":\"https:\\\/\\\/www.coralcheck.com\\\/guia-de-especies\\\/octorallia_incertae_sedis\\\/#breadcrumb\"},\"inLanguage\":\"es\",\"potentialAction\":[{\"@type\":\"ReadAction\",\"target\":[\"https:\\\/\\\/www.coralcheck.com\\\/guia-de-especies\\\/octorallia_incertae_sedis\\\/\"]}]},{\"@type\":\"BreadcrumbList\",\"@id\":\"https:\\\/\\\/www.coralcheck.com\\\/guia-de-especies\\\/octorallia_incertae_sedis\\\/#breadcrumb\",\"itemListElement\":[{\"@type\":\"ListItem\",\"position\":1,\"name\":\"Portada\",\"item\":\"https:\\\/\\\/www.coralcheck.com\\\/guia-de-especies\\\/\"},{\"@type\":\"ListItem\",\"position\":2,\"name\":\"Octorallia Incertae Sedis\"}]},{\"@type\":\"WebSite\",\"@id\":\"https:\\\/\\\/www.coralcheck.com\\\/guia-de-especies\\\/#website\",\"url\":\"https:\\\/\\\/www.coralcheck.com\\\/guia-de-especies\\\/\",\"name\":\"CoralCheck\",\"description\":\"Gu\u00eda visual y offline de corales y ambientes del Atl\u00e1ntico\",\"publisher\":{\"@id\":\"https:\\\/\\\/www.coralcheck.com\\\/guia-de-especies\\\/#organization\"},\"potentialAction\":[{\"@type\":\"SearchAction\",\"target\":{\"@type\":\"EntryPoint\",\"urlTemplate\":\"https:\\\/\\\/www.coralcheck.com\\\/guia-de-especies\\\/?s={search_term_string}\"},\"query-input\":{\"@type\":\"PropertyValueSpecification\",\"valueRequired\":true,\"valueName\":\"search_term_string\"}}],\"inLanguage\":\"es\"},{\"@type\":\"Organization\",\"@id\":\"https:\\\/\\\/www.coralcheck.com\\\/guia-de-especies\\\/#organization\",\"name\":\"CoralCheck\",\"url\":\"https:\\\/\\\/www.coralcheck.com\\\/guia-de-especies\\\/\",\"logo\":{\"@type\":\"ImageObject\",\"inLanguage\":\"es\",\"@id\":\"https:\\\/\\\/www.coralcheck.com\\\/guia-de-especies\\\/#\\\/schema\\\/logo\\\/image\\\/\",\"url\":\"https:\\\/\\\/www.coralcheck.com\\\/guia-de-especies\\\/wp-content\\\/uploads\\\/2025\\\/08\\\/cropped-cropped-Header-logo-1.png\",\"contentUrl\":\"https:\\\/\\\/www.coralcheck.com\\\/guia-de-especies\\\/wp-content\\\/uploads\\\/2025\\\/08\\\/cropped-cropped-Header-logo-1.png\",\"width\":486,\"height\":150,\"caption\":\"CoralCheck\"},\"image\":{\"@id\":\"https:\\\/\\\/www.coralcheck.com\\\/guia-de-especies\\\/#\\\/schema\\\/logo\\\/image\\\/\"}}]}<\/script>\n<!-- \/ Yoast SEO plugin. -->","yoast_head_json":{"title":"Octorallia Incertae Sedis - CoralCheck","robots":{"index":"index","follow":"follow","max-snippet":"max-snippet:-1","max-image-preview":"max-image-preview:large","max-video-preview":"max-video-preview:-1"},"canonical":"https:\/\/www.coralcheck.com\/guia-de-especies\/octorallia_incertae_sedis\/","og_locale":"es_ES","og_type":"article","og_title":"Octorallia Incertae Sedis - CoralCheck","og_description":"Grupo provisional dentro de la clase Octocorallia, utilizado por WoRMS para incluir g\u00e9neros cuya posici\u00f3n taxon\u00f3mica a nivel de orden a\u00fan no ha sido resuelta.","og_url":"https:\/\/www.coralcheck.com\/guia-de-especies\/octorallia_incertae_sedis\/","og_site_name":"CoralCheck","article_modified_time":"2025-06-11T08:06:49+00:00","twitter_card":"summary_large_image","schema":{"@context":"https:\/\/schema.org","@graph":[{"@type":"WebPage","@id":"https:\/\/www.coralcheck.com\/guia-de-especies\/octorallia_incertae_sedis\/","url":"https:\/\/www.coralcheck.com\/guia-de-especies\/octorallia_incertae_sedis\/","name":"Octorallia Incertae Sedis - CoralCheck","isPartOf":{"@id":"https:\/\/www.coralcheck.com\/guia-de-especies\/#website"},"datePublished":"2025-06-04T09:16:19+00:00","dateModified":"2025-06-11T08:06:49+00:00","breadcrumb":{"@id":"https:\/\/www.coralcheck.com\/guia-de-especies\/octorallia_incertae_sedis\/#breadcrumb"},"inLanguage":"es","potentialAction":[{"@type":"ReadAction","target":["https:\/\/www.coralcheck.com\/guia-de-especies\/octorallia_incertae_sedis\/"]}]},{"@type":"BreadcrumbList","@id":"https:\/\/www.coralcheck.com\/guia-de-especies\/octorallia_incertae_sedis\/#breadcrumb","itemListElement":[{"@type":"ListItem","position":1,"name":"Portada","item":"https:\/\/www.coralcheck.com\/guia-de-especies\/"},{"@type":"ListItem","position":2,"name":"Octorallia Incertae Sedis"}]},{"@type":"WebSite","@id":"https:\/\/www.coralcheck.com\/guia-de-especies\/#website","url":"https:\/\/www.coralcheck.com\/guia-de-especies\/","name":"CoralCheck","description":"Gu\u00eda visual y offline de corales y ambientes del Atl\u00e1ntico","publisher":{"@id":"https:\/\/www.coralcheck.com\/guia-de-especies\/#organization"},"potentialAction":[{"@type":"SearchAction","target":{"@type":"EntryPoint","urlTemplate":"https:\/\/www.coralcheck.com\/guia-de-especies\/?s={search_term_string}"},"query-input":{"@type":"PropertyValueSpecification","valueRequired":true,"valueName":"search_term_string"}}],"inLanguage":"es"},{"@type":"Organization","@id":"https:\/\/www.coralcheck.com\/guia-de-especies\/#organization","name":"CoralCheck","url":"https:\/\/www.coralcheck.com\/guia-de-especies\/","logo":{"@type":"ImageObject","inLanguage":"es","@id":"https:\/\/www.coralcheck.com\/guia-de-especies\/#\/schema\/logo\/image\/","url":"https:\/\/www.coralcheck.com\/guia-de-especies\/wp-content\/uploads\/2025\/08\/cropped-cropped-Header-logo-1.png","contentUrl":"https:\/\/www.coralcheck.com\/guia-de-especies\/wp-content\/uploads\/2025\/08\/cropped-cropped-Header-logo-1.png","width":486,"height":150,"caption":"CoralCheck"},"image":{"@id":"https:\/\/www.coralcheck.com\/guia-de-especies\/#\/schema\/logo\/image\/"}}]}},"_links":{"self":[{"href":"https:\/\/www.coralcheck.com\/guia-de-especies\/wp-json\/wp\/v2\/pages\/1157","targetHints":{"allow":["GET"]}}],"collection":[{"href":"https:\/\/www.coralcheck.com\/guia-de-especies\/wp-json\/wp\/v2\/pages"}],"about":[{"href":"https:\/\/www.coralcheck.com\/guia-de-especies\/wp-json\/wp\/v2\/types\/page"}],"author":[{"embeddable":true,"href":"https:\/\/www.coralcheck.com\/guia-de-especies\/wp-json\/wp\/v2\/users\/1"}],"replies":[{"embeddable":true,"href":"https:\/\/www.coralcheck.com\/guia-de-especies\/wp-json\/wp\/v2\/comments?post=1157"}],"version-history":[{"count":6,"href":"https:\/\/www.coralcheck.com\/guia-de-especies\/wp-json\/wp\/v2\/pages\/1157\/revisions"}],"predecessor-version":[{"id":1909,"href":"https:\/\/www.coralcheck.com\/guia-de-especies\/wp-json\/wp\/v2\/pages\/1157\/revisions\/1909"}],"wp:attachment":[{"href":"https:\/\/www.coralcheck.com\/guia-de-especies\/wp-json\/wp\/v2\/media?parent=1157"}],"curies":[{"name":"wp","href":"https:\/\/api.w.org\/{rel}","templated":true}]}}